{"id":8514,"date":"2023-03-04T12:46:51","date_gmt":"2023-03-04T11:46:51","guid":{"rendered":"https:\/\/dogsome.dk\/ueber-uns\/"},"modified":"2025-08-15T23:19:52","modified_gmt":"2025-08-15T21:19:52","slug":"ueber-uns","status":"publish","type":"page","link":"https:\/\/dogsome.dk\/de\/ueber-uns\/","title":{"rendered":"\u00dcber uns"},"content":{"rendered":"<p>[et_pb_section fb_built=&#8220;1&#8243; _builder_version=&#8220;4.20.0&#8243; _dynamic_attributes=&#8220;background_image&#8220; _module_preset=&#8220;default&#8220; use_background_color_gradient=&#8220;on&#8220; background_color_gradient_stops=&#8220;rgba(127,132,111,0.9) 0%|rgba(127,132,111,0.9) 100%&#8220; background_color_gradient_overlays_image=&#8220;on&#8220; background_image=&#8220;@ET-DC@eyJkeW5hbWljIjp0cnVlLCJjb250ZW50IjoicG9zdF9mZWF0dXJlZF9pbWFnZSIsInNldHRpbmdzIjp7fX0=@&#8220; global_colors_info=&#8220;{}&#8220;][et_pb_row _builder_version=&#8220;4.20.0&#8243; _module_preset=&#8220;default&#8220; global_colors_info=&#8220;{}&#8220;][et_pb_column type=&#8220;4_4&#8243; _builder_version=&#8220;4.20.0&#8243; _module_preset=&#8220;default&#8220; global_colors_info=&#8220;{}&#8220;][et_pb_text _builder_version=&#8220;4.20.0&#8243; _dynamic_attributes=&#8220;content&#8220; _module_preset=&#8220;default&#8220; text_font=&#8220;|800|||||||&#8220; background_layout=&#8220;dark&#8220; global_colors_info=&#8220;{}&#8220;]@ET-DC@eyJkeW5hbWljIjp0cnVlLCJjb250ZW50IjoicG9zdF90aXRsZSIsInNldHRpbmdzIjp7ImJlZm9yZSI6IjxoMSBzdHlsZT1cImZvbnQtd2VpZ2h0OjkwMFwiPiIsImFmdGVyIjoiPFwvaDE+In19@[\/et_pb_text][\/et_pb_column][\/et_pb_row][\/et_pb_section][et_pb_section fb_built=&#8220;1&#8243; _builder_version=&#8220;4.16&#8243; global_colors_info=&#8220;{}&#8220;][et_pb_row _builder_version=&#8220;4.16&#8243; background_size=&#8220;initial&#8220; background_position=&#8220;top_left&#8220; background_repeat=&#8220;repeat&#8220; global_colors_info=&#8220;{}&#8220;][et_pb_column type=&#8220;4_4&#8243; _builder_version=&#8220;4.16&#8243; custom_padding=&#8220;|||&#8220; global_colors_info=&#8220;{}&#8220; custom_padding__hover=&#8220;|||&#8220;][et_pb_text _builder_version=&#8220;4.20.0&#8243; _module_preset=&#8220;default&#8220; hover_enabled=&#8220;0&#8243; global_colors_info=&#8220;{}&#8220; sticky_enabled=&#8220;0&#8243;]<\/p>\n<h2>\u00dcber Dogsome<\/h2>\n<p>Dogsome ist d\u00e4nische Kleidung f\u00fcr Outdoor-Leute. Wir sind spezialisiert auf Qualit\u00e4t, Funktionalit\u00e4t und Design.<\/p>\n<p>Die Frau hinter dem Unternehmen ist Lonni Libenholt, die auch die t\u00e4gliche Managerin des Unternehmens ist.<\/p>\n<p>Das Konzept hinter Dogsome basiert auf Lonnis aktiver Freizeit, die Folgendes umfasst: Hundetraining, Unterwasserjagd, Kanu- \/ Kajakfahren, Mountainbiken, Wandern und Erholung im Freien.<\/p>\n<p>Die Kleidung wird daher auf der Grundlage eigener Erfahrungen in dem oben genannten Bereich sowie eigener Kreativit\u00e4t und Ideen f\u00fcr Outdoor-Bekleidung kreiert und entwickelt, die es ein wenig mehr Spa\u00df machen, sich in der Natur zu engagieren.<\/p>\n<p>Unsere Vision:<\/p>\n<p>Hochwertige Kleidung, mit Fokus auf Funktion und Design, zu nachhaltig g\u00fcnstigen Preisen.<\/p>\n<p>[\/et_pb_text][\/et_pb_column][\/et_pb_row][et_pb_row _builder_version=&#8220;4.20.0&#8243; _module_preset=&#8220;default&#8220; column_structure=&#8220;1_3,1_3,1_3&#8243;][et_pb_column _builder_version=&#8220;4.20.0&#8243; _module_preset=&#8220;default&#8220; type=&#8220;1_3&#8243;][et_pb_blurb title=&#8220;Lonni Libenholt&#8220; image=&#8220;https:\/\/dogsome.dk\/wp-content\/uploads\/2023\/03\/lonnie.png&#8220; _builder_version=&#8220;4.20.0&#8243; _module_preset=&#8220;default&#8220; title_text=&#8220;lonnie&#8220; hover_enabled=&#8220;0&#8243; sticky_enabled=&#8220;0&#8243;]Inhaber, Marketing &amp; Vertrieb[\/et_pb_blurb][\/et_pb_column][et_pb_column _builder_version=&#8220;4.20.0&#8243; _module_preset=&#8220;default&#8220; type=&#8220;1_3&#8243;][et_pb_blurb title=&#8220;Mannschaft&#8220; image=&#8220;https:\/\/dogsome.dk\/wp-content\/uploads\/2023\/03\/holdet.png&#8220; _builder_version=&#8220;4.20.0&#8243; _module_preset=&#8220;default&#8220; title_text=&#8220;holdet&#8220; hover_enabled=&#8220;0&#8243; sticky_enabled=&#8220;0&#8243;]Wir hinter Dogsome[\/et_pb_blurb][\/et_pb_column][et_pb_column _builder_version=&#8220;4.20.0&#8243; _module_preset=&#8220;default&#8220; type=&#8220;1_3&#8243;][et_pb_blurb title=&#8220;Dan Styver&#8220; image=&#8220;https:\/\/dogsome.dk\/wp-content\/uploads\/2023\/03\/danse.png&#8220; _builder_version=&#8220;4.20.0&#8243; _module_preset=&#8220;default&#8220; title_text=&#8220;danse&#8220; hover_enabled=&#8220;0&#8243; sticky_enabled=&#8220;0&#8243;]Web, Design[\/et_pb_blurb][\/et_pb_column][\/et_pb_row][et_pb_row _builder_version=&#8220;4.20.0&#8243; _module_preset=&#8220;default&#8220; column_structure=&#8220;1_3,1_3,1_3&#8243; custom_margin=&#8220;50px||||false|false&#8220; hover_enabled=&#8220;0&#8243; sticky_enabled=&#8220;0&#8243;][et_pb_column _builder_version=&#8220;4.20.0&#8243; _module_preset=&#8220;default&#8220; type=&#8220;1_3&#8243;][\/et_pb_column][et_pb_column _builder_version=&#8220;4.20.0&#8243; _module_preset=&#8220;default&#8220; type=&#8220;1_3&#8243;][et_pb_text _builder_version=&#8220;4.20.0&#8243; _module_preset=&#8220;default&#8220; text_orientation=&#8220;center&#8220; hover_enabled=&#8220;0&#8243; sticky_enabled=&#8220;0&#8243;]<\/p>\n<h2>Folgen Sie uns<\/h2>\n<p>[\/et_pb_text][et_pb_icon _builder_version=&#8220;4.20.0&#8243; _module_preset=&#8220;default&#8220; font_icon=&#8220;&#xe0aa;||divi||400&#8243; url=&#8220;https:\/\/www.facebook.com\/dogsome.dk&#8220; url_new_window=&#8220;on&#8220; hover_enabled=&#8220;0&#8243; sticky_enabled=&#8220;0&#8243; custom_css_main_element=&#8220;float:left;||margin:25px;&#8220;][\/et_pb_icon][et_pb_icon _builder_version=&#8220;4.20.0&#8243; _module_preset=&#8220;default&#8220; font_icon=&#8220;&#xe0b1;||divi||400&#8243; url=&#8220;https:\/\/www.instagram.com\/dogsome.dk\/?hl=en&#8220; url_new_window=&#8220;on&#8220; hover_enabled=&#8220;0&#8243; sticky_enabled=&#8220;0&#8243; custom_css_main_element=&#8220;float:right;||margin:25px;&#8220;][\/et_pb_icon][\/et_pb_column][et_pb_column _builder_version=&#8220;4.20.0&#8243; _module_preset=&#8220;default&#8220; type=&#8220;1_3&#8243;][\/et_pb_column][\/et_pb_row][\/et_pb_section]<\/p>\n","protected":false},"excerpt":{"rendered":"<p>\u00dcber Dogsome Dogsome ist d\u00e4nische Kleidung f\u00fcr Outdoor-Leute. Wir sind spezialisiert auf Qualit\u00e4t, Funktionalit\u00e4t und Design. Die Frau hinter dem Unternehmen ist Lonni Libenholt, die auch die t\u00e4gliche Managerin des Unternehmens ist. Das Konzept hinter Dogsome basiert auf Lonnis aktiver Freizeit, die Folgendes umfasst: Hundetraining, Unterwasserjagd, Kanu- \/ Kajakfahren, Mountainbiken, Wandern und Erholung im Freien. [&hellip;]<\/p>\n","protected":false},"author":2,"featured_media":8139,"parent":0,"menu_order":0,"comment_status":"closed","ping_status":"closed","template":"","meta":{"_et_pb_use_builder":"on","_et_pb_old_content":"","_et_gb_content_width":"","footnotes":""},"class_list":["post-8514","page","type-page","status-publish","has-post-thumbnail","hentry"],"yoast_head":"<!-- This site is optimized with the Yoast SEO plugin v27.4 - https:\/\/yoast.com\/product\/yoast-seo-wordpress\/ -->\n<title>\u00dcber uns - dogsome.dk<\/title>\n<meta name=\"robots\" content=\"index, follow, max-snippet:-1, max-image-preview:large, max-video-preview:-1\" \/>\n<link rel=\"canonical\" href=\"https:\/\/dogsome.dk\/de\/ueber-uns\/\" \/>\n<meta property=\"og:locale\" content=\"de_DE\" \/>\n<meta property=\"og:type\" content=\"article\" \/>\n<meta property=\"og:title\" content=\"\u00dcber uns - dogsome.dk\" \/>\n<meta property=\"og:description\" content=\"\u00dcber Dogsome Dogsome ist d\u00e4nische Kleidung f\u00fcr Outdoor-Leute. Wir sind spezialisiert auf Qualit\u00e4t, Funktionalit\u00e4t und Design. Die Frau hinter dem Unternehmen ist Lonni Libenholt, die auch die t\u00e4gliche Managerin des Unternehmens ist. Das Konzept hinter Dogsome basiert auf Lonnis aktiver Freizeit, die Folgendes umfasst: Hundetraining, Unterwasserjagd, Kanu- \/ Kajakfahren, Mountainbiken, Wandern und Erholung im Freien. [&hellip;]\" \/>\n<meta property=\"og:url\" content=\"https:\/\/dogsome.dk\/de\/ueber-uns\/\" \/>\n<meta property=\"og:site_name\" content=\"dogsome.dk\" \/>\n<meta property=\"article:modified_time\" content=\"2025-08-15T21:19:52+00:00\" \/>\n<meta property=\"og:image\" content=\"https:\/\/dogsome.dk\/wp-content\/uploads\/2023\/02\/louis-maniquet-71QXQUSC_Do-unsplash-scaled-1.jpg\" \/>\n\t<meta property=\"og:image:width\" content=\"1707\" \/>\n\t<meta property=\"og:image:height\" content=\"919\" \/>\n\t<meta property=\"og:image:type\" content=\"image\/jpeg\" \/>\n<meta name=\"twitter:card\" content=\"summary_large_image\" \/>\n<meta name=\"twitter:label1\" content=\"Gesch\u00e4tzte Lesezeit\" \/>\n\t<meta name=\"twitter:data1\" content=\"3\u00a0Minuten\" \/>\n<script type=\"application\/ld+json\" class=\"yoast-schema-graph\">{\"@context\":\"https:\\\/\\\/schema.org\",\"@graph\":[{\"@type\":\"WebPage\",\"@id\":\"https:\\\/\\\/dogsome.dk\\\/de\\\/ueber-uns\\\/\",\"url\":\"https:\\\/\\\/dogsome.dk\\\/de\\\/ueber-uns\\\/\",\"name\":\"\u00dcber uns - dogsome.dk\",\"isPartOf\":{\"@id\":\"https:\\\/\\\/dogsome.dk\\\/#website\"},\"primaryImageOfPage\":{\"@id\":\"https:\\\/\\\/dogsome.dk\\\/de\\\/ueber-uns\\\/#primaryimage\"},\"image\":{\"@id\":\"https:\\\/\\\/dogsome.dk\\\/de\\\/ueber-uns\\\/#primaryimage\"},\"thumbnailUrl\":\"https:\\\/\\\/dogsome.dk\\\/wp-content\\\/uploads\\\/2023\\\/02\\\/louis-maniquet-71QXQUSC_Do-unsplash-scaled-1.jpg\",\"datePublished\":\"2023-03-04T11:46:51+00:00\",\"dateModified\":\"2025-08-15T21:19:52+00:00\",\"breadcrumb\":{\"@id\":\"https:\\\/\\\/dogsome.dk\\\/de\\\/ueber-uns\\\/#breadcrumb\"},\"inLanguage\":\"de\",\"potentialAction\":[{\"@type\":\"ReadAction\",\"target\":[\"https:\\\/\\\/dogsome.dk\\\/de\\\/ueber-uns\\\/\"]}]},{\"@type\":\"ImageObject\",\"inLanguage\":\"de\",\"@id\":\"https:\\\/\\\/dogsome.dk\\\/de\\\/ueber-uns\\\/#primaryimage\",\"url\":\"https:\\\/\\\/dogsome.dk\\\/wp-content\\\/uploads\\\/2023\\\/02\\\/louis-maniquet-71QXQUSC_Do-unsplash-scaled-1.jpg\",\"contentUrl\":\"https:\\\/\\\/dogsome.dk\\\/wp-content\\\/uploads\\\/2023\\\/02\\\/louis-maniquet-71QXQUSC_Do-unsplash-scaled-1.jpg\",\"width\":1707,\"height\":919},{\"@type\":\"BreadcrumbList\",\"@id\":\"https:\\\/\\\/dogsome.dk\\\/de\\\/ueber-uns\\\/#breadcrumb\",\"itemListElement\":[{\"@type\":\"ListItem\",\"position\":1,\"name\":\"Hjem\",\"item\":\"https:\\\/\\\/dogsome.dk\\\/de\\\/titelseite\\\/\"},{\"@type\":\"ListItem\",\"position\":2,\"name\":\"\u00dcber uns\"}]},{\"@type\":\"WebSite\",\"@id\":\"https:\\\/\\\/dogsome.dk\\\/#website\",\"url\":\"https:\\\/\\\/dogsome.dk\\\/\",\"name\":\"dogsome.dk\",\"description\":\"\",\"potentialAction\":[{\"@type\":\"SearchAction\",\"target\":{\"@type\":\"EntryPoint\",\"urlTemplate\":\"https:\\\/\\\/dogsome.dk\\\/?s={search_term_string}\"},\"query-input\":{\"@type\":\"PropertyValueSpecification\",\"valueRequired\":true,\"valueName\":\"search_term_string\"}}],\"inLanguage\":\"de\"}]}<\/script>\n<!-- \/ Yoast SEO plugin. -->","yoast_head_json":{"title":"\u00dcber uns - dogsome.dk","robots":{"index":"index","follow":"follow","max-snippet":"max-snippet:-1","max-image-preview":"max-image-preview:large","max-video-preview":"max-video-preview:-1"},"canonical":"https:\/\/dogsome.dk\/de\/ueber-uns\/","og_locale":"de_DE","og_type":"article","og_title":"\u00dcber uns - dogsome.dk","og_description":"\u00dcber Dogsome Dogsome ist d\u00e4nische Kleidung f\u00fcr Outdoor-Leute. Wir sind spezialisiert auf Qualit\u00e4t, Funktionalit\u00e4t und Design. Die Frau hinter dem Unternehmen ist Lonni Libenholt, die auch die t\u00e4gliche Managerin des Unternehmens ist. Das Konzept hinter Dogsome basiert auf Lonnis aktiver Freizeit, die Folgendes umfasst: Hundetraining, Unterwasserjagd, Kanu- \/ Kajakfahren, Mountainbiken, Wandern und Erholung im Freien. [&hellip;]","og_url":"https:\/\/dogsome.dk\/de\/ueber-uns\/","og_site_name":"dogsome.dk","article_modified_time":"2025-08-15T21:19:52+00:00","og_image":[{"width":1707,"height":919,"url":"https:\/\/dogsome.dk\/wp-content\/uploads\/2023\/02\/louis-maniquet-71QXQUSC_Do-unsplash-scaled-1.jpg","type":"image\/jpeg"}],"twitter_card":"summary_large_image","twitter_misc":{"Gesch\u00e4tzte Lesezeit":"3\u00a0Minuten"},"schema":{"@context":"https:\/\/schema.org","@graph":[{"@type":"WebPage","@id":"https:\/\/dogsome.dk\/de\/ueber-uns\/","url":"https:\/\/dogsome.dk\/de\/ueber-uns\/","name":"\u00dcber uns - dogsome.dk","isPartOf":{"@id":"https:\/\/dogsome.dk\/#website"},"primaryImageOfPage":{"@id":"https:\/\/dogsome.dk\/de\/ueber-uns\/#primaryimage"},"image":{"@id":"https:\/\/dogsome.dk\/de\/ueber-uns\/#primaryimage"},"thumbnailUrl":"https:\/\/dogsome.dk\/wp-content\/uploads\/2023\/02\/louis-maniquet-71QXQUSC_Do-unsplash-scaled-1.jpg","datePublished":"2023-03-04T11:46:51+00:00","dateModified":"2025-08-15T21:19:52+00:00","breadcrumb":{"@id":"https:\/\/dogsome.dk\/de\/ueber-uns\/#breadcrumb"},"inLanguage":"de","potentialAction":[{"@type":"ReadAction","target":["https:\/\/dogsome.dk\/de\/ueber-uns\/"]}]},{"@type":"ImageObject","inLanguage":"de","@id":"https:\/\/dogsome.dk\/de\/ueber-uns\/#primaryimage","url":"https:\/\/dogsome.dk\/wp-content\/uploads\/2023\/02\/louis-maniquet-71QXQUSC_Do-unsplash-scaled-1.jpg","contentUrl":"https:\/\/dogsome.dk\/wp-content\/uploads\/2023\/02\/louis-maniquet-71QXQUSC_Do-unsplash-scaled-1.jpg","width":1707,"height":919},{"@type":"BreadcrumbList","@id":"https:\/\/dogsome.dk\/de\/ueber-uns\/#breadcrumb","itemListElement":[{"@type":"ListItem","position":1,"name":"Hjem","item":"https:\/\/dogsome.dk\/de\/titelseite\/"},{"@type":"ListItem","position":2,"name":"\u00dcber uns"}]},{"@type":"WebSite","@id":"https:\/\/dogsome.dk\/#website","url":"https:\/\/dogsome.dk\/","name":"dogsome.dk","description":"","potentialAction":[{"@type":"SearchAction","target":{"@type":"EntryPoint","urlTemplate":"https:\/\/dogsome.dk\/?s={search_term_string}"},"query-input":{"@type":"PropertyValueSpecification","valueRequired":true,"valueName":"search_term_string"}}],"inLanguage":"de"}]}},"_links":{"self":[{"href":"https:\/\/dogsome.dk\/de\/wp-json\/wp\/v2\/pages\/8514","targetHints":{"allow":["GET"]}}],"collection":[{"href":"https:\/\/dogsome.dk\/de\/wp-json\/wp\/v2\/pages"}],"about":[{"href":"https:\/\/dogsome.dk\/de\/wp-json\/wp\/v2\/types\/page"}],"author":[{"embeddable":true,"href":"https:\/\/dogsome.dk\/de\/wp-json\/wp\/v2\/users\/2"}],"replies":[{"embeddable":true,"href":"https:\/\/dogsome.dk\/de\/wp-json\/wp\/v2\/comments?post=8514"}],"version-history":[{"count":1,"href":"https:\/\/dogsome.dk\/de\/wp-json\/wp\/v2\/pages\/8514\/revisions"}],"predecessor-version":[{"id":14259,"href":"https:\/\/dogsome.dk\/de\/wp-json\/wp\/v2\/pages\/8514\/revisions\/14259"}],"wp:featuredmedia":[{"embeddable":true,"href":"https:\/\/dogsome.dk\/de\/wp-json\/wp\/v2\/media\/8139"}],"wp:attachment":[{"href":"https:\/\/dogsome.dk\/de\/wp-json\/wp\/v2\/media?parent=8514"}],"curies":[{"name":"wp","href":"https:\/\/api.w.org\/{rel}","templated":true}]}}