{"id":10054,"date":"2023-07-21T23:34:21","date_gmt":"2023-07-21T21:34:21","guid":{"rendered":"https:\/\/dogsome.dk\/vare\/dogsome-all-year-high-wax\/"},"modified":"2025-09-15T11:34:45","modified_gmt":"2025-09-15T09:34:45","slug":"dogsome-all-year-high-wax","status":"publish","type":"product","link":"https:\/\/dogsome.dk\/de\/vare\/dogsome-all-year-high-wax\/","title":{"rendered":"Dogsome All Year High Wax"},"content":{"rendered":"<p><em>Dogsome All Year High Wax<\/em> ist die ideale Bienenwachsimpr\u00e4gnierung Ihrer Dogsome All Year Performance-Hose oder Second Element Winterjacke.<\/p>\n<p>Der Wachsblock wird aus reinem d\u00e4nischen Bienenwachs ohne Pestizide oder Zusatzstoffe hergestellt, das Bienenwachs ist Bestandteil davon d\u00e4nisch <a href=\"https:\/\/hedenhus.dk\/pages\/gron-vokspulje?_gl=1%2A10izbxu%2A_up%2AMQ..&amp;gclid=Cj0KCQjw2eilBhCCARIsAG0Pf8soyTgQ7zYCRfqTSg8NPg257uRAPebk-r14PwFCWz4yGjd8hAnS_PIaAnvEEALw_wcB\"><strong>&#8222;Gr\u00f8n voks&#8220;<\/strong><\/a> Pulje, ein reines d\u00e4nisches Qualit\u00e4tsprodukt<br \/>\naus Hedenhus in Sp\u00f8ttrup, Denmark. Dem Wachs ist 100 % vollraffiniertes Paraffin zugesetzt.<\/p>\n<p><img decoding=\"async\" class=\"alignnone size-medium wp-image-10049 lazyload\" data-src=\"https:\/\/dogsome.dk\/wp-content\/uploads\/2023\/07\/groenbivokspulje-260x300.webp\" alt=\"\" width=\"260\" height=\"300\" data-srcset=\"https:\/\/dogsome.dk\/wp-content\/uploads\/2023\/07\/groenbivokspulje-260x300.webp 260w, https:\/\/dogsome.dk\/wp-content\/uploads\/2023\/07\/groenbivokspulje.webp 302w\" data-sizes=\"(max-width: 260px) 100vw, 260px\" src=\"data:image\/svg+xml;base64,PHN2ZyB3aWR0aD0iMSIgaGVpZ2h0PSIxIiB4bWxucz0iaHR0cDovL3d3dy53My5vcmcvMjAwMC9zdmciPjwvc3ZnPg==\" style=\"--smush-placeholder-width: 260px; --smush-placeholder-aspect-ratio: 260\/300;\" \/><\/p>\n<p>Verwenden Sie das Wachs regelm\u00e4\u00dfig und verl\u00e4ngern Sie die Lebensdauer und Haltbarkeit Ihrer Hose.<\/p>\n<p>Anwendung:<\/p>\n<ul>\n<li>Reiben Sie das Wachs in einer sch\u00f6nen, gleichm\u00e4\u00dfigen Schicht in den Stoff ein.<\/li>\n<li>Geben Sie das Wachs auf einen sauberen Stoff (saubere Hose oder Jacke) und schmelzen Sie es<br \/>\nBei schwacher Hitze mit einem B\u00fcgeleisen wachsen lassen<br \/>\noder hart trocken (55-60 Grad).<\/li>\n<li>Wiederholen Sie dies nach Bedarf, je mehr Wachstum, desto mehr Schutz.<\/li>\n<\/ul>\n<p>Allgemein:<\/p>\n<p>Wir empfehlen alle Outdoor-Hosen von Dogsome und die Winterjacke der Marke Second Element:<\/p>\n<ul>\n<li>Waschanleitung 40 gr. &#8211; Mit enzymfreiem Waschmittel waschen<\/li>\n<li>Vorzugsweise mit Waschmittel f\u00fcr Outdoor-Bekleidung waschen<\/li>\n<li>Zum Trocknen aufh\u00e4ngen und bei Bedarf erneut impr\u00e4gnieren<\/li>\n<li>Vermeiden Sie Weichsp\u00fcler und W\u00e4schetrockner.<\/li>\n<\/ul>\n<p>Gewicht 55 Gramm.<\/p>\n<p>In praktischem Design geformt<\/p>\n<p>Verpackt in recycelbarem Karton<\/p>\n","protected":false},"excerpt":{"rendered":"<p>Verl\u00e4ngern Sie die Lebensdauer Ihrer Kleidung und lassen Sie sie wieder wie neu aussehen.<\/p>\n<p>Die Bienenwachsimpr\u00e4gnierung von Dogsome \u201eAll Year High Wax\u201c wird hergestellt, um die Haltbarkeit und Verschlei\u00dffestigkeit Ihrer Kleidung zu erh\u00f6hen.<\/p>\n<p>Dogsome All Year High Wax kann f\u00fcr alle Outdoor-Hosen von Dogsome sowie unsere Winterjacken der Marke Second Element verwendet werden.<\/p>\n<p>&nbsp;<\/p>\n","protected":false},"featured_media":10048,"template":"","meta":{"_et_pb_use_builder":"","_et_pb_old_content":"","_et_gb_content_width":""},"product_brand":[],"product_cat":[422,403],"product_tag":[],"class_list":{"0":"post-10054","1":"product","2":"type-product","3":"status-publish","4":"has-post-thumbnail","6":"product_cat-impraegnierung","7":"product_cat-zubehoer","9":"first","10":"outofstock","11":"shipping-taxable","12":"purchasable","13":"product-type-simple"},"yoast_head":"<!-- This site is optimized with the Yoast SEO plugin v27.4 - https:\/\/yoast.com\/product\/yoast-seo-wordpress\/ -->\n<title>Dogsome All Year High Wax - dogsome.dk<\/title>\n<meta name=\"robots\" content=\"index, follow, max-snippet:-1, max-image-preview:large, max-video-preview:-1\" \/>\n<link rel=\"canonical\" href=\"https:\/\/dogsome.dk\/de\/vare\/dogsome-all-year-high-wax\/\" \/>\n<meta property=\"og:locale\" content=\"de_DE\" \/>\n<meta property=\"og:type\" content=\"article\" \/>\n<meta property=\"og:title\" content=\"Dogsome All Year High Wax - dogsome.dk\" \/>\n<meta property=\"og:description\" content=\"Verl\u00e4ngern Sie die Lebensdauer Ihrer Kleidung und lassen Sie sie wieder wie neu aussehen. Die Bienenwachsimpr\u00e4gnierung von Dogsome \u201eAll Year High Wax\u201c wird hergestellt, um die Haltbarkeit und Verschlei\u00dffestigkeit Ihrer Kleidung zu erh\u00f6hen. Dogsome All Year High Wax kann f\u00fcr alle Outdoor-Hosen von Dogsome sowie unsere Winterjacken der Marke Second Element verwendet werden. &nbsp;\" \/>\n<meta property=\"og:url\" content=\"https:\/\/dogsome.dk\/de\/vare\/dogsome-all-year-high-wax\/\" \/>\n<meta property=\"og:site_name\" content=\"dogsome.dk\" \/>\n<meta property=\"article:modified_time\" content=\"2025-09-15T09:34:45+00:00\" \/>\n<meta property=\"og:image\" content=\"https:\/\/dogsome.dk\/wp-content\/uploads\/2023\/07\/bi-wax-from-Dogsome-683x1024.png\" \/>\n\t<meta property=\"og:image:width\" content=\"683\" \/>\n\t<meta property=\"og:image:height\" content=\"1024\" \/>\n\t<meta property=\"og:image:type\" content=\"image\/png\" \/>\n<meta name=\"twitter:card\" content=\"summary_large_image\" \/>\n<meta name=\"twitter:label1\" content=\"Gesch\u00e4tzte Lesezeit\" \/>\n\t<meta name=\"twitter:data1\" content=\"1\u00a0Minute\" \/>\n<script type=\"application\/ld+json\" class=\"yoast-schema-graph\">{\"@context\":\"https:\\\/\\\/schema.org\",\"@graph\":[{\"@type\":\"WebPage\",\"@id\":\"https:\\\/\\\/dogsome.dk\\\/de\\\/vare\\\/dogsome-all-year-high-wax\\\/\",\"url\":\"https:\\\/\\\/dogsome.dk\\\/de\\\/vare\\\/dogsome-all-year-high-wax\\\/\",\"name\":\"Dogsome All Year High Wax - dogsome.dk\",\"isPartOf\":{\"@id\":\"https:\\\/\\\/dogsome.dk\\\/#website\"},\"primaryImageOfPage\":{\"@id\":\"https:\\\/\\\/dogsome.dk\\\/de\\\/vare\\\/dogsome-all-year-high-wax\\\/#primaryimage\"},\"image\":{\"@id\":\"https:\\\/\\\/dogsome.dk\\\/de\\\/vare\\\/dogsome-all-year-high-wax\\\/#primaryimage\"},\"thumbnailUrl\":\"https:\\\/\\\/dogsome.dk\\\/wp-content\\\/uploads\\\/2023\\\/07\\\/bi-wax-from-Dogsome.png\",\"datePublished\":\"2023-07-21T21:34:21+00:00\",\"dateModified\":\"2025-09-15T09:34:45+00:00\",\"breadcrumb\":{\"@id\":\"https:\\\/\\\/dogsome.dk\\\/de\\\/vare\\\/dogsome-all-year-high-wax\\\/#breadcrumb\"},\"inLanguage\":\"de\",\"potentialAction\":[{\"@type\":\"ReadAction\",\"target\":[\"https:\\\/\\\/dogsome.dk\\\/de\\\/vare\\\/dogsome-all-year-high-wax\\\/\"]}]},{\"@type\":\"ImageObject\",\"inLanguage\":\"de\",\"@id\":\"https:\\\/\\\/dogsome.dk\\\/de\\\/vare\\\/dogsome-all-year-high-wax\\\/#primaryimage\",\"url\":\"https:\\\/\\\/dogsome.dk\\\/wp-content\\\/uploads\\\/2023\\\/07\\\/bi-wax-from-Dogsome.png\",\"contentUrl\":\"https:\\\/\\\/dogsome.dk\\\/wp-content\\\/uploads\\\/2023\\\/07\\\/bi-wax-from-Dogsome.png\",\"width\":1856,\"height\":2784,\"caption\":\"Bienenwachs from Dogsome\"},{\"@type\":\"BreadcrumbList\",\"@id\":\"https:\\\/\\\/dogsome.dk\\\/de\\\/vare\\\/dogsome-all-year-high-wax\\\/#breadcrumb\",\"itemListElement\":[{\"@type\":\"ListItem\",\"position\":1,\"name\":\"Hjem\",\"item\":\"https:\\\/\\\/dogsome.dk\\\/de\\\/titelseite\\\/\"},{\"@type\":\"ListItem\",\"position\":2,\"name\":\"Shop\",\"item\":\"https:\\\/\\\/dogsome.dk\\\/shop\\\/\"},{\"@type\":\"ListItem\",\"position\":3,\"name\":\"Dogsome All Year High Wax\"}]},{\"@type\":\"WebSite\",\"@id\":\"https:\\\/\\\/dogsome.dk\\\/#website\",\"url\":\"https:\\\/\\\/dogsome.dk\\\/\",\"name\":\"dogsome.dk\",\"description\":\"\",\"potentialAction\":[{\"@type\":\"SearchAction\",\"target\":{\"@type\":\"EntryPoint\",\"urlTemplate\":\"https:\\\/\\\/dogsome.dk\\\/?s={search_term_string}\"},\"query-input\":{\"@type\":\"PropertyValueSpecification\",\"valueRequired\":true,\"valueName\":\"search_term_string\"}}],\"inLanguage\":\"de\"}]}<\/script>\n<!-- \/ Yoast SEO plugin. -->","yoast_head_json":{"title":"Dogsome All Year High Wax - dogsome.dk","robots":{"index":"index","follow":"follow","max-snippet":"max-snippet:-1","max-image-preview":"max-image-preview:large","max-video-preview":"max-video-preview:-1"},"canonical":"https:\/\/dogsome.dk\/de\/vare\/dogsome-all-year-high-wax\/","og_locale":"de_DE","og_type":"article","og_title":"Dogsome All Year High Wax - dogsome.dk","og_description":"Verl\u00e4ngern Sie die Lebensdauer Ihrer Kleidung und lassen Sie sie wieder wie neu aussehen. Die Bienenwachsimpr\u00e4gnierung von Dogsome \u201eAll Year High Wax\u201c wird hergestellt, um die Haltbarkeit und Verschlei\u00dffestigkeit Ihrer Kleidung zu erh\u00f6hen. Dogsome All Year High Wax kann f\u00fcr alle Outdoor-Hosen von Dogsome sowie unsere Winterjacken der Marke Second Element verwendet werden. &nbsp;","og_url":"https:\/\/dogsome.dk\/de\/vare\/dogsome-all-year-high-wax\/","og_site_name":"dogsome.dk","article_modified_time":"2025-09-15T09:34:45+00:00","og_image":[{"width":683,"height":1024,"url":"https:\/\/dogsome.dk\/wp-content\/uploads\/2023\/07\/bi-wax-from-Dogsome-683x1024.png","type":"image\/png"}],"twitter_card":"summary_large_image","twitter_misc":{"Gesch\u00e4tzte Lesezeit":"1\u00a0Minute"},"schema":{"@context":"https:\/\/schema.org","@graph":[{"@type":"WebPage","@id":"https:\/\/dogsome.dk\/de\/vare\/dogsome-all-year-high-wax\/","url":"https:\/\/dogsome.dk\/de\/vare\/dogsome-all-year-high-wax\/","name":"Dogsome All Year High Wax - dogsome.dk","isPartOf":{"@id":"https:\/\/dogsome.dk\/#website"},"primaryImageOfPage":{"@id":"https:\/\/dogsome.dk\/de\/vare\/dogsome-all-year-high-wax\/#primaryimage"},"image":{"@id":"https:\/\/dogsome.dk\/de\/vare\/dogsome-all-year-high-wax\/#primaryimage"},"thumbnailUrl":"https:\/\/dogsome.dk\/wp-content\/uploads\/2023\/07\/bi-wax-from-Dogsome.png","datePublished":"2023-07-21T21:34:21+00:00","dateModified":"2025-09-15T09:34:45+00:00","breadcrumb":{"@id":"https:\/\/dogsome.dk\/de\/vare\/dogsome-all-year-high-wax\/#breadcrumb"},"inLanguage":"de","potentialAction":[{"@type":"ReadAction","target":["https:\/\/dogsome.dk\/de\/vare\/dogsome-all-year-high-wax\/"]}]},{"@type":"ImageObject","inLanguage":"de","@id":"https:\/\/dogsome.dk\/de\/vare\/dogsome-all-year-high-wax\/#primaryimage","url":"https:\/\/dogsome.dk\/wp-content\/uploads\/2023\/07\/bi-wax-from-Dogsome.png","contentUrl":"https:\/\/dogsome.dk\/wp-content\/uploads\/2023\/07\/bi-wax-from-Dogsome.png","width":1856,"height":2784,"caption":"Bienenwachs from Dogsome"},{"@type":"BreadcrumbList","@id":"https:\/\/dogsome.dk\/de\/vare\/dogsome-all-year-high-wax\/#breadcrumb","itemListElement":[{"@type":"ListItem","position":1,"name":"Hjem","item":"https:\/\/dogsome.dk\/de\/titelseite\/"},{"@type":"ListItem","position":2,"name":"Shop","item":"https:\/\/dogsome.dk\/shop\/"},{"@type":"ListItem","position":3,"name":"Dogsome All Year High Wax"}]},{"@type":"WebSite","@id":"https:\/\/dogsome.dk\/#website","url":"https:\/\/dogsome.dk\/","name":"dogsome.dk","description":"","potentialAction":[{"@type":"SearchAction","target":{"@type":"EntryPoint","urlTemplate":"https:\/\/dogsome.dk\/?s={search_term_string}"},"query-input":{"@type":"PropertyValueSpecification","valueRequired":true,"valueName":"search_term_string"}}],"inLanguage":"de"}]}},"_links":{"self":[{"href":"https:\/\/dogsome.dk\/de\/wp-json\/wp\/v2\/product\/10054","targetHints":{"allow":["GET"]}}],"collection":[{"href":"https:\/\/dogsome.dk\/de\/wp-json\/wp\/v2\/product"}],"about":[{"href":"https:\/\/dogsome.dk\/de\/wp-json\/wp\/v2\/types\/product"}],"wp:featuredmedia":[{"embeddable":true,"href":"https:\/\/dogsome.dk\/de\/wp-json\/wp\/v2\/media\/10048"}],"wp:attachment":[{"href":"https:\/\/dogsome.dk\/de\/wp-json\/wp\/v2\/media?parent=10054"}],"wp:term":[{"taxonomy":"product_brand","embeddable":true,"href":"https:\/\/dogsome.dk\/de\/wp-json\/wp\/v2\/product_brand?post=10054"},{"taxonomy":"product_cat","embeddable":true,"href":"https:\/\/dogsome.dk\/de\/wp-json\/wp\/v2\/product_cat?post=10054"},{"taxonomy":"product_tag","embeddable":true,"href":"https:\/\/dogsome.dk\/de\/wp-json\/wp\/v2\/product_tag?post=10054"}],"curies":[{"name":"wp","href":"https:\/\/api.w.org\/{rel}","templated":true}]}}