{"id":10072,"date":"2023-07-23T10:14:53","date_gmt":"2023-07-23T08:14:53","guid":{"rendered":"https:\/\/dogsome.dk\/?post_type=product&#038;p=10072"},"modified":"2024-12-21T19:57:59","modified_gmt":"2024-12-21T18:57:59","slug":"dogsome-thermoskanne-2","status":"publish","type":"product","link":"https:\/\/dogsome.dk\/de\/vare\/dogsome-thermoskanne-2\/","title":{"rendered":"Dogsome Thermo-Trinkflasche"},"content":{"rendered":"<h3>Hier erhalten Sie die smarte und stylische Dogsome Trinkflasche in Mattschwarz.<\/h3>\n<h4>Perfekt f\u00fcr alle Arten von Outdoor-Aktivit\u00e4ten oder zum Mitnehmen ins Fitnessstudio.<\/h4>\n<p>Es ist doppelwandig, vakuumisoliert und aus Edelstahl gefertigt. Entworfen mit Fokus auf Funktionalit\u00e4t, Haltbarkeit und Design.<\/p>\n<p><strong>Materialien:<\/strong><\/p>\n<p>Hergestellt aus hochwertigem Edelstahl: Dadurch ist die Flasche robust und resistent gegen Kratzer, St\u00f6\u00dfe und Korrosion. Stahl ist au\u00dferdem ein sicheres und gesundes Material, das keine sch\u00e4dlichen Chemikalien an Ihr Getr\u00e4nk abgibt. Am Deckel befindet sich ein Baumwollseil, mit dem sich die Flasche leicht an der Tasche, am G\u00fcrtel befestigen oder in der Hand halten l\u00e4sst.<\/p>\n<p><strong>Isolierung:<\/strong><\/p>\n<p>Die Dogsome-Trinkflasche verf\u00fcgt \u00fcber eine doppelwandige Vakuumisolierung. Dadurch bleibt die Temperatur Ihrer Getr\u00e4nke l\u00e4nger erhalten, sodass Sie mehrere Stunden lang Kaltgetr\u00e4nke kalt und Hei\u00dfgetr\u00e4nke hei\u00df genie\u00dfen k\u00f6nnen.<\/p>\n<p>H\u00e4lt bis zu 24 Stunden kalt und bis zu 12 Stunden warm.<\/p>\n<p><strong>Auslaufsicherheit:<\/strong><\/p>\n<p>Die Flasche ist mit einer zuverl\u00e4ssigen und dicht schlie\u00dfenden Deckelkonstruktion ausgestattet, die ein Auslaufen oder Versch\u00fctten verhindert. Sie k\u00f6nnen die Flasche sicher in Ihrer Tasche oder Ihrem Rucksack verstauen, ohne sich Sorgen \u00fcber Unf\u00e4lle machen zu m\u00fcssen.<\/p>\n<p><strong>Design und Ergonomie:<\/strong><\/p>\n<p>Die Flasche hat eine ergonomische Form, die gut in der Hand liegt und leicht zu halten ist, auch wenn Sie unterwegs sind oder Sport treiben.<\/p>\n<p>Das Mundst\u00fcck ist besonders benutzerfreundlich gestaltet, sodass Sie problemlos trinken k\u00f6nnen, ohne Fl\u00fcssigkeit zu versch\u00fctten. Ebenso vielf\u00e4ltig ist der Nutzen der Flasche. Es kann sowohl f\u00fcr hei\u00dfe als auch f\u00fcr kalte Getr\u00e4nke verwendet werden.<\/p>\n<p><strong>Einfach zu s\u00e4ubern:<\/strong><\/p>\n<p>Die Flasche hat eine weite \u00d6ffnung, die eine gr\u00fcndliche Reinigung des Inneren erleichtert.<\/p>\n<p>Waschmaschinenfest<\/p>\n<p>Fassungsverm\u00f6gen: 550 ml<\/p>\n","protected":false},"excerpt":{"rendered":"<h3>Hier erhalten Sie die smarte und stylische Dogsome Trinkflasche in Mattschwarz.<\/h3>\n<h4>Perfekt f\u00fcr alle Arten von Outdoor-Aktivit\u00e4ten oder zum Mitnehmen ins Fitnessstudio.<\/h4>\n<p>Es ist doppelwandig, vakuumisoliert und aus Edelstahl gefertigt. Entworfen mit Fokus auf Funktionalit\u00e4t, Haltbarkeit und Design.<\/p>\n<ul>\n<li>Ausf\u00fchrung in Edelstahl<\/li>\n<li>H\u00e4lt bis zu 12 Stunden warm<\/li>\n<li>H\u00e4lt bis zu 24 Stunden kalt<\/li>\n<li>Einfach zu s\u00e4ubern<\/li>\n<li>Waschmaschinenfest<\/li>\n<li>Starkes Seil in der Flasche, perfekt zum Befestigen<\/li>\n<li>Fassungsverm\u00f6gen: 550 ml<\/li>\n<\/ul>\n","protected":false},"featured_media":10076,"template":"","meta":{"_et_pb_use_builder":"","_et_pb_old_content":"","_et_gb_content_width":""},"product_brand":[],"product_cat":[424,403],"product_tag":[],"class_list":{"0":"post-10072","1":"product","2":"type-product","3":"status-publish","4":"has-post-thumbnail","6":"product_cat-ausruestung","7":"product_cat-zubehoer","9":"first","10":"outofstock","11":"shipping-taxable","12":"purchasable","13":"product-type-simple"},"yoast_head":"<!-- This site is optimized with the Yoast SEO plugin v27.5 - https:\/\/yoast.com\/product\/yoast-seo-wordpress\/ -->\n<title>Dogsome Thermo-Trinkflasche - dogsome.dk<\/title>\n<meta name=\"description\" content=\"Hier erhalten Sie die smarte und stylische Dogsome Trinkflasche in Mattschwarz. Perfekt f\u00fcr alle Arten von Outdoor-Aktivit\u00e4ten oder zum Mitnehmen ins Fitnessstudio. Es ist doppelwandig, vakuumisoliert und aus Edelstahl gefertigt. Entworfen mit Fokus auf Funktionalit\u00e4t, Haltbarkeit und Design.\" \/>\n<meta name=\"robots\" content=\"index, follow, max-snippet:-1, max-image-preview:large, max-video-preview:-1\" \/>\n<link rel=\"canonical\" href=\"https:\/\/dogsome.dk\/de\/vare\/dogsome-thermoskanne-2\/\" \/>\n<meta property=\"og:locale\" content=\"de_DE\" \/>\n<meta property=\"og:type\" content=\"article\" \/>\n<meta property=\"og:title\" content=\"Dogsome Thermo-Trinkflasche - dogsome.dk\" \/>\n<meta property=\"og:description\" content=\"Hier erhalten Sie die smarte und stylische Dogsome Trinkflasche in Mattschwarz. Perfekt f\u00fcr alle Arten von Outdoor-Aktivit\u00e4ten oder zum Mitnehmen ins Fitnessstudio. Es ist doppelwandig, vakuumisoliert und aus Edelstahl gefertigt. Entworfen mit Fokus auf Funktionalit\u00e4t, Haltbarkeit und Design.\" \/>\n<meta property=\"og:url\" content=\"https:\/\/dogsome.dk\/de\/vare\/dogsome-thermoskanne-2\/\" \/>\n<meta property=\"og:site_name\" content=\"dogsome.dk\" \/>\n<meta property=\"article:modified_time\" content=\"2024-12-21T18:57:59+00:00\" \/>\n<meta property=\"og:image\" content=\"https:\/\/dogsome.dk\/wp-content\/uploads\/2023\/07\/water-bottle-front-683x1024.png\" \/>\n\t<meta property=\"og:image:width\" content=\"683\" \/>\n\t<meta property=\"og:image:height\" content=\"1024\" \/>\n\t<meta property=\"og:image:type\" content=\"image\/png\" \/>\n<meta name=\"twitter:card\" content=\"summary_large_image\" \/>\n<meta name=\"twitter:label1\" content=\"Gesch\u00e4tzte Lesezeit\" \/>\n\t<meta name=\"twitter:data1\" content=\"1\u00a0Minute\" \/>\n<script type=\"application\/ld+json\" class=\"yoast-schema-graph\">{\"@context\":\"https:\\\/\\\/schema.org\",\"@graph\":[{\"@type\":\"WebPage\",\"@id\":\"https:\\\/\\\/dogsome.dk\\\/de\\\/vare\\\/dogsome-thermoskanne-2\\\/\",\"url\":\"https:\\\/\\\/dogsome.dk\\\/de\\\/vare\\\/dogsome-thermoskanne-2\\\/\",\"name\":\"Dogsome Thermo-Trinkflasche - dogsome.dk\",\"isPartOf\":{\"@id\":\"https:\\\/\\\/dogsome.dk\\\/#website\"},\"primaryImageOfPage\":{\"@id\":\"https:\\\/\\\/dogsome.dk\\\/de\\\/vare\\\/dogsome-thermoskanne-2\\\/#primaryimage\"},\"image\":{\"@id\":\"https:\\\/\\\/dogsome.dk\\\/de\\\/vare\\\/dogsome-thermoskanne-2\\\/#primaryimage\"},\"thumbnailUrl\":\"https:\\\/\\\/dogsome.dk\\\/wp-content\\\/uploads\\\/2023\\\/07\\\/water-bottle-front.png\",\"datePublished\":\"2023-07-23T08:14:53+00:00\",\"dateModified\":\"2024-12-21T18:57:59+00:00\",\"description\":\"Hier erhalten Sie die smarte und stylische Dogsome Trinkflasche in Mattschwarz. Perfekt f\u00fcr alle Arten von Outdoor-Aktivit\u00e4ten oder zum Mitnehmen ins Fitnessstudio. Es ist doppelwandig, vakuumisoliert und aus Edelstahl gefertigt. Entworfen mit Fokus auf Funktionalit\u00e4t, Haltbarkeit und Design.\",\"breadcrumb\":{\"@id\":\"https:\\\/\\\/dogsome.dk\\\/de\\\/vare\\\/dogsome-thermoskanne-2\\\/#breadcrumb\"},\"inLanguage\":\"de\",\"potentialAction\":[{\"@type\":\"ReadAction\",\"target\":[\"https:\\\/\\\/dogsome.dk\\\/de\\\/vare\\\/dogsome-thermoskanne-2\\\/\"]}]},{\"@type\":\"ImageObject\",\"inLanguage\":\"de\",\"@id\":\"https:\\\/\\\/dogsome.dk\\\/de\\\/vare\\\/dogsome-thermoskanne-2\\\/#primaryimage\",\"url\":\"https:\\\/\\\/dogsome.dk\\\/wp-content\\\/uploads\\\/2023\\\/07\\\/water-bottle-front.png\",\"contentUrl\":\"https:\\\/\\\/dogsome.dk\\\/wp-content\\\/uploads\\\/2023\\\/07\\\/water-bottle-front.png\",\"width\":1856,\"height\":2784,\"caption\":\"water bottle front\"},{\"@type\":\"BreadcrumbList\",\"@id\":\"https:\\\/\\\/dogsome.dk\\\/de\\\/vare\\\/dogsome-thermoskanne-2\\\/#breadcrumb\",\"itemListElement\":[{\"@type\":\"ListItem\",\"position\":1,\"name\":\"Hjem\",\"item\":\"https:\\\/\\\/dogsome.dk\\\/de\\\/titelseite\\\/\"},{\"@type\":\"ListItem\",\"position\":2,\"name\":\"Shop\",\"item\":\"https:\\\/\\\/dogsome.dk\\\/shop\\\/\"},{\"@type\":\"ListItem\",\"position\":3,\"name\":\"Dogsome Thermo-Trinkflasche\"}]},{\"@type\":\"WebSite\",\"@id\":\"https:\\\/\\\/dogsome.dk\\\/#website\",\"url\":\"https:\\\/\\\/dogsome.dk\\\/\",\"name\":\"dogsome.dk\",\"description\":\"\",\"potentialAction\":[{\"@type\":\"SearchAction\",\"target\":{\"@type\":\"EntryPoint\",\"urlTemplate\":\"https:\\\/\\\/dogsome.dk\\\/?s={search_term_string}\"},\"query-input\":{\"@type\":\"PropertyValueSpecification\",\"valueRequired\":true,\"valueName\":\"search_term_string\"}}],\"inLanguage\":\"de\"}]}<\/script>\n<!-- \/ Yoast SEO plugin. -->","yoast_head_json":{"title":"Dogsome Thermo-Trinkflasche - dogsome.dk","description":"Hier erhalten Sie die smarte und stylische Dogsome Trinkflasche in Mattschwarz. Perfekt f\u00fcr alle Arten von Outdoor-Aktivit\u00e4ten oder zum Mitnehmen ins Fitnessstudio. Es ist doppelwandig, vakuumisoliert und aus Edelstahl gefertigt. Entworfen mit Fokus auf Funktionalit\u00e4t, Haltbarkeit und Design.","robots":{"index":"index","follow":"follow","max-snippet":"max-snippet:-1","max-image-preview":"max-image-preview:large","max-video-preview":"max-video-preview:-1"},"canonical":"https:\/\/dogsome.dk\/de\/vare\/dogsome-thermoskanne-2\/","og_locale":"de_DE","og_type":"article","og_title":"Dogsome Thermo-Trinkflasche - dogsome.dk","og_description":"Hier erhalten Sie die smarte und stylische Dogsome Trinkflasche in Mattschwarz. Perfekt f\u00fcr alle Arten von Outdoor-Aktivit\u00e4ten oder zum Mitnehmen ins Fitnessstudio. Es ist doppelwandig, vakuumisoliert und aus Edelstahl gefertigt. Entworfen mit Fokus auf Funktionalit\u00e4t, Haltbarkeit und Design.","og_url":"https:\/\/dogsome.dk\/de\/vare\/dogsome-thermoskanne-2\/","og_site_name":"dogsome.dk","article_modified_time":"2024-12-21T18:57:59+00:00","og_image":[{"width":683,"height":1024,"url":"https:\/\/dogsome.dk\/wp-content\/uploads\/2023\/07\/water-bottle-front-683x1024.png","type":"image\/png"}],"twitter_card":"summary_large_image","twitter_misc":{"Gesch\u00e4tzte Lesezeit":"1\u00a0Minute"},"schema":{"@context":"https:\/\/schema.org","@graph":[{"@type":"WebPage","@id":"https:\/\/dogsome.dk\/de\/vare\/dogsome-thermoskanne-2\/","url":"https:\/\/dogsome.dk\/de\/vare\/dogsome-thermoskanne-2\/","name":"Dogsome Thermo-Trinkflasche - dogsome.dk","isPartOf":{"@id":"https:\/\/dogsome.dk\/#website"},"primaryImageOfPage":{"@id":"https:\/\/dogsome.dk\/de\/vare\/dogsome-thermoskanne-2\/#primaryimage"},"image":{"@id":"https:\/\/dogsome.dk\/de\/vare\/dogsome-thermoskanne-2\/#primaryimage"},"thumbnailUrl":"https:\/\/dogsome.dk\/wp-content\/uploads\/2023\/07\/water-bottle-front.png","datePublished":"2023-07-23T08:14:53+00:00","dateModified":"2024-12-21T18:57:59+00:00","description":"Hier erhalten Sie die smarte und stylische Dogsome Trinkflasche in Mattschwarz. Perfekt f\u00fcr alle Arten von Outdoor-Aktivit\u00e4ten oder zum Mitnehmen ins Fitnessstudio. Es ist doppelwandig, vakuumisoliert und aus Edelstahl gefertigt. Entworfen mit Fokus auf Funktionalit\u00e4t, Haltbarkeit und Design.","breadcrumb":{"@id":"https:\/\/dogsome.dk\/de\/vare\/dogsome-thermoskanne-2\/#breadcrumb"},"inLanguage":"de","potentialAction":[{"@type":"ReadAction","target":["https:\/\/dogsome.dk\/de\/vare\/dogsome-thermoskanne-2\/"]}]},{"@type":"ImageObject","inLanguage":"de","@id":"https:\/\/dogsome.dk\/de\/vare\/dogsome-thermoskanne-2\/#primaryimage","url":"https:\/\/dogsome.dk\/wp-content\/uploads\/2023\/07\/water-bottle-front.png","contentUrl":"https:\/\/dogsome.dk\/wp-content\/uploads\/2023\/07\/water-bottle-front.png","width":1856,"height":2784,"caption":"water bottle front"},{"@type":"BreadcrumbList","@id":"https:\/\/dogsome.dk\/de\/vare\/dogsome-thermoskanne-2\/#breadcrumb","itemListElement":[{"@type":"ListItem","position":1,"name":"Hjem","item":"https:\/\/dogsome.dk\/de\/titelseite\/"},{"@type":"ListItem","position":2,"name":"Shop","item":"https:\/\/dogsome.dk\/shop\/"},{"@type":"ListItem","position":3,"name":"Dogsome Thermo-Trinkflasche"}]},{"@type":"WebSite","@id":"https:\/\/dogsome.dk\/#website","url":"https:\/\/dogsome.dk\/","name":"dogsome.dk","description":"","potentialAction":[{"@type":"SearchAction","target":{"@type":"EntryPoint","urlTemplate":"https:\/\/dogsome.dk\/?s={search_term_string}"},"query-input":{"@type":"PropertyValueSpecification","valueRequired":true,"valueName":"search_term_string"}}],"inLanguage":"de"}]}},"_links":{"self":[{"href":"https:\/\/dogsome.dk\/de\/wp-json\/wp\/v2\/product\/10072","targetHints":{"allow":["GET"]}}],"collection":[{"href":"https:\/\/dogsome.dk\/de\/wp-json\/wp\/v2\/product"}],"about":[{"href":"https:\/\/dogsome.dk\/de\/wp-json\/wp\/v2\/types\/product"}],"wp:featuredmedia":[{"embeddable":true,"href":"https:\/\/dogsome.dk\/de\/wp-json\/wp\/v2\/media\/10076"}],"wp:attachment":[{"href":"https:\/\/dogsome.dk\/de\/wp-json\/wp\/v2\/media?parent=10072"}],"wp:term":[{"taxonomy":"product_brand","embeddable":true,"href":"https:\/\/dogsome.dk\/de\/wp-json\/wp\/v2\/product_brand?post=10072"},{"taxonomy":"product_cat","embeddable":true,"href":"https:\/\/dogsome.dk\/de\/wp-json\/wp\/v2\/product_cat?post=10072"},{"taxonomy":"product_tag","embeddable":true,"href":"https:\/\/dogsome.dk\/de\/wp-json\/wp\/v2\/product_tag?post=10072"}],"curies":[{"name":"wp","href":"https:\/\/api.w.org\/{rel}","templated":true}]}}