{"id":10398,"date":"2022-09-09T12:26:29","date_gmt":"2022-09-09T10:26:29","guid":{"rendered":"https:\/\/dogsome.dk\/?post_type=product&#038;p=10398"},"modified":"2025-03-14T19:06:39","modified_gmt":"2025-03-14T18:06:39","slug":"kids-biathlon-sports-hoodie-gruen","status":"publish","type":"product","link":"https:\/\/dogsome.dk\/de\/vare\/kids-biathlon-sports-hoodie-gruen\/","title":{"rendered":"KIDS Biathlon Sport Hoodie Gr\u00fcn"},"content":{"rendered":"<p>Dieser Sport-Hoodie ist nicht nur praktisch und funktionell, sondern sieht auch noch toll aus. Mit seinem trendigen und entspannten Design l\u00e4sst es sich leicht mit Jeans und Leggings f\u00fcr einen entspannten Look oder mit Outdoor-Hosen f\u00fcr einen Spaziergang in der Natur oder im Garten kombinieren.<\/p>\n<p>Passform: normal<\/p>\n<p>Waschanleitung 40 gr.<\/p>\n<ul>\n<li>52 % Polyester<\/li>\n<li>48 % Baumwolle<\/li>\n<\/ul>\n<p>Enth\u00e4lt nichttextile Teile tierischen Ursprungs<\/p>\n<p>Enth\u00e4lt kein Fluorid<\/p>\n<p>&nbsp;<\/p>\n","protected":false},"excerpt":{"rendered":"<h4><strong>KIDS DOGSOME<\/strong> <b>Biathlon Sports hoodie<\/b><\/h4>\n<p>MEGA SCH\u00d6NER KRAFTVOLLER UND GEWACHSTER HOODIE F\u00dcR JUNGEN UND M\u00c4DCHEN.<\/p>\n<p>Suchen Sie einen warmen und weichen Kapuzenpullover aus Teddyfleece, der Ihr Kind in den kalten Monaten oder an Sp\u00e4tsommerabenden, wenn der Wind weht, warm h\u00e4lt?<br \/>\nKann es trotzdem kalt sein?<\/p>\n<p>Dann ist unser Biathlon-Sport-Hoodie die perfekte Wahl f\u00fcr Sie und Ihr Kind!<br \/>\nUnser strapazierf\u00e4higer, winddichter Kapuzenpullover besteht aus einer Mischung aus strapazierf\u00e4higem Polyester und weicher Baumwolle, mit dichtem, dickem, geb\u00fcrstetem Teddyfell an der Innenseite f\u00fcr ein warmes und weiches Tragegef\u00fchl.<br \/>\nwenn du es anziehst.<\/p>\n<p>Es hat gro\u00dfe Vordertaschen und der Rei\u00dfverschluss ist ein originaler starker YKK-Rei\u00dfverschluss.<\/p>\n<p>Dieser Sport-Hoodie ist nicht nur praktisch und funktionell, sondern sieht auch noch toll aus. Mit seinem trendigen und entspannten Design l\u00e4sst es sich leicht mit Jeans und Leggings f\u00fcr einen entspannten Look oder mit Outdoor- oder Jogginghosen kombinieren, wenn Ihr Kind in der Natur, im Kindergarten, in der Schule oder auf dem Spielplatz unterwegs ist.<br \/>\nWarum also warten? Verw\u00f6hnen Sie Ihr Kind mit gutem Gewissen, denn so friert Ihr Kind an windigen Tagen nicht.<\/p>\n","protected":false},"featured_media":10414,"template":"","meta":{"_et_pb_use_builder":"","_et_pb_old_content":"","_et_gb_content_width":""},"product_brand":[],"product_cat":[401,397,388,405,387,404,389,392],"product_tag":[],"class_list":{"0":"post-10398","1":"product","2":"type-product","3":"status-publish","4":"has-post-thumbnail","6":"product_cat-angebot-de","7":"product_cat-angebot","8":"product_cat-dame-de","9":"product_cat-damen-de-2","10":"product_cat-herr","11":"product_cat-herren","12":"product_cat-pullover-fuer-damen","13":"product_cat-pullover-fuer-herren","15":"first","16":"instock","17":"sale","18":"shipping-taxable","19":"purchasable","20":"product-type-variable","21":"wvs-archive-product-wrapper"},"yoast_head":"<!-- This site is optimized with the Yoast SEO plugin v27.5 - https:\/\/yoast.com\/product\/yoast-seo-wordpress\/ -->\n<title>KIDS Biathlon Sport Hoodie Gr\u00fcn - dogsome.dk<\/title>\n<meta name=\"description\" content=\"Dieser Sport-Hoodie ist nicht nur praktisch und funktionell, sondern sieht auch noch toll aus. Mit seinem trendigen und entspannten Design l\u00e4sst es sich leicht mit Jeans und Leggings f\u00fcr einen entspannten Look oder mit Outdoor-Hosen f\u00fcr einen Spaziergang in der Natur oder im Garten kombinieren.\" \/>\n<meta name=\"robots\" content=\"index, follow, max-snippet:-1, max-image-preview:large, max-video-preview:-1\" \/>\n<link rel=\"canonical\" href=\"https:\/\/dogsome.dk\/vare\/boerne-biathlon-sports-hoodie-groen\/\" \/>\n<meta property=\"og:locale\" content=\"de_DE\" \/>\n<meta property=\"og:type\" content=\"article\" \/>\n<meta property=\"og:title\" content=\"KIDS Biathlon Sport Hoodie Gr\u00fcn - dogsome.dk\" \/>\n<meta property=\"og:description\" content=\"Dieser Sport-Hoodie ist nicht nur praktisch und funktionell, sondern sieht auch noch toll aus. Mit seinem trendigen und entspannten Design l\u00e4sst es sich leicht mit Jeans und Leggings f\u00fcr einen entspannten Look oder mit Outdoor-Hosen f\u00fcr einen Spaziergang in der Natur oder im Garten kombinieren.\" \/>\n<meta property=\"og:url\" content=\"https:\/\/dogsome.dk\/vare\/boerne-biathlon-sports-hoodie-groen\/\" \/>\n<meta property=\"og:site_name\" content=\"dogsome.dk\" \/>\n<meta property=\"article:modified_time\" content=\"2025-03-14T18:06:39+00:00\" \/>\n<meta property=\"og:image\" content=\"https:\/\/dogsome.dk\/wp-content\/uploads\/2023\/09\/HoodieGroenBarn-scaled.jpg\" \/>\n\t<meta property=\"og:image:width\" content=\"1707\" \/>\n\t<meta property=\"og:image:height\" content=\"2560\" \/>\n\t<meta property=\"og:image:type\" content=\"image\/jpeg\" \/>\n<meta name=\"twitter:card\" content=\"summary_large_image\" \/>\n<script type=\"application\/ld+json\" class=\"yoast-schema-graph\">{\"@context\":\"https:\\\/\\\/schema.org\",\"@graph\":[{\"@type\":\"WebPage\",\"@id\":\"https:\\\/\\\/dogsome.dk\\\/vare\\\/boerne-biathlon-sports-hoodie-groen\\\/\",\"url\":\"https:\\\/\\\/dogsome.dk\\\/vare\\\/boerne-biathlon-sports-hoodie-groen\\\/\",\"name\":\"KIDS Biathlon Sport Hoodie Gr\u00fcn - dogsome.dk\",\"isPartOf\":{\"@id\":\"https:\\\/\\\/dogsome.dk\\\/#website\"},\"primaryImageOfPage\":{\"@id\":\"https:\\\/\\\/dogsome.dk\\\/vare\\\/boerne-biathlon-sports-hoodie-groen\\\/#primaryimage\"},\"image\":{\"@id\":\"https:\\\/\\\/dogsome.dk\\\/vare\\\/boerne-biathlon-sports-hoodie-groen\\\/#primaryimage\"},\"thumbnailUrl\":\"https:\\\/\\\/dogsome.dk\\\/wp-content\\\/uploads\\\/2023\\\/09\\\/HoodieGroenBarn-scaled.jpg\",\"datePublished\":\"2022-09-09T10:26:29+00:00\",\"dateModified\":\"2025-03-14T18:06:39+00:00\",\"description\":\"Dieser Sport-Hoodie ist nicht nur praktisch und funktionell, sondern sieht auch noch toll aus. Mit seinem trendigen und entspannten Design l\u00e4sst es sich leicht mit Jeans und Leggings f\u00fcr einen entspannten Look oder mit Outdoor-Hosen f\u00fcr einen Spaziergang in der Natur oder im Garten kombinieren.\",\"breadcrumb\":{\"@id\":\"https:\\\/\\\/dogsome.dk\\\/vare\\\/boerne-biathlon-sports-hoodie-groen\\\/#breadcrumb\"},\"inLanguage\":\"de\",\"potentialAction\":[{\"@type\":\"ReadAction\",\"target\":[\"https:\\\/\\\/dogsome.dk\\\/vare\\\/boerne-biathlon-sports-hoodie-groen\\\/\"]}]},{\"@type\":\"ImageObject\",\"inLanguage\":\"de\",\"@id\":\"https:\\\/\\\/dogsome.dk\\\/vare\\\/boerne-biathlon-sports-hoodie-groen\\\/#primaryimage\",\"url\":\"https:\\\/\\\/dogsome.dk\\\/wp-content\\\/uploads\\\/2023\\\/09\\\/HoodieGroenBarn-scaled.jpg\",\"contentUrl\":\"https:\\\/\\\/dogsome.dk\\\/wp-content\\\/uploads\\\/2023\\\/09\\\/HoodieGroenBarn-scaled.jpg\",\"width\":1707,\"height\":2560,\"caption\":\"Kits Biathlon sports Hoodie\"},{\"@type\":\"BreadcrumbList\",\"@id\":\"https:\\\/\\\/dogsome.dk\\\/vare\\\/boerne-biathlon-sports-hoodie-groen\\\/#breadcrumb\",\"itemListElement\":[{\"@type\":\"ListItem\",\"position\":1,\"name\":\"Hjem\",\"item\":\"https:\\\/\\\/dogsome.dk\\\/de\\\/titelseite\\\/\"},{\"@type\":\"ListItem\",\"position\":2,\"name\":\"Shop\",\"item\":\"https:\\\/\\\/dogsome.dk\\\/shop\\\/\"},{\"@type\":\"ListItem\",\"position\":3,\"name\":\"KIDS Biathlon Sport Hoodie Gr\u00fcn\"}]},{\"@type\":\"WebSite\",\"@id\":\"https:\\\/\\\/dogsome.dk\\\/#website\",\"url\":\"https:\\\/\\\/dogsome.dk\\\/\",\"name\":\"dogsome.dk\",\"description\":\"\",\"potentialAction\":[{\"@type\":\"SearchAction\",\"target\":{\"@type\":\"EntryPoint\",\"urlTemplate\":\"https:\\\/\\\/dogsome.dk\\\/?s={search_term_string}\"},\"query-input\":{\"@type\":\"PropertyValueSpecification\",\"valueRequired\":true,\"valueName\":\"search_term_string\"}}],\"inLanguage\":\"de\"}]}<\/script>\n<!-- \/ Yoast SEO plugin. -->","yoast_head_json":{"title":"KIDS Biathlon Sport Hoodie Gr\u00fcn - dogsome.dk","description":"Dieser Sport-Hoodie ist nicht nur praktisch und funktionell, sondern sieht auch noch toll aus. Mit seinem trendigen und entspannten Design l\u00e4sst es sich leicht mit Jeans und Leggings f\u00fcr einen entspannten Look oder mit Outdoor-Hosen f\u00fcr einen Spaziergang in der Natur oder im Garten kombinieren.","robots":{"index":"index","follow":"follow","max-snippet":"max-snippet:-1","max-image-preview":"max-image-preview:large","max-video-preview":"max-video-preview:-1"},"canonical":"https:\/\/dogsome.dk\/vare\/boerne-biathlon-sports-hoodie-groen\/","og_locale":"de_DE","og_type":"article","og_title":"KIDS Biathlon Sport Hoodie Gr\u00fcn - dogsome.dk","og_description":"Dieser Sport-Hoodie ist nicht nur praktisch und funktionell, sondern sieht auch noch toll aus. Mit seinem trendigen und entspannten Design l\u00e4sst es sich leicht mit Jeans und Leggings f\u00fcr einen entspannten Look oder mit Outdoor-Hosen f\u00fcr einen Spaziergang in der Natur oder im Garten kombinieren.","og_url":"https:\/\/dogsome.dk\/vare\/boerne-biathlon-sports-hoodie-groen\/","og_site_name":"dogsome.dk","article_modified_time":"2025-03-14T18:06:39+00:00","og_image":[{"width":1707,"height":2560,"url":"https:\/\/dogsome.dk\/wp-content\/uploads\/2023\/09\/HoodieGroenBarn-scaled.jpg","type":"image\/jpeg"}],"twitter_card":"summary_large_image","schema":{"@context":"https:\/\/schema.org","@graph":[{"@type":"WebPage","@id":"https:\/\/dogsome.dk\/vare\/boerne-biathlon-sports-hoodie-groen\/","url":"https:\/\/dogsome.dk\/vare\/boerne-biathlon-sports-hoodie-groen\/","name":"KIDS Biathlon Sport Hoodie Gr\u00fcn - dogsome.dk","isPartOf":{"@id":"https:\/\/dogsome.dk\/#website"},"primaryImageOfPage":{"@id":"https:\/\/dogsome.dk\/vare\/boerne-biathlon-sports-hoodie-groen\/#primaryimage"},"image":{"@id":"https:\/\/dogsome.dk\/vare\/boerne-biathlon-sports-hoodie-groen\/#primaryimage"},"thumbnailUrl":"https:\/\/dogsome.dk\/wp-content\/uploads\/2023\/09\/HoodieGroenBarn-scaled.jpg","datePublished":"2022-09-09T10:26:29+00:00","dateModified":"2025-03-14T18:06:39+00:00","description":"Dieser Sport-Hoodie ist nicht nur praktisch und funktionell, sondern sieht auch noch toll aus. Mit seinem trendigen und entspannten Design l\u00e4sst es sich leicht mit Jeans und Leggings f\u00fcr einen entspannten Look oder mit Outdoor-Hosen f\u00fcr einen Spaziergang in der Natur oder im Garten kombinieren.","breadcrumb":{"@id":"https:\/\/dogsome.dk\/vare\/boerne-biathlon-sports-hoodie-groen\/#breadcrumb"},"inLanguage":"de","potentialAction":[{"@type":"ReadAction","target":["https:\/\/dogsome.dk\/vare\/boerne-biathlon-sports-hoodie-groen\/"]}]},{"@type":"ImageObject","inLanguage":"de","@id":"https:\/\/dogsome.dk\/vare\/boerne-biathlon-sports-hoodie-groen\/#primaryimage","url":"https:\/\/dogsome.dk\/wp-content\/uploads\/2023\/09\/HoodieGroenBarn-scaled.jpg","contentUrl":"https:\/\/dogsome.dk\/wp-content\/uploads\/2023\/09\/HoodieGroenBarn-scaled.jpg","width":1707,"height":2560,"caption":"Kits Biathlon sports Hoodie"},{"@type":"BreadcrumbList","@id":"https:\/\/dogsome.dk\/vare\/boerne-biathlon-sports-hoodie-groen\/#breadcrumb","itemListElement":[{"@type":"ListItem","position":1,"name":"Hjem","item":"https:\/\/dogsome.dk\/de\/titelseite\/"},{"@type":"ListItem","position":2,"name":"Shop","item":"https:\/\/dogsome.dk\/shop\/"},{"@type":"ListItem","position":3,"name":"KIDS Biathlon Sport Hoodie Gr\u00fcn"}]},{"@type":"WebSite","@id":"https:\/\/dogsome.dk\/#website","url":"https:\/\/dogsome.dk\/","name":"dogsome.dk","description":"","potentialAction":[{"@type":"SearchAction","target":{"@type":"EntryPoint","urlTemplate":"https:\/\/dogsome.dk\/?s={search_term_string}"},"query-input":{"@type":"PropertyValueSpecification","valueRequired":true,"valueName":"search_term_string"}}],"inLanguage":"de"}]}},"_links":{"self":[{"href":"https:\/\/dogsome.dk\/de\/wp-json\/wp\/v2\/product\/10398","targetHints":{"allow":["GET"]}}],"collection":[{"href":"https:\/\/dogsome.dk\/de\/wp-json\/wp\/v2\/product"}],"about":[{"href":"https:\/\/dogsome.dk\/de\/wp-json\/wp\/v2\/types\/product"}],"wp:featuredmedia":[{"embeddable":true,"href":"https:\/\/dogsome.dk\/de\/wp-json\/wp\/v2\/media\/10414"}],"wp:attachment":[{"href":"https:\/\/dogsome.dk\/de\/wp-json\/wp\/v2\/media?parent=10398"}],"wp:term":[{"taxonomy":"product_brand","embeddable":true,"href":"https:\/\/dogsome.dk\/de\/wp-json\/wp\/v2\/product_brand?post=10398"},{"taxonomy":"product_cat","embeddable":true,"href":"https:\/\/dogsome.dk\/de\/wp-json\/wp\/v2\/product_cat?post=10398"},{"taxonomy":"product_tag","embeddable":true,"href":"https:\/\/dogsome.dk\/de\/wp-json\/wp\/v2\/product_tag?post=10398"}],"curies":[{"name":"wp","href":"https:\/\/api.w.org\/{rel}","templated":true}]}}