{"id":10518,"date":"2023-09-12T00:27:16","date_gmt":"2023-09-11T22:27:16","guid":{"rendered":"https:\/\/dogsome.dk\/?post_type=product&#038;p=10518"},"modified":"2026-02-09T20:05:09","modified_gmt":"2026-02-09T19:05:09","slug":"herren-second-element-winterjacke-schwarz","status":"publish","type":"product","link":"https:\/\/dogsome.dk\/de\/vare\/herren-second-element-winterjacke-schwarz\/","title":{"rendered":"Herren Second Element Winterjacke Schwarz"},"content":{"rendered":"<p>Diese wundersch\u00f6ne Winterjacke von Second Element ist nicht nur praktisch, warm und funktionell, sondern sieht auch noch toll aus. Mit seinem trendigen und entspannten und gleichzeitig stilvoll eleganten Design l\u00e4sst es sich leicht mit Jeans f\u00fcr einen entspannten Look oder mit Outdoor-Hosen f\u00fcr einen Spaziergang in der Natur oder auf dem Trainingsgel\u00e4nde kombinieren, oder auch als sch\u00f6ne und edle Jacke, wenn Sie unterwegs sind Man muss nett sein und in der Stadt spazieren gehen. Mit anderen Worten: Es ist multifunktional.<\/p>\n<p><strong>Passform: Regul\u00e4r<\/strong> (kann jedoch angepasst werden, um eine engere Passform innerhalb der Taille und am unteren Ende der Jacke zu erm\u00f6glichen).<\/p>\n<p>Erh\u00e4ltlich f\u00fcr Herren in Oliv und Schwarz von S bis 2XL<\/p>\n<ul>\n<li>Insgesamt 13 Taschen hat diese Herrenjacke<\/li>\n<li>Diese Herrenjacke verf\u00fcgt \u00fcber eine verstellbare und abnehmbare Kapuze<\/li>\n<li>Die Jacke wird mit einem Klicker f\u00fcr die rechte Armtasche geliefert<\/li>\n<li>Alle Rei\u00dfverschl\u00fcsse der Jacke sind original YKK<\/li>\n<li>Mit Edelstahlkn\u00f6pfen<\/li>\n<li>Bionic-Finish\u00ae Eco Impr\u00e4gnierung ohne Fluorgehalt (PFOS\/PFAS)<\/li>\n<\/ul>\n<p>Waschanleitung 40 gr. (W\u00e4sche ohne Enzyme und Weichsp\u00fcler).<\/p>\n<ul>\n<li>65 % Polyester<\/li>\n<li>35 % Baumwolle<\/li>\n<\/ul>\n<p>Enth\u00e4lt nichttextile Teile tierischen Ursprungs<\/p>\n<p>Enth\u00e4lt kein Fluorid<\/p>\n<p>&nbsp;<\/p>\n","protected":false},"excerpt":{"rendered":"<h3>Entdecken Sie unsere Second Element Winterjacke \u2013 den ultimativen Winterbegleiter! &#x1f31f;<\/h3>\n<h4>Wenn die K\u00e4lte und die Herausforderungen des Winters vor der T\u00fcr stehen, ist der richtige Schutz von entscheidender Bedeutung.<\/h4>\n<h4>Unsere Second Element Winterjacke wurde mit Sorgfalt und Pr\u00e4zision hergestellt, um alle Ihre Bed\u00fcrfnisse in der kalten Jahreszeit zu erf\u00fcllen. Diese Jacke vereint Stil, Funktion und Qualit\u00e4t und ist eine unverzichtbare Wahl f\u00fcr den modernen Abenteurer. Gleichzeitig ist sie mit ihrem cleanen Look und ihrer Funktionalit\u00e4t auch perfekt f\u00fcr den anspruchsvollen Hundef\u00fchrer. Es ist multifunktional und kann zu fast jedem Anlass verwendet werden.<\/h4>\n<ul>\n<li><strong>100 % wind- und wasserabweisend:<\/strong> Ob es ein verschneiter Tag oder ein kalter und windiger Abend ist, unsere Winterjacke sch\u00fctzt Sie vor den h\u00e4rtesten Elementen. Dank einer speziell entwickelten wasser- und windabweisenden Membran und Oberfl\u00e4chenbehandlung mit BIONIC-<em>FINISH\u00ae<\/em><em>ECO<\/em>.<\/li>\n<li><strong>Optimale Temperaturregulierung:<\/strong> Wir wissen, dass Komfort der Schl\u00fcssel ist. Aus diesem Grund haben wir Rei\u00dfverschl\u00fcsse zur Bel\u00fcftung unter den Armen eingebaut, damit Sie Ihre Temperatur anpassen und eine \u00dcberhitzung vermeiden k\u00f6nnen, wenn das Aktivit\u00e4tsniveau zunimmt.<\/li>\n<li><strong>Robuste YKK-Rei\u00dfverschl\u00fcsse:<\/strong> Qualit\u00e4t ist das A und O. Deshalb verwenden wir in allen unseren Jacken ausschlie\u00dflich Original-YKK-Rei\u00dfverschl\u00fcsse.<\/li>\n<li><strong>Intelligente Aufbewahrung:<\/strong> Mit einer gro\u00dfen R\u00fcckentasche, die ihre Gr\u00f6\u00dfe verdoppeln kann, erhalten Sie viel Stauraum f\u00fcr Ihre Notwendigkeiten, egal ob Spielzeug oder Apportiere f\u00fcr den Hund oder andere Werkzeuge in der Natur, in dieser gro\u00dfen Tasche ist Platz f\u00fcr die meisten Dinge.<\/li>\n<li><strong>Vollst\u00e4ndiger Schutz:<\/strong> Unsere Winterjacke verf\u00fcgt \u00fcber eine abnehmbare Kapuze und zus\u00e4tzliches Fleece- und Schaumstofffutter an Hals und Nacken. Dies bietet Ihnen den ultimativen Schutz und Komfort in der Winterk\u00e4lte.<\/li>\n<\/ul>\n<p>Mit der Second Element Winterjacke sind Sie bereit, den Winter mit Stil und Selbstvertrauen zu genie\u00dfen. Diese fantastische Jacke ist nicht nur eine Investition in Mode, sondern auch in Komfort und Haltbarkeit.<\/p>\n<p>Machen Sie sich bereit, den Winter mit der Second Element Winterjacke zu erobern \u2013 Ihrem zuverl\u00e4ssigen Partner in der K\u00e4lte! Bestellen Sie noch heute Ihre Jacke und seien Sie bereit f\u00fcr das Abenteuer.<\/p>\n<p>HINWEIS: F\u00fcr alle Jacken ist ein originaler Dogsome-Clicker im Lieferumfang enthalten.<\/p>\n","protected":false},"featured_media":10534,"template":"","meta":{"_et_pb_use_builder":"","_et_pb_old_content":"","_et_gb_content_width":""},"product_brand":[],"product_cat":[401,397,387,404,391],"product_tag":[],"class_list":{"0":"post-10518","1":"product","2":"type-product","3":"status-publish","4":"has-post-thumbnail","6":"product_cat-angebot-de","7":"product_cat-angebot","8":"product_cat-herr","9":"product_cat-herren","10":"product_cat-herrenjacken","12":"first","13":"instock","14":"sale","15":"shipping-taxable","16":"purchasable","17":"product-type-variable","18":"wvs-archive-product-wrapper"},"yoast_head":"<!-- This site is optimized with the Yoast SEO plugin v27.4 - https:\/\/yoast.com\/product\/yoast-seo-wordpress\/ -->\n<title>Herren Second Element Winterjacke Schwarz - dogsome.dk<\/title>\n<meta name=\"description\" content=\"Diese wundersch\u00f6ne Winterjacke von Second Element ist nicht nur praktisch, warm und funktionell, sondern sieht auch noch toll aus. Mit seinem trendigen und entspannten und gleichzeitig stilvoll eleganten Design l\u00e4sst es sich leicht mit Jeans f\u00fcr einen entspannten Look oder mit Outdoor-Hosen f\u00fcr einen Spaziergang in der Natur oder auf dem Trainingsgel\u00e4nde kombinieren, oder auch als sch\u00f6ne und edle Jacke, wenn Sie unterwegs sind Man muss nett sein und in der Stadt spazieren gehen. Mit anderen Worten: Es ist multifunktional.\" \/>\n<meta name=\"robots\" content=\"index, follow, max-snippet:-1, max-image-preview:large, max-video-preview:-1\" \/>\n<link rel=\"canonical\" href=\"https:\/\/dogsome.dk\/de\/vare\/herren-second-element-winterjacke-schwarz\/\" \/>\n<meta property=\"og:locale\" content=\"de_DE\" \/>\n<meta property=\"og:type\" content=\"article\" \/>\n<meta property=\"og:title\" content=\"Herren Second Element Winterjacke Schwarz - dogsome.dk\" \/>\n<meta property=\"og:description\" content=\"Diese wundersch\u00f6ne Winterjacke von Second Element ist nicht nur praktisch, warm und funktionell, sondern sieht auch noch toll aus. Mit seinem trendigen und entspannten und gleichzeitig stilvoll eleganten Design l\u00e4sst es sich leicht mit Jeans f\u00fcr einen entspannten Look oder mit Outdoor-Hosen f\u00fcr einen Spaziergang in der Natur oder auf dem Trainingsgel\u00e4nde kombinieren, oder auch als sch\u00f6ne und edle Jacke, wenn Sie unterwegs sind Man muss nett sein und in der Stadt spazieren gehen. Mit anderen Worten: Es ist multifunktional.\" \/>\n<meta property=\"og:url\" content=\"https:\/\/dogsome.dk\/de\/vare\/herren-second-element-winterjacke-schwarz\/\" \/>\n<meta property=\"og:site_name\" content=\"dogsome.dk\" \/>\n<meta property=\"article:modified_time\" content=\"2026-02-09T19:05:09+00:00\" \/>\n<meta property=\"og:image\" content=\"https:\/\/dogsome.dk\/wp-content\/uploads\/2023\/09\/HerreJakkeSort-scaled.jpg\" \/>\n\t<meta property=\"og:image:width\" content=\"1707\" \/>\n\t<meta property=\"og:image:height\" content=\"2560\" \/>\n\t<meta property=\"og:image:type\" content=\"image\/jpeg\" \/>\n<meta name=\"twitter:card\" content=\"summary_large_image\" \/>\n<meta name=\"twitter:label1\" content=\"Gesch\u00e4tzte Lesezeit\" \/>\n\t<meta name=\"twitter:data1\" content=\"1\u00a0Minute\" \/>\n<script type=\"application\/ld+json\" class=\"yoast-schema-graph\">{\"@context\":\"https:\\\/\\\/schema.org\",\"@graph\":[{\"@type\":\"WebPage\",\"@id\":\"https:\\\/\\\/dogsome.dk\\\/de\\\/vare\\\/herren-second-element-winterjacke-schwarz\\\/\",\"url\":\"https:\\\/\\\/dogsome.dk\\\/de\\\/vare\\\/herren-second-element-winterjacke-schwarz\\\/\",\"name\":\"Herren Second Element Winterjacke Schwarz - dogsome.dk\",\"isPartOf\":{\"@id\":\"https:\\\/\\\/dogsome.dk\\\/#website\"},\"primaryImageOfPage\":{\"@id\":\"https:\\\/\\\/dogsome.dk\\\/de\\\/vare\\\/herren-second-element-winterjacke-schwarz\\\/#primaryimage\"},\"image\":{\"@id\":\"https:\\\/\\\/dogsome.dk\\\/de\\\/vare\\\/herren-second-element-winterjacke-schwarz\\\/#primaryimage\"},\"thumbnailUrl\":\"https:\\\/\\\/dogsome.dk\\\/wp-content\\\/uploads\\\/2023\\\/09\\\/HerreJakkeSort-scaled.jpg\",\"datePublished\":\"2023-09-11T22:27:16+00:00\",\"dateModified\":\"2026-02-09T19:05:09+00:00\",\"description\":\"Diese wundersch\u00f6ne Winterjacke von Second Element ist nicht nur praktisch, warm und funktionell, sondern sieht auch noch toll aus. Mit seinem trendigen und entspannten und gleichzeitig stilvoll eleganten Design l\u00e4sst es sich leicht mit Jeans f\u00fcr einen entspannten Look oder mit Outdoor-Hosen f\u00fcr einen Spaziergang in der Natur oder auf dem Trainingsgel\u00e4nde kombinieren, oder auch als sch\u00f6ne und edle Jacke, wenn Sie unterwegs sind Man muss nett sein und in der Stadt spazieren gehen. Mit anderen Worten: Es ist multifunktional.\",\"breadcrumb\":{\"@id\":\"https:\\\/\\\/dogsome.dk\\\/de\\\/vare\\\/herren-second-element-winterjacke-schwarz\\\/#breadcrumb\"},\"inLanguage\":\"de\",\"potentialAction\":[{\"@type\":\"ReadAction\",\"target\":[\"https:\\\/\\\/dogsome.dk\\\/de\\\/vare\\\/herren-second-element-winterjacke-schwarz\\\/\"]}]},{\"@type\":\"ImageObject\",\"inLanguage\":\"de\",\"@id\":\"https:\\\/\\\/dogsome.dk\\\/de\\\/vare\\\/herren-second-element-winterjacke-schwarz\\\/#primaryimage\",\"url\":\"https:\\\/\\\/dogsome.dk\\\/wp-content\\\/uploads\\\/2023\\\/09\\\/HerreJakkeSort-scaled.jpg\",\"contentUrl\":\"https:\\\/\\\/dogsome.dk\\\/wp-content\\\/uploads\\\/2023\\\/09\\\/HerreJakkeSort-scaled.jpg\",\"width\":1707,\"height\":2560,\"caption\":\"Mand black front\"},{\"@type\":\"BreadcrumbList\",\"@id\":\"https:\\\/\\\/dogsome.dk\\\/de\\\/vare\\\/herren-second-element-winterjacke-schwarz\\\/#breadcrumb\",\"itemListElement\":[{\"@type\":\"ListItem\",\"position\":1,\"name\":\"Hjem\",\"item\":\"https:\\\/\\\/dogsome.dk\\\/de\\\/titelseite\\\/\"},{\"@type\":\"ListItem\",\"position\":2,\"name\":\"Shop\",\"item\":\"https:\\\/\\\/dogsome.dk\\\/shop\\\/\"},{\"@type\":\"ListItem\",\"position\":3,\"name\":\"Herren Second Element Winterjacke Schwarz\"}]},{\"@type\":\"WebSite\",\"@id\":\"https:\\\/\\\/dogsome.dk\\\/#website\",\"url\":\"https:\\\/\\\/dogsome.dk\\\/\",\"name\":\"dogsome.dk\",\"description\":\"\",\"potentialAction\":[{\"@type\":\"SearchAction\",\"target\":{\"@type\":\"EntryPoint\",\"urlTemplate\":\"https:\\\/\\\/dogsome.dk\\\/?s={search_term_string}\"},\"query-input\":{\"@type\":\"PropertyValueSpecification\",\"valueRequired\":true,\"valueName\":\"search_term_string\"}}],\"inLanguage\":\"de\"}]}<\/script>\n<!-- \/ Yoast SEO plugin. -->","yoast_head_json":{"title":"Herren Second Element Winterjacke Schwarz - dogsome.dk","description":"Diese wundersch\u00f6ne Winterjacke von Second Element ist nicht nur praktisch, warm und funktionell, sondern sieht auch noch toll aus. Mit seinem trendigen und entspannten und gleichzeitig stilvoll eleganten Design l\u00e4sst es sich leicht mit Jeans f\u00fcr einen entspannten Look oder mit Outdoor-Hosen f\u00fcr einen Spaziergang in der Natur oder auf dem Trainingsgel\u00e4nde kombinieren, oder auch als sch\u00f6ne und edle Jacke, wenn Sie unterwegs sind Man muss nett sein und in der Stadt spazieren gehen. Mit anderen Worten: Es ist multifunktional.","robots":{"index":"index","follow":"follow","max-snippet":"max-snippet:-1","max-image-preview":"max-image-preview:large","max-video-preview":"max-video-preview:-1"},"canonical":"https:\/\/dogsome.dk\/de\/vare\/herren-second-element-winterjacke-schwarz\/","og_locale":"de_DE","og_type":"article","og_title":"Herren Second Element Winterjacke Schwarz - dogsome.dk","og_description":"Diese wundersch\u00f6ne Winterjacke von Second Element ist nicht nur praktisch, warm und funktionell, sondern sieht auch noch toll aus. Mit seinem trendigen und entspannten und gleichzeitig stilvoll eleganten Design l\u00e4sst es sich leicht mit Jeans f\u00fcr einen entspannten Look oder mit Outdoor-Hosen f\u00fcr einen Spaziergang in der Natur oder auf dem Trainingsgel\u00e4nde kombinieren, oder auch als sch\u00f6ne und edle Jacke, wenn Sie unterwegs sind Man muss nett sein und in der Stadt spazieren gehen. Mit anderen Worten: Es ist multifunktional.","og_url":"https:\/\/dogsome.dk\/de\/vare\/herren-second-element-winterjacke-schwarz\/","og_site_name":"dogsome.dk","article_modified_time":"2026-02-09T19:05:09+00:00","og_image":[{"width":1707,"height":2560,"url":"https:\/\/dogsome.dk\/wp-content\/uploads\/2023\/09\/HerreJakkeSort-scaled.jpg","type":"image\/jpeg"}],"twitter_card":"summary_large_image","twitter_misc":{"Gesch\u00e4tzte Lesezeit":"1\u00a0Minute"},"schema":{"@context":"https:\/\/schema.org","@graph":[{"@type":"WebPage","@id":"https:\/\/dogsome.dk\/de\/vare\/herren-second-element-winterjacke-schwarz\/","url":"https:\/\/dogsome.dk\/de\/vare\/herren-second-element-winterjacke-schwarz\/","name":"Herren Second Element Winterjacke Schwarz - dogsome.dk","isPartOf":{"@id":"https:\/\/dogsome.dk\/#website"},"primaryImageOfPage":{"@id":"https:\/\/dogsome.dk\/de\/vare\/herren-second-element-winterjacke-schwarz\/#primaryimage"},"image":{"@id":"https:\/\/dogsome.dk\/de\/vare\/herren-second-element-winterjacke-schwarz\/#primaryimage"},"thumbnailUrl":"https:\/\/dogsome.dk\/wp-content\/uploads\/2023\/09\/HerreJakkeSort-scaled.jpg","datePublished":"2023-09-11T22:27:16+00:00","dateModified":"2026-02-09T19:05:09+00:00","description":"Diese wundersch\u00f6ne Winterjacke von Second Element ist nicht nur praktisch, warm und funktionell, sondern sieht auch noch toll aus. Mit seinem trendigen und entspannten und gleichzeitig stilvoll eleganten Design l\u00e4sst es sich leicht mit Jeans f\u00fcr einen entspannten Look oder mit Outdoor-Hosen f\u00fcr einen Spaziergang in der Natur oder auf dem Trainingsgel\u00e4nde kombinieren, oder auch als sch\u00f6ne und edle Jacke, wenn Sie unterwegs sind Man muss nett sein und in der Stadt spazieren gehen. Mit anderen Worten: Es ist multifunktional.","breadcrumb":{"@id":"https:\/\/dogsome.dk\/de\/vare\/herren-second-element-winterjacke-schwarz\/#breadcrumb"},"inLanguage":"de","potentialAction":[{"@type":"ReadAction","target":["https:\/\/dogsome.dk\/de\/vare\/herren-second-element-winterjacke-schwarz\/"]}]},{"@type":"ImageObject","inLanguage":"de","@id":"https:\/\/dogsome.dk\/de\/vare\/herren-second-element-winterjacke-schwarz\/#primaryimage","url":"https:\/\/dogsome.dk\/wp-content\/uploads\/2023\/09\/HerreJakkeSort-scaled.jpg","contentUrl":"https:\/\/dogsome.dk\/wp-content\/uploads\/2023\/09\/HerreJakkeSort-scaled.jpg","width":1707,"height":2560,"caption":"Mand black front"},{"@type":"BreadcrumbList","@id":"https:\/\/dogsome.dk\/de\/vare\/herren-second-element-winterjacke-schwarz\/#breadcrumb","itemListElement":[{"@type":"ListItem","position":1,"name":"Hjem","item":"https:\/\/dogsome.dk\/de\/titelseite\/"},{"@type":"ListItem","position":2,"name":"Shop","item":"https:\/\/dogsome.dk\/shop\/"},{"@type":"ListItem","position":3,"name":"Herren Second Element Winterjacke Schwarz"}]},{"@type":"WebSite","@id":"https:\/\/dogsome.dk\/#website","url":"https:\/\/dogsome.dk\/","name":"dogsome.dk","description":"","potentialAction":[{"@type":"SearchAction","target":{"@type":"EntryPoint","urlTemplate":"https:\/\/dogsome.dk\/?s={search_term_string}"},"query-input":{"@type":"PropertyValueSpecification","valueRequired":true,"valueName":"search_term_string"}}],"inLanguage":"de"}]}},"_links":{"self":[{"href":"https:\/\/dogsome.dk\/de\/wp-json\/wp\/v2\/product\/10518","targetHints":{"allow":["GET"]}}],"collection":[{"href":"https:\/\/dogsome.dk\/de\/wp-json\/wp\/v2\/product"}],"about":[{"href":"https:\/\/dogsome.dk\/de\/wp-json\/wp\/v2\/types\/product"}],"wp:featuredmedia":[{"embeddable":true,"href":"https:\/\/dogsome.dk\/de\/wp-json\/wp\/v2\/media\/10534"}],"wp:attachment":[{"href":"https:\/\/dogsome.dk\/de\/wp-json\/wp\/v2\/media?parent=10518"}],"wp:term":[{"taxonomy":"product_brand","embeddable":true,"href":"https:\/\/dogsome.dk\/de\/wp-json\/wp\/v2\/product_brand?post=10518"},{"taxonomy":"product_cat","embeddable":true,"href":"https:\/\/dogsome.dk\/de\/wp-json\/wp\/v2\/product_cat?post=10518"},{"taxonomy":"product_tag","embeddable":true,"href":"https:\/\/dogsome.dk\/de\/wp-json\/wp\/v2\/product_tag?post=10518"}],"curies":[{"name":"wp","href":"https:\/\/api.w.org\/{rel}","templated":true}]}}