{"id":10737,"date":"2023-10-08T17:00:10","date_gmt":"2023-10-08T15:00:10","guid":{"rendered":"https:\/\/dogsome.dk\/vare\/super-flex-bamboo-boxer-shorts\/"},"modified":"2023-11-26T18:07:42","modified_gmt":"2023-11-26T17:07:42","slug":"super-flex-bamboo-boxer-shorts","status":"publish","type":"product","link":"https:\/\/dogsome.dk\/de\/vare\/super-flex-bamboo-boxer-shorts\/","title":{"rendered":"Super Flex Bamboo Boxer shorts"},"content":{"rendered":"<p>Awesome and handsome Super flex Bamboo Boxer shorts Dogsome &#8211; and then some.<\/p>\n<ul>\n<li>Keine Seitennaht<\/li>\n<li>Flache N\u00e4hte zur Vermeidung von Irritationen<\/li>\n<li>Funktionelles 4-Wege-Stretchmaterial<\/li>\n<li>Hergestellt aus: 95 % Bambus und 5 % Elasthan<\/li>\n<li>Wunderbar weich<\/li>\n<li>Gummiband in der Taille mit weich geb\u00fcrsteter R\u00fcckseite<\/li>\n<li>Fantastische Temperaturregulierung<\/li>\n<li>Schwei\u00dfresistent und antibakteriell<\/li>\n<li>Umwelt- und umweltfreundlich.<\/li>\n<\/ul>\n<p>Erh\u00e4ltlich f\u00fcr Herren in zwei Packungen mit 1 Paar Gr\u00fcn und 1 Paar Schwarz in der Packung<\/p>\n<p>Erh\u00e4ltlich in den Gr\u00f6\u00dfen S bis XL<\/p>\n<p>Waschanleitung 40 gr.<\/p>\n<p>Enth\u00e4lt nichttextile Teile tierischen Ursprungs<\/p>\n<p>Enth\u00e4lt kein Fluorid<\/p>\n","protected":false},"excerpt":{"rendered":"<h4><strong>2 Packungen Superflex-Boxershorts aus Bambus f\u00fcr Outdoor, Sport und Abenteuer. <\/strong><\/h4>\n<p>Bei diesem Design haben wir uns auf Funktionalit\u00e4t und Komfort konzentriert.<\/p>\n<p>-Wird in einer Box mit 1 Paar Gr\u00fcn und 1 Paar Schwarz geliefert.<\/p>\n<ol>\n<li><strong>Luxuri\u00f6ser Komfort:<\/strong> Unglaublich weich und angenehm auf der Haut. Erleben Sie die Gans. Erleben Sie puren Luxus.<\/li>\n<li><strong>Atmungsaktivit\u00e4t:<\/strong> Bambus ist von Natur aus atmungsaktiv und h\u00e4lt Sie in jeder Situation k\u00fchl und trocken.<\/li>\n<li><strong>Umweltfreundlich:<\/strong> Unsere Bambus-Boxershorts sind nachhaltig und umweltfreundlich produziert.<\/li>\n<li><strong>Elastisch und st\u00fctzend:<\/strong> Beste Bewegungsfreiheit ohne Einbu\u00dfen bei Halt und Komfort.<\/li>\n<li><strong>Stilvolles Design:<\/strong> Moderne Designs, <strong>ohne Seitenn\u00e4hte<\/strong>, damit Sie sich wohl f\u00fchlen und gleichzeitig gut aussehen.<\/li>\n<li><strong>Haltbarkeit:<\/strong> Hochwertige und robuste Materialien sorgen daf\u00fcr, dass unsere Bambus-Boxershorts ihre Form und ihren Komfort behalten.<\/li>\n<\/ol>\n","protected":false},"featured_media":10715,"template":"","meta":{"_et_pb_use_builder":"","_et_pb_old_content":"","_et_gb_content_width":""},"product_brand":[],"product_cat":[419,109,113,355],"product_tag":[],"class_list":{"0":"post-10737","1":"product","2":"type-product","3":"status-publish","4":"has-post-thumbnail","6":"product_cat-udstyr","7":"product_cat-herre","8":"product_cat-herre-bukser","9":"product_cat-tilbehoer","11":"first","12":"instock","13":"shipping-taxable","14":"purchasable","15":"product-type-variable","16":"wvs-archive-product-wrapper"},"yoast_head":"<!-- This site is optimized with the Yoast SEO plugin v27.4 - https:\/\/yoast.com\/product\/yoast-seo-wordpress\/ -->\n<title>Super Flex Bamboo Boxer shorts - dogsome.dk<\/title>\n<meta name=\"description\" content=\"2 Packungen Superflex-Boxershorts aus Bambus f\u00fcr Outdoor, Sport und Abenteuer. Bei diesem Design haben wir uns auf Funktionalit\u00e4t und Komfort konzentriert. Das perfekte Design mit der richtigen Form war bei unseren Zeichnungen und der Produktion wichtig. Warum die Bambus-Boxershorts von Dogsome die besten sind: Luxuri\u00f6ser Komfort: Unsere Boxershorts aus feinster Bambusviskose sind unglaublich weich und angenehm auf der Haut. Erleben Sie den ganzen Tag ein Gef\u00fchl von purem Luxus.\" \/>\n<meta name=\"robots\" content=\"index, follow, max-snippet:-1, max-image-preview:large, max-video-preview:-1\" \/>\n<link rel=\"canonical\" href=\"https:\/\/dogsome.dk\/vare\/super-flex-bamboo-boxer-shorts\/\" \/>\n<meta property=\"og:locale\" content=\"de_DE\" \/>\n<meta property=\"og:type\" content=\"article\" \/>\n<meta property=\"og:title\" content=\"Super Flex Bamboo Boxer shorts - dogsome.dk\" \/>\n<meta property=\"og:description\" content=\"2 Packungen Superflex-Boxershorts aus Bambus f\u00fcr Outdoor, Sport und Abenteuer. Bei diesem Design haben wir uns auf Funktionalit\u00e4t und Komfort konzentriert. Das perfekte Design mit der richtigen Form war bei unseren Zeichnungen und der Produktion wichtig. Warum die Bambus-Boxershorts von Dogsome die besten sind: Luxuri\u00f6ser Komfort: Unsere Boxershorts aus feinster Bambusviskose sind unglaublich weich und angenehm auf der Haut. Erleben Sie den ganzen Tag ein Gef\u00fchl von purem Luxus.\" \/>\n<meta property=\"og:url\" content=\"https:\/\/dogsome.dk\/vare\/super-flex-bamboo-boxer-shorts\/\" \/>\n<meta property=\"og:site_name\" content=\"dogsome.dk\" \/>\n<meta property=\"article:modified_time\" content=\"2023-11-26T17:07:42+00:00\" \/>\n<meta property=\"og:image\" content=\"https:\/\/dogsome.dk\/wp-content\/uploads\/2023\/10\/Super-Flex-Bamboo-Boxer-shorts-scaled.jpg\" \/>\n\t<meta property=\"og:image:width\" content=\"1707\" \/>\n\t<meta property=\"og:image:height\" content=\"2560\" \/>\n\t<meta property=\"og:image:type\" content=\"image\/jpeg\" \/>\n<meta name=\"twitter:card\" content=\"summary_large_image\" \/>\n<script type=\"application\/ld+json\" class=\"yoast-schema-graph\">{\"@context\":\"https:\\\/\\\/schema.org\",\"@graph\":[{\"@type\":\"WebPage\",\"@id\":\"https:\\\/\\\/dogsome.dk\\\/vare\\\/super-flex-bamboo-boxer-shorts\\\/\",\"url\":\"https:\\\/\\\/dogsome.dk\\\/vare\\\/super-flex-bamboo-boxer-shorts\\\/\",\"name\":\"Super Flex Bamboo Boxer shorts - dogsome.dk\",\"isPartOf\":{\"@id\":\"https:\\\/\\\/dogsome.dk\\\/#website\"},\"primaryImageOfPage\":{\"@id\":\"https:\\\/\\\/dogsome.dk\\\/vare\\\/super-flex-bamboo-boxer-shorts\\\/#primaryimage\"},\"image\":{\"@id\":\"https:\\\/\\\/dogsome.dk\\\/vare\\\/super-flex-bamboo-boxer-shorts\\\/#primaryimage\"},\"thumbnailUrl\":\"https:\\\/\\\/dogsome.dk\\\/wp-content\\\/uploads\\\/2023\\\/10\\\/Super-Flex-Bamboo-Boxer-shorts-scaled.jpg\",\"datePublished\":\"2023-10-08T15:00:10+00:00\",\"dateModified\":\"2023-11-26T17:07:42+00:00\",\"description\":\"2 Packungen Superflex-Boxershorts aus Bambus f\u00fcr Outdoor, Sport und Abenteuer. Bei diesem Design haben wir uns auf Funktionalit\u00e4t und Komfort konzentriert. Das perfekte Design mit der richtigen Form war bei unseren Zeichnungen und der Produktion wichtig. Warum die Bambus-Boxershorts von Dogsome die besten sind: Luxuri\u00f6ser Komfort: Unsere Boxershorts aus feinster Bambusviskose sind unglaublich weich und angenehm auf der Haut. Erleben Sie den ganzen Tag ein Gef\u00fchl von purem Luxus.\",\"breadcrumb\":{\"@id\":\"https:\\\/\\\/dogsome.dk\\\/vare\\\/super-flex-bamboo-boxer-shorts\\\/#breadcrumb\"},\"inLanguage\":\"de\",\"potentialAction\":[{\"@type\":\"ReadAction\",\"target\":[\"https:\\\/\\\/dogsome.dk\\\/vare\\\/super-flex-bamboo-boxer-shorts\\\/\"]}]},{\"@type\":\"ImageObject\",\"inLanguage\":\"de\",\"@id\":\"https:\\\/\\\/dogsome.dk\\\/vare\\\/super-flex-bamboo-boxer-shorts\\\/#primaryimage\",\"url\":\"https:\\\/\\\/dogsome.dk\\\/wp-content\\\/uploads\\\/2023\\\/10\\\/Super-Flex-Bamboo-Boxer-shorts-scaled.jpg\",\"contentUrl\":\"https:\\\/\\\/dogsome.dk\\\/wp-content\\\/uploads\\\/2023\\\/10\\\/Super-Flex-Bamboo-Boxer-shorts-scaled.jpg\",\"width\":1707,\"height\":2560,\"caption\":\"Super Flex Bamboo Boxer shorts\"},{\"@type\":\"BreadcrumbList\",\"@id\":\"https:\\\/\\\/dogsome.dk\\\/vare\\\/super-flex-bamboo-boxer-shorts\\\/#breadcrumb\",\"itemListElement\":[{\"@type\":\"ListItem\",\"position\":1,\"name\":\"Hjem\",\"item\":\"https:\\\/\\\/dogsome.dk\\\/de\\\/titelseite\\\/\"},{\"@type\":\"ListItem\",\"position\":2,\"name\":\"Shop\",\"item\":\"https:\\\/\\\/dogsome.dk\\\/shop\\\/\"},{\"@type\":\"ListItem\",\"position\":3,\"name\":\"Super Flex Bamboo Boxer shorts\"}]},{\"@type\":\"WebSite\",\"@id\":\"https:\\\/\\\/dogsome.dk\\\/#website\",\"url\":\"https:\\\/\\\/dogsome.dk\\\/\",\"name\":\"dogsome.dk\",\"description\":\"\",\"potentialAction\":[{\"@type\":\"SearchAction\",\"target\":{\"@type\":\"EntryPoint\",\"urlTemplate\":\"https:\\\/\\\/dogsome.dk\\\/?s={search_term_string}\"},\"query-input\":{\"@type\":\"PropertyValueSpecification\",\"valueRequired\":true,\"valueName\":\"search_term_string\"}}],\"inLanguage\":\"de\"}]}<\/script>\n<!-- \/ Yoast SEO plugin. -->","yoast_head_json":{"title":"Super Flex Bamboo Boxer shorts - dogsome.dk","description":"2 Packungen Superflex-Boxershorts aus Bambus f\u00fcr Outdoor, Sport und Abenteuer. Bei diesem Design haben wir uns auf Funktionalit\u00e4t und Komfort konzentriert. Das perfekte Design mit der richtigen Form war bei unseren Zeichnungen und der Produktion wichtig. Warum die Bambus-Boxershorts von Dogsome die besten sind: Luxuri\u00f6ser Komfort: Unsere Boxershorts aus feinster Bambusviskose sind unglaublich weich und angenehm auf der Haut. Erleben Sie den ganzen Tag ein Gef\u00fchl von purem Luxus.","robots":{"index":"index","follow":"follow","max-snippet":"max-snippet:-1","max-image-preview":"max-image-preview:large","max-video-preview":"max-video-preview:-1"},"canonical":"https:\/\/dogsome.dk\/vare\/super-flex-bamboo-boxer-shorts\/","og_locale":"de_DE","og_type":"article","og_title":"Super Flex Bamboo Boxer shorts - dogsome.dk","og_description":"2 Packungen Superflex-Boxershorts aus Bambus f\u00fcr Outdoor, Sport und Abenteuer. Bei diesem Design haben wir uns auf Funktionalit\u00e4t und Komfort konzentriert. Das perfekte Design mit der richtigen Form war bei unseren Zeichnungen und der Produktion wichtig. Warum die Bambus-Boxershorts von Dogsome die besten sind: Luxuri\u00f6ser Komfort: Unsere Boxershorts aus feinster Bambusviskose sind unglaublich weich und angenehm auf der Haut. Erleben Sie den ganzen Tag ein Gef\u00fchl von purem Luxus.","og_url":"https:\/\/dogsome.dk\/vare\/super-flex-bamboo-boxer-shorts\/","og_site_name":"dogsome.dk","article_modified_time":"2023-11-26T17:07:42+00:00","og_image":[{"width":1707,"height":2560,"url":"https:\/\/dogsome.dk\/wp-content\/uploads\/2023\/10\/Super-Flex-Bamboo-Boxer-shorts-scaled.jpg","type":"image\/jpeg"}],"twitter_card":"summary_large_image","schema":{"@context":"https:\/\/schema.org","@graph":[{"@type":"WebPage","@id":"https:\/\/dogsome.dk\/vare\/super-flex-bamboo-boxer-shorts\/","url":"https:\/\/dogsome.dk\/vare\/super-flex-bamboo-boxer-shorts\/","name":"Super Flex Bamboo Boxer shorts - dogsome.dk","isPartOf":{"@id":"https:\/\/dogsome.dk\/#website"},"primaryImageOfPage":{"@id":"https:\/\/dogsome.dk\/vare\/super-flex-bamboo-boxer-shorts\/#primaryimage"},"image":{"@id":"https:\/\/dogsome.dk\/vare\/super-flex-bamboo-boxer-shorts\/#primaryimage"},"thumbnailUrl":"https:\/\/dogsome.dk\/wp-content\/uploads\/2023\/10\/Super-Flex-Bamboo-Boxer-shorts-scaled.jpg","datePublished":"2023-10-08T15:00:10+00:00","dateModified":"2023-11-26T17:07:42+00:00","description":"2 Packungen Superflex-Boxershorts aus Bambus f\u00fcr Outdoor, Sport und Abenteuer. Bei diesem Design haben wir uns auf Funktionalit\u00e4t und Komfort konzentriert. Das perfekte Design mit der richtigen Form war bei unseren Zeichnungen und der Produktion wichtig. Warum die Bambus-Boxershorts von Dogsome die besten sind: Luxuri\u00f6ser Komfort: Unsere Boxershorts aus feinster Bambusviskose sind unglaublich weich und angenehm auf der Haut. Erleben Sie den ganzen Tag ein Gef\u00fchl von purem Luxus.","breadcrumb":{"@id":"https:\/\/dogsome.dk\/vare\/super-flex-bamboo-boxer-shorts\/#breadcrumb"},"inLanguage":"de","potentialAction":[{"@type":"ReadAction","target":["https:\/\/dogsome.dk\/vare\/super-flex-bamboo-boxer-shorts\/"]}]},{"@type":"ImageObject","inLanguage":"de","@id":"https:\/\/dogsome.dk\/vare\/super-flex-bamboo-boxer-shorts\/#primaryimage","url":"https:\/\/dogsome.dk\/wp-content\/uploads\/2023\/10\/Super-Flex-Bamboo-Boxer-shorts-scaled.jpg","contentUrl":"https:\/\/dogsome.dk\/wp-content\/uploads\/2023\/10\/Super-Flex-Bamboo-Boxer-shorts-scaled.jpg","width":1707,"height":2560,"caption":"Super Flex Bamboo Boxer shorts"},{"@type":"BreadcrumbList","@id":"https:\/\/dogsome.dk\/vare\/super-flex-bamboo-boxer-shorts\/#breadcrumb","itemListElement":[{"@type":"ListItem","position":1,"name":"Hjem","item":"https:\/\/dogsome.dk\/de\/titelseite\/"},{"@type":"ListItem","position":2,"name":"Shop","item":"https:\/\/dogsome.dk\/shop\/"},{"@type":"ListItem","position":3,"name":"Super Flex Bamboo Boxer shorts"}]},{"@type":"WebSite","@id":"https:\/\/dogsome.dk\/#website","url":"https:\/\/dogsome.dk\/","name":"dogsome.dk","description":"","potentialAction":[{"@type":"SearchAction","target":{"@type":"EntryPoint","urlTemplate":"https:\/\/dogsome.dk\/?s={search_term_string}"},"query-input":{"@type":"PropertyValueSpecification","valueRequired":true,"valueName":"search_term_string"}}],"inLanguage":"de"}]}},"_links":{"self":[{"href":"https:\/\/dogsome.dk\/de\/wp-json\/wp\/v2\/product\/10737","targetHints":{"allow":["GET"]}}],"collection":[{"href":"https:\/\/dogsome.dk\/de\/wp-json\/wp\/v2\/product"}],"about":[{"href":"https:\/\/dogsome.dk\/de\/wp-json\/wp\/v2\/types\/product"}],"wp:featuredmedia":[{"embeddable":true,"href":"https:\/\/dogsome.dk\/de\/wp-json\/wp\/v2\/media\/10715"}],"wp:attachment":[{"href":"https:\/\/dogsome.dk\/de\/wp-json\/wp\/v2\/media?parent=10737"}],"wp:term":[{"taxonomy":"product_brand","embeddable":true,"href":"https:\/\/dogsome.dk\/de\/wp-json\/wp\/v2\/product_brand?post=10737"},{"taxonomy":"product_cat","embeddable":true,"href":"https:\/\/dogsome.dk\/de\/wp-json\/wp\/v2\/product_cat?post=10737"},{"taxonomy":"product_tag","embeddable":true,"href":"https:\/\/dogsome.dk\/de\/wp-json\/wp\/v2\/product_tag?post=10737"}],"curies":[{"name":"wp","href":"https:\/\/api.w.org\/{rel}","templated":true}]}}