{"id":10846,"date":"2023-10-08T21:05:25","date_gmt":"2023-10-08T19:05:25","guid":{"rendered":"https:\/\/dogsome.dk\/?post_type=product&#038;p=10846"},"modified":"2023-11-26T18:07:30","modified_gmt":"2023-11-26T17:07:30","slug":"herren-bamboo-adventure-shirt-schwarz","status":"publish","type":"product","link":"https:\/\/dogsome.dk\/de\/vare\/herren-bamboo-adventure-shirt-schwarz\/","title":{"rendered":"Herren Bamboo Adventure shirt Schwarz"},"content":{"rendered":"<h4><em><strong>DOGSOME bamboo Adventure shirt <\/strong><\/em><\/h4>\n<h4>&#8211; Ist perfekt f\u00fcr Sie, die es lieben, aktiv, modern und stilvoll zu sein. Ob Sie zur Arbeit gehen, in die Stadt, laufen, wandern, Mountainbike fahren oder Ihren Hund trainieren, es ist perfekt f\u00fcr jede Art von Aktivit\u00e4t und allt\u00e4gliche Aufgaben.<\/h4>\n<h4>Es ist super weich und bequem, Sie werden einfach die Freiheit in jeder Bewegung genie\u00dfen.<\/h4>\n<p>230 gsm.<\/p>\n<p>Passform: normal (nicht figurbetont)<\/p>\n<p>Waschanleitung 40 gr. (Bambus l\u00e4sst sich aber schon ab 30 gr sauber waschen)<\/p>\n<ul>\n<li>95 % Bambusfasern<\/li>\n<li>5% Spandex<\/li>\n<\/ul>\n<p>Enth\u00e4lt nichttextile Teile tierischen Ursprungs<\/p>\n<p>Enth\u00e4lt kein Fluorid<\/p>\n<p>&nbsp;<\/p>\n","protected":false},"excerpt":{"rendered":"<h4><strong>Das DOGSOME Bamboo Adventure Shirt ist das perfekte Langarm-T-Shirt <\/strong><\/h4>\n<h4>Perfekt als Innenschicht im Winter oder als sch\u00f6ner weicher Pullover im Sommer.<\/h4>\n<h4><span style=\"font-size: 16px;\">Dogsome Bamboo<\/span> Adventure shirt <span style=\"font-size: 16px;\">ist temperaturregulierend. Das hei\u00dft, es h\u00e4lt dich warm in der K\u00e4lte und k\u00fchl, wenn es hei\u00df ist.<\/span><\/h4>\n<p>Es ist schwei\u00dfableitend, da Bambusfasern 3-4 Mal mehr Schwei\u00df aufnehmen k\u00f6nnen als normale Baumwolle.<\/p>\n<p>Das T-Shirt ist antibakteriell und riecht daher nicht so schnell nach Schwei\u00df wie andere T-Shirt-Materialien.<\/p>\n<p>Es ist auch antistatisch und klebt daher nicht auf der Haut, w\u00e4hrend es super angenehm, weich und bel\u00fcftet zu tragen ist.<\/p>\n<p>Bambusfasern sind au\u00dfergew\u00f6hnlich weich, sodass Sie die Weichheit sofort auf der Haut sp\u00fcren werden.<\/p>\n","protected":false},"featured_media":10862,"template":"","meta":{"_et_pb_use_builder":"","_et_pb_old_content":"","_et_gb_content_width":""},"product_brand":[],"product_cat":[387,394,392],"product_tag":[],"class_list":{"0":"post-10846","1":"product","2":"type-product","3":"status-publish","4":"has-post-thumbnail","6":"product_cat-herr","7":"product_cat-herren-t-shirts","8":"product_cat-pullover-fuer-herren","10":"first","11":"instock","12":"shipping-taxable","13":"purchasable","14":"product-type-variable","15":"wvs-archive-product-wrapper"},"yoast_head":"<!-- This site is optimized with the Yoast SEO plugin v27.4 - https:\/\/yoast.com\/product\/yoast-seo-wordpress\/ -->\n<title>Herren Bamboo Adventure shirt Schwarz - dogsome.dk<\/title>\n<meta name=\"description\" content=\"Das DOGSOME Bamboo Adventure Shirt in Schwarz ist perfekt f\u00fcr Sie, die es lieben, aktiv, modern und stilvoll zu sein. Ob Sie zur Arbeit gehen, in die Stadt, laufen, wandern, Mountainbike fahren oder Ihren Hund trainieren, es ist perfekt f\u00fcr jede Art von Aktivit\u00e4t und allt\u00e4gliche Aufgaben. Es ist super weich und bequem, Sie werden einfach die Freiheit in jeder Bewegung genie\u00dfen.\" \/>\n<meta name=\"robots\" content=\"index, follow, max-snippet:-1, max-image-preview:large, max-video-preview:-1\" \/>\n<link rel=\"canonical\" href=\"https:\/\/dogsome.dk\/vare\/herre-bamboo-adventure-shirt-sort\/\" \/>\n<meta property=\"og:locale\" content=\"de_DE\" \/>\n<meta property=\"og:type\" content=\"article\" \/>\n<meta property=\"og:title\" content=\"Herren Bamboo Adventure shirt Schwarz - dogsome.dk\" \/>\n<meta property=\"og:description\" content=\"Das DOGSOME Bamboo Adventure Shirt in Schwarz ist perfekt f\u00fcr Sie, die es lieben, aktiv, modern und stilvoll zu sein. Ob Sie zur Arbeit gehen, in die Stadt, laufen, wandern, Mountainbike fahren oder Ihren Hund trainieren, es ist perfekt f\u00fcr jede Art von Aktivit\u00e4t und allt\u00e4gliche Aufgaben. Es ist super weich und bequem, Sie werden einfach die Freiheit in jeder Bewegung genie\u00dfen.\" \/>\n<meta property=\"og:url\" content=\"https:\/\/dogsome.dk\/vare\/herre-bamboo-adventure-shirt-sort\/\" \/>\n<meta property=\"og:site_name\" content=\"dogsome.dk\" \/>\n<meta property=\"article:modified_time\" content=\"2023-11-26T17:07:30+00:00\" \/>\n<meta property=\"og:image\" content=\"https:\/\/dogsome.dk\/wp-content\/uploads\/2023\/10\/Man-long-sleeve-scaled.jpg\" \/>\n\t<meta property=\"og:image:width\" content=\"1707\" \/>\n\t<meta property=\"og:image:height\" content=\"2560\" \/>\n\t<meta property=\"og:image:type\" content=\"image\/jpeg\" \/>\n<meta name=\"twitter:card\" content=\"summary_large_image\" \/>\n<script type=\"application\/ld+json\" class=\"yoast-schema-graph\">{\"@context\":\"https:\\\/\\\/schema.org\",\"@graph\":[{\"@type\":\"WebPage\",\"@id\":\"https:\\\/\\\/dogsome.dk\\\/vare\\\/herre-bamboo-adventure-shirt-sort\\\/\",\"url\":\"https:\\\/\\\/dogsome.dk\\\/vare\\\/herre-bamboo-adventure-shirt-sort\\\/\",\"name\":\"Herren Bamboo Adventure shirt Schwarz - dogsome.dk\",\"isPartOf\":{\"@id\":\"https:\\\/\\\/dogsome.dk\\\/#website\"},\"primaryImageOfPage\":{\"@id\":\"https:\\\/\\\/dogsome.dk\\\/vare\\\/herre-bamboo-adventure-shirt-sort\\\/#primaryimage\"},\"image\":{\"@id\":\"https:\\\/\\\/dogsome.dk\\\/vare\\\/herre-bamboo-adventure-shirt-sort\\\/#primaryimage\"},\"thumbnailUrl\":\"https:\\\/\\\/dogsome.dk\\\/wp-content\\\/uploads\\\/2023\\\/10\\\/Man-long-sleeve-scaled.jpg\",\"datePublished\":\"2023-10-08T19:05:25+00:00\",\"dateModified\":\"2023-11-26T17:07:30+00:00\",\"description\":\"Das DOGSOME Bamboo Adventure Shirt in Schwarz ist perfekt f\u00fcr Sie, die es lieben, aktiv, modern und stilvoll zu sein. Ob Sie zur Arbeit gehen, in die Stadt, laufen, wandern, Mountainbike fahren oder Ihren Hund trainieren, es ist perfekt f\u00fcr jede Art von Aktivit\u00e4t und allt\u00e4gliche Aufgaben. Es ist super weich und bequem, Sie werden einfach die Freiheit in jeder Bewegung genie\u00dfen.\",\"breadcrumb\":{\"@id\":\"https:\\\/\\\/dogsome.dk\\\/vare\\\/herre-bamboo-adventure-shirt-sort\\\/#breadcrumb\"},\"inLanguage\":\"de\",\"potentialAction\":[{\"@type\":\"ReadAction\",\"target\":[\"https:\\\/\\\/dogsome.dk\\\/vare\\\/herre-bamboo-adventure-shirt-sort\\\/\"]}]},{\"@type\":\"ImageObject\",\"inLanguage\":\"de\",\"@id\":\"https:\\\/\\\/dogsome.dk\\\/vare\\\/herre-bamboo-adventure-shirt-sort\\\/#primaryimage\",\"url\":\"https:\\\/\\\/dogsome.dk\\\/wp-content\\\/uploads\\\/2023\\\/10\\\/Man-long-sleeve-scaled.jpg\",\"contentUrl\":\"https:\\\/\\\/dogsome.dk\\\/wp-content\\\/uploads\\\/2023\\\/10\\\/Man-long-sleeve-scaled.jpg\",\"width\":1707,\"height\":2560,\"caption\":\"Man long sleeve\"},{\"@type\":\"BreadcrumbList\",\"@id\":\"https:\\\/\\\/dogsome.dk\\\/vare\\\/herre-bamboo-adventure-shirt-sort\\\/#breadcrumb\",\"itemListElement\":[{\"@type\":\"ListItem\",\"position\":1,\"name\":\"Hjem\",\"item\":\"https:\\\/\\\/dogsome.dk\\\/de\\\/titelseite\\\/\"},{\"@type\":\"ListItem\",\"position\":2,\"name\":\"Shop\",\"item\":\"https:\\\/\\\/dogsome.dk\\\/shop\\\/\"},{\"@type\":\"ListItem\",\"position\":3,\"name\":\"Herren Bamboo Adventure shirt Schwarz\"}]},{\"@type\":\"WebSite\",\"@id\":\"https:\\\/\\\/dogsome.dk\\\/#website\",\"url\":\"https:\\\/\\\/dogsome.dk\\\/\",\"name\":\"dogsome.dk\",\"description\":\"\",\"potentialAction\":[{\"@type\":\"SearchAction\",\"target\":{\"@type\":\"EntryPoint\",\"urlTemplate\":\"https:\\\/\\\/dogsome.dk\\\/?s={search_term_string}\"},\"query-input\":{\"@type\":\"PropertyValueSpecification\",\"valueRequired\":true,\"valueName\":\"search_term_string\"}}],\"inLanguage\":\"de\"}]}<\/script>\n<!-- \/ Yoast SEO plugin. -->","yoast_head_json":{"title":"Herren Bamboo Adventure shirt Schwarz - dogsome.dk","description":"Das DOGSOME Bamboo Adventure Shirt in Schwarz ist perfekt f\u00fcr Sie, die es lieben, aktiv, modern und stilvoll zu sein. Ob Sie zur Arbeit gehen, in die Stadt, laufen, wandern, Mountainbike fahren oder Ihren Hund trainieren, es ist perfekt f\u00fcr jede Art von Aktivit\u00e4t und allt\u00e4gliche Aufgaben. Es ist super weich und bequem, Sie werden einfach die Freiheit in jeder Bewegung genie\u00dfen.","robots":{"index":"index","follow":"follow","max-snippet":"max-snippet:-1","max-image-preview":"max-image-preview:large","max-video-preview":"max-video-preview:-1"},"canonical":"https:\/\/dogsome.dk\/vare\/herre-bamboo-adventure-shirt-sort\/","og_locale":"de_DE","og_type":"article","og_title":"Herren Bamboo Adventure shirt Schwarz - dogsome.dk","og_description":"Das DOGSOME Bamboo Adventure Shirt in Schwarz ist perfekt f\u00fcr Sie, die es lieben, aktiv, modern und stilvoll zu sein. Ob Sie zur Arbeit gehen, in die Stadt, laufen, wandern, Mountainbike fahren oder Ihren Hund trainieren, es ist perfekt f\u00fcr jede Art von Aktivit\u00e4t und allt\u00e4gliche Aufgaben. Es ist super weich und bequem, Sie werden einfach die Freiheit in jeder Bewegung genie\u00dfen.","og_url":"https:\/\/dogsome.dk\/vare\/herre-bamboo-adventure-shirt-sort\/","og_site_name":"dogsome.dk","article_modified_time":"2023-11-26T17:07:30+00:00","og_image":[{"width":1707,"height":2560,"url":"https:\/\/dogsome.dk\/wp-content\/uploads\/2023\/10\/Man-long-sleeve-scaled.jpg","type":"image\/jpeg"}],"twitter_card":"summary_large_image","schema":{"@context":"https:\/\/schema.org","@graph":[{"@type":"WebPage","@id":"https:\/\/dogsome.dk\/vare\/herre-bamboo-adventure-shirt-sort\/","url":"https:\/\/dogsome.dk\/vare\/herre-bamboo-adventure-shirt-sort\/","name":"Herren Bamboo Adventure shirt Schwarz - dogsome.dk","isPartOf":{"@id":"https:\/\/dogsome.dk\/#website"},"primaryImageOfPage":{"@id":"https:\/\/dogsome.dk\/vare\/herre-bamboo-adventure-shirt-sort\/#primaryimage"},"image":{"@id":"https:\/\/dogsome.dk\/vare\/herre-bamboo-adventure-shirt-sort\/#primaryimage"},"thumbnailUrl":"https:\/\/dogsome.dk\/wp-content\/uploads\/2023\/10\/Man-long-sleeve-scaled.jpg","datePublished":"2023-10-08T19:05:25+00:00","dateModified":"2023-11-26T17:07:30+00:00","description":"Das DOGSOME Bamboo Adventure Shirt in Schwarz ist perfekt f\u00fcr Sie, die es lieben, aktiv, modern und stilvoll zu sein. Ob Sie zur Arbeit gehen, in die Stadt, laufen, wandern, Mountainbike fahren oder Ihren Hund trainieren, es ist perfekt f\u00fcr jede Art von Aktivit\u00e4t und allt\u00e4gliche Aufgaben. Es ist super weich und bequem, Sie werden einfach die Freiheit in jeder Bewegung genie\u00dfen.","breadcrumb":{"@id":"https:\/\/dogsome.dk\/vare\/herre-bamboo-adventure-shirt-sort\/#breadcrumb"},"inLanguage":"de","potentialAction":[{"@type":"ReadAction","target":["https:\/\/dogsome.dk\/vare\/herre-bamboo-adventure-shirt-sort\/"]}]},{"@type":"ImageObject","inLanguage":"de","@id":"https:\/\/dogsome.dk\/vare\/herre-bamboo-adventure-shirt-sort\/#primaryimage","url":"https:\/\/dogsome.dk\/wp-content\/uploads\/2023\/10\/Man-long-sleeve-scaled.jpg","contentUrl":"https:\/\/dogsome.dk\/wp-content\/uploads\/2023\/10\/Man-long-sleeve-scaled.jpg","width":1707,"height":2560,"caption":"Man long sleeve"},{"@type":"BreadcrumbList","@id":"https:\/\/dogsome.dk\/vare\/herre-bamboo-adventure-shirt-sort\/#breadcrumb","itemListElement":[{"@type":"ListItem","position":1,"name":"Hjem","item":"https:\/\/dogsome.dk\/de\/titelseite\/"},{"@type":"ListItem","position":2,"name":"Shop","item":"https:\/\/dogsome.dk\/shop\/"},{"@type":"ListItem","position":3,"name":"Herren Bamboo Adventure shirt Schwarz"}]},{"@type":"WebSite","@id":"https:\/\/dogsome.dk\/#website","url":"https:\/\/dogsome.dk\/","name":"dogsome.dk","description":"","potentialAction":[{"@type":"SearchAction","target":{"@type":"EntryPoint","urlTemplate":"https:\/\/dogsome.dk\/?s={search_term_string}"},"query-input":{"@type":"PropertyValueSpecification","valueRequired":true,"valueName":"search_term_string"}}],"inLanguage":"de"}]}},"_links":{"self":[{"href":"https:\/\/dogsome.dk\/de\/wp-json\/wp\/v2\/product\/10846","targetHints":{"allow":["GET"]}}],"collection":[{"href":"https:\/\/dogsome.dk\/de\/wp-json\/wp\/v2\/product"}],"about":[{"href":"https:\/\/dogsome.dk\/de\/wp-json\/wp\/v2\/types\/product"}],"wp:featuredmedia":[{"embeddable":true,"href":"https:\/\/dogsome.dk\/de\/wp-json\/wp\/v2\/media\/10862"}],"wp:attachment":[{"href":"https:\/\/dogsome.dk\/de\/wp-json\/wp\/v2\/media?parent=10846"}],"wp:term":[{"taxonomy":"product_brand","embeddable":true,"href":"https:\/\/dogsome.dk\/de\/wp-json\/wp\/v2\/product_brand?post=10846"},{"taxonomy":"product_cat","embeddable":true,"href":"https:\/\/dogsome.dk\/de\/wp-json\/wp\/v2\/product_cat?post=10846"},{"taxonomy":"product_tag","embeddable":true,"href":"https:\/\/dogsome.dk\/de\/wp-json\/wp\/v2\/product_tag?post=10846"}],"curies":[{"name":"wp","href":"https:\/\/api.w.org\/{rel}","templated":true}]}}