{"id":11044,"date":"2023-11-05T19:21:28","date_gmt":"2023-11-05T18:21:28","guid":{"rendered":"https:\/\/dogsome.dk\/?post_type=product&#038;p=11044"},"modified":"2023-12-28T14:30:52","modified_gmt":"2023-12-28T13:30:52","slug":"muetze-aus-merinowolle-rosa-beige","status":"publish","type":"product","link":"https:\/\/dogsome.dk\/de\/vare\/muetze-aus-merinowolle-rosa-beige\/","title":{"rendered":"M\u00fctze aus Merinowolle in Rosa und Beige"},"content":{"rendered":"<p>DOGSOME M\u00fctze aus Merinowolle<\/p>\n<p>Die M\u00fctze ist umweltfreundlich, da sie aus dem nat\u00fcrlichen Material, der feinen Merinowolle, hergestellt wird. Die Wolle hat viele Vorteile, die Synthetik nicht bieten kann: Sie ist temperaturregulierend und beh\u00e4lt ihre Isolierf\u00e4higkeit, auch wenn sie nass wird. Von Natur aus ist es antibakteriell und hemmt so schlechte Ger\u00fcche in der Kleidung.<\/p>\n<p>Die Merinowolle in dieser M\u00fctze wird sorgf\u00e4ltig verarbeitet und daher werden die wenigsten Menschen das Gef\u00fchl haben, dass sie kratzt.<\/p>\n<p>Sch\u00f6ner, starker, flexibler Hut.<\/p>\n<p>Erh\u00e4ltlich in der Gr\u00f6\u00dfe Einheitsgr\u00f6\u00dfe, die allen Gr\u00f6\u00dfen von 55-62 \/ S-XL passt<\/p>\n<p>Waschanleitung 30 gr, (vorzugsweise im W\u00e4schebeutel\/-netz waschen). oder Handw\u00e4sche.<\/p>\n<p>100 % Merinowolle aus Neuseeland<\/p>\n<p>&nbsp;<\/p>\n","protected":false},"excerpt":{"rendered":"<p>Dogsome stellt unsere unwiderstehliche M\u00fctze aus neuseel\u00e4ndischer Merinowolle vor: Die ultimative Kombination aus Luxus und Komfort!<\/p>\n<p>Halten Sie sich stilvoll warm mit unserer wundersch\u00f6nen M\u00fctze aus feinster Merinowolle, die direkt aus der malerischen Landschaft Neuseelands stammt. Diese luxuri\u00f6se Wolle ist f\u00fcr ihre unglaubliche Weichheit und nat\u00fcrliche W\u00e4rme bekannt, die Sie auch an den k\u00e4ltesten Tagen angenehm warm h\u00e4lt.<\/p>\n<p>Unsere Merinowolle wird nachhaltig gesammelt und schonend verarbeitet und ist von Natur aus atmungsaktiv und temperaturregulierend. Das bedeutet, dass Sie diesen sch\u00f6nen Hut das ganze Jahr \u00fcber tragen k\u00f6nnen und er sich jedes Mal gro\u00dfartig anf\u00fchlt.<\/p>\n<p>Die Wolle hat viele Vorteile, mit denen Synthetik nicht mithalten kann: Sie ist temperaturregulierend und beh\u00e4lt ihre isolierenden Eigenschaften auch dann, wenn sie nass wird. Von Natur aus ist es antibakteriell und hemmt so schlechte Ger\u00fcche in der Kleidung.<\/p>\n<p>Fangen Sie noch heute Ihre eigene weiche, warme Wolke Neuseelands mit unserer wundersch\u00f6nen M\u00fctze aus Merinowolle ein. Bestellen Sie jetzt und erleben Sie ultimativen Komfort und Stil!<\/p>\n","protected":false},"featured_media":11056,"template":"","meta":{"_et_pb_use_builder":"","_et_pb_old_content":"","_et_gb_content_width":""},"product_brand":[],"product_cat":[388,402,403],"product_tag":[],"class_list":{"0":"post-11044","1":"product","2":"type-product","3":"status-publish","4":"has-post-thumbnail","6":"product_cat-dame-de","7":"product_cat-huete","8":"product_cat-zubehoer","10":"first","11":"instock","12":"shipping-taxable","13":"purchasable","14":"product-type-variable","15":"wvs-archive-product-wrapper"},"yoast_head":"<!-- This site is optimized with the Yoast SEO plugin v27.5 - https:\/\/yoast.com\/product\/yoast-seo-wordpress\/ -->\n<title>M\u00fctze aus Merinowolle in Rosa und Beige - dogsome.dk<\/title>\n<meta name=\"description\" content=\"Die Wolle hat viele Vorteile, mit denen Synthetik nicht mithalten kann: Sie ist temperaturregulierend und beh\u00e4lt ihre isolierenden Eigenschaften auch dann, wenn sie nass wird. Von Natur aus ist es antibakteriell und hemmt au\u00dferdem schlechte Ger\u00fcche in der Kleidung. Fangen Sie noch heute Ihre eigene weiche, warme Wolke Neuseelands mit unserer wundersch\u00f6nen M\u00fctze aus Merinowolle ein. Bestellen Sie jetzt und erleben Sie ultimativen Komfort und Stil!\" \/>\n<meta name=\"robots\" content=\"index, follow, max-snippet:-1, max-image-preview:large, max-video-preview:-1\" \/>\n<link rel=\"canonical\" href=\"https:\/\/dogsome.dk\/de\/vare\/sport-flexi-cap-kopier\/\" \/>\n<meta property=\"og:locale\" content=\"de_DE\" \/>\n<meta property=\"og:type\" content=\"article\" \/>\n<meta property=\"og:title\" content=\"M\u00fctze aus Merinowolle in Rosa und Beige - dogsome.dk\" \/>\n<meta property=\"og:description\" content=\"Die Wolle hat viele Vorteile, mit denen Synthetik nicht mithalten kann: Sie ist temperaturregulierend und beh\u00e4lt ihre isolierenden Eigenschaften auch dann, wenn sie nass wird. Von Natur aus ist es antibakteriell und hemmt au\u00dferdem schlechte Ger\u00fcche in der Kleidung. Fangen Sie noch heute Ihre eigene weiche, warme Wolke Neuseelands mit unserer wundersch\u00f6nen M\u00fctze aus Merinowolle ein. Bestellen Sie jetzt und erleben Sie ultimativen Komfort und Stil!\" \/>\n<meta property=\"og:url\" content=\"https:\/\/dogsome.dk\/de\/vare\/sport-flexi-cap-kopier\/\" \/>\n<meta property=\"og:site_name\" content=\"dogsome.dk\" \/>\n<meta property=\"article:modified_time\" content=\"2023-12-28T13:30:52+00:00\" \/>\n<meta property=\"og:image\" content=\"https:\/\/dogsome.dk\/wp-content\/uploads\/2023\/11\/Sart-lysserroed-Kakky-hue-scaled.jpg\" \/>\n\t<meta property=\"og:image:width\" content=\"1920\" \/>\n\t<meta property=\"og:image:height\" content=\"2880\" \/>\n\t<meta property=\"og:image:type\" content=\"image\/jpeg\" \/>\n<meta name=\"twitter:card\" content=\"summary_large_image\" \/>\n<meta name=\"twitter:label1\" content=\"Gesch\u00e4tzte Lesezeit\" \/>\n\t<meta name=\"twitter:data1\" content=\"1\u00a0Minute\" \/>\n<script type=\"application\/ld+json\" class=\"yoast-schema-graph\">{\"@context\":\"https:\\\/\\\/schema.org\",\"@graph\":[{\"@type\":\"WebPage\",\"@id\":\"https:\\\/\\\/dogsome.dk\\\/de\\\/vare\\\/sport-flexi-cap-kopier\\\/\",\"url\":\"https:\\\/\\\/dogsome.dk\\\/de\\\/vare\\\/sport-flexi-cap-kopier\\\/\",\"name\":\"M\u00fctze aus Merinowolle in Rosa und Beige - dogsome.dk\",\"isPartOf\":{\"@id\":\"https:\\\/\\\/dogsome.dk\\\/#website\"},\"primaryImageOfPage\":{\"@id\":\"https:\\\/\\\/dogsome.dk\\\/de\\\/vare\\\/sport-flexi-cap-kopier\\\/#primaryimage\"},\"image\":{\"@id\":\"https:\\\/\\\/dogsome.dk\\\/de\\\/vare\\\/sport-flexi-cap-kopier\\\/#primaryimage\"},\"thumbnailUrl\":\"https:\\\/\\\/dogsome.dk\\\/wp-content\\\/uploads\\\/2023\\\/11\\\/Sart-lysserroed-Kakky-hue-scaled.jpg\",\"datePublished\":\"2023-11-05T18:21:28+00:00\",\"dateModified\":\"2023-12-28T13:30:52+00:00\",\"description\":\"Die Wolle hat viele Vorteile, mit denen Synthetik nicht mithalten kann: Sie ist temperaturregulierend und beh\u00e4lt ihre isolierenden Eigenschaften auch dann, wenn sie nass wird. Von Natur aus ist es antibakteriell und hemmt au\u00dferdem schlechte Ger\u00fcche in der Kleidung. Fangen Sie noch heute Ihre eigene weiche, warme Wolke Neuseelands mit unserer wundersch\u00f6nen M\u00fctze aus Merinowolle ein. Bestellen Sie jetzt und erleben Sie ultimativen Komfort und Stil!\",\"breadcrumb\":{\"@id\":\"https:\\\/\\\/dogsome.dk\\\/de\\\/vare\\\/sport-flexi-cap-kopier\\\/#breadcrumb\"},\"inLanguage\":\"de\",\"potentialAction\":[{\"@type\":\"ReadAction\",\"target\":[\"https:\\\/\\\/dogsome.dk\\\/de\\\/vare\\\/sport-flexi-cap-kopier\\\/\"]}]},{\"@type\":\"ImageObject\",\"inLanguage\":\"de\",\"@id\":\"https:\\\/\\\/dogsome.dk\\\/de\\\/vare\\\/sport-flexi-cap-kopier\\\/#primaryimage\",\"url\":\"https:\\\/\\\/dogsome.dk\\\/wp-content\\\/uploads\\\/2023\\\/11\\\/Sart-lysserroed-Kakky-hue-scaled.jpg\",\"contentUrl\":\"https:\\\/\\\/dogsome.dk\\\/wp-content\\\/uploads\\\/2023\\\/11\\\/Sart-lysserroed-Kakky-hue-scaled.jpg\",\"width\":1920,\"height\":2880,\"caption\":\"Rose Beige M\u00fctze\"},{\"@type\":\"BreadcrumbList\",\"@id\":\"https:\\\/\\\/dogsome.dk\\\/de\\\/vare\\\/sport-flexi-cap-kopier\\\/#breadcrumb\",\"itemListElement\":[{\"@type\":\"ListItem\",\"position\":1,\"name\":\"Hjem\",\"item\":\"https:\\\/\\\/dogsome.dk\\\/de\\\/titelseite\\\/\"},{\"@type\":\"ListItem\",\"position\":2,\"name\":\"Shop\",\"item\":\"https:\\\/\\\/dogsome.dk\\\/shop\\\/\"},{\"@type\":\"ListItem\",\"position\":3,\"name\":\"M\u00fctze aus Merinowolle in Rosa und Beige\"}]},{\"@type\":\"WebSite\",\"@id\":\"https:\\\/\\\/dogsome.dk\\\/#website\",\"url\":\"https:\\\/\\\/dogsome.dk\\\/\",\"name\":\"dogsome.dk\",\"description\":\"\",\"potentialAction\":[{\"@type\":\"SearchAction\",\"target\":{\"@type\":\"EntryPoint\",\"urlTemplate\":\"https:\\\/\\\/dogsome.dk\\\/?s={search_term_string}\"},\"query-input\":{\"@type\":\"PropertyValueSpecification\",\"valueRequired\":true,\"valueName\":\"search_term_string\"}}],\"inLanguage\":\"de\"}]}<\/script>\n<!-- \/ Yoast SEO plugin. -->","yoast_head_json":{"title":"M\u00fctze aus Merinowolle in Rosa und Beige - dogsome.dk","description":"Die Wolle hat viele Vorteile, mit denen Synthetik nicht mithalten kann: Sie ist temperaturregulierend und beh\u00e4lt ihre isolierenden Eigenschaften auch dann, wenn sie nass wird. Von Natur aus ist es antibakteriell und hemmt au\u00dferdem schlechte Ger\u00fcche in der Kleidung. Fangen Sie noch heute Ihre eigene weiche, warme Wolke Neuseelands mit unserer wundersch\u00f6nen M\u00fctze aus Merinowolle ein. Bestellen Sie jetzt und erleben Sie ultimativen Komfort und Stil!","robots":{"index":"index","follow":"follow","max-snippet":"max-snippet:-1","max-image-preview":"max-image-preview:large","max-video-preview":"max-video-preview:-1"},"canonical":"https:\/\/dogsome.dk\/de\/vare\/sport-flexi-cap-kopier\/","og_locale":"de_DE","og_type":"article","og_title":"M\u00fctze aus Merinowolle in Rosa und Beige - dogsome.dk","og_description":"Die Wolle hat viele Vorteile, mit denen Synthetik nicht mithalten kann: Sie ist temperaturregulierend und beh\u00e4lt ihre isolierenden Eigenschaften auch dann, wenn sie nass wird. Von Natur aus ist es antibakteriell und hemmt au\u00dferdem schlechte Ger\u00fcche in der Kleidung. Fangen Sie noch heute Ihre eigene weiche, warme Wolke Neuseelands mit unserer wundersch\u00f6nen M\u00fctze aus Merinowolle ein. Bestellen Sie jetzt und erleben Sie ultimativen Komfort und Stil!","og_url":"https:\/\/dogsome.dk\/de\/vare\/sport-flexi-cap-kopier\/","og_site_name":"dogsome.dk","article_modified_time":"2023-12-28T13:30:52+00:00","og_image":[{"width":1920,"height":2880,"url":"https:\/\/dogsome.dk\/wp-content\/uploads\/2023\/11\/Sart-lysserroed-Kakky-hue-scaled.jpg","type":"image\/jpeg"}],"twitter_card":"summary_large_image","twitter_misc":{"Gesch\u00e4tzte Lesezeit":"1\u00a0Minute"},"schema":{"@context":"https:\/\/schema.org","@graph":[{"@type":"WebPage","@id":"https:\/\/dogsome.dk\/de\/vare\/sport-flexi-cap-kopier\/","url":"https:\/\/dogsome.dk\/de\/vare\/sport-flexi-cap-kopier\/","name":"M\u00fctze aus Merinowolle in Rosa und Beige - dogsome.dk","isPartOf":{"@id":"https:\/\/dogsome.dk\/#website"},"primaryImageOfPage":{"@id":"https:\/\/dogsome.dk\/de\/vare\/sport-flexi-cap-kopier\/#primaryimage"},"image":{"@id":"https:\/\/dogsome.dk\/de\/vare\/sport-flexi-cap-kopier\/#primaryimage"},"thumbnailUrl":"https:\/\/dogsome.dk\/wp-content\/uploads\/2023\/11\/Sart-lysserroed-Kakky-hue-scaled.jpg","datePublished":"2023-11-05T18:21:28+00:00","dateModified":"2023-12-28T13:30:52+00:00","description":"Die Wolle hat viele Vorteile, mit denen Synthetik nicht mithalten kann: Sie ist temperaturregulierend und beh\u00e4lt ihre isolierenden Eigenschaften auch dann, wenn sie nass wird. Von Natur aus ist es antibakteriell und hemmt au\u00dferdem schlechte Ger\u00fcche in der Kleidung. Fangen Sie noch heute Ihre eigene weiche, warme Wolke Neuseelands mit unserer wundersch\u00f6nen M\u00fctze aus Merinowolle ein. Bestellen Sie jetzt und erleben Sie ultimativen Komfort und Stil!","breadcrumb":{"@id":"https:\/\/dogsome.dk\/de\/vare\/sport-flexi-cap-kopier\/#breadcrumb"},"inLanguage":"de","potentialAction":[{"@type":"ReadAction","target":["https:\/\/dogsome.dk\/de\/vare\/sport-flexi-cap-kopier\/"]}]},{"@type":"ImageObject","inLanguage":"de","@id":"https:\/\/dogsome.dk\/de\/vare\/sport-flexi-cap-kopier\/#primaryimage","url":"https:\/\/dogsome.dk\/wp-content\/uploads\/2023\/11\/Sart-lysserroed-Kakky-hue-scaled.jpg","contentUrl":"https:\/\/dogsome.dk\/wp-content\/uploads\/2023\/11\/Sart-lysserroed-Kakky-hue-scaled.jpg","width":1920,"height":2880,"caption":"Rose Beige M\u00fctze"},{"@type":"BreadcrumbList","@id":"https:\/\/dogsome.dk\/de\/vare\/sport-flexi-cap-kopier\/#breadcrumb","itemListElement":[{"@type":"ListItem","position":1,"name":"Hjem","item":"https:\/\/dogsome.dk\/de\/titelseite\/"},{"@type":"ListItem","position":2,"name":"Shop","item":"https:\/\/dogsome.dk\/shop\/"},{"@type":"ListItem","position":3,"name":"M\u00fctze aus Merinowolle in Rosa und Beige"}]},{"@type":"WebSite","@id":"https:\/\/dogsome.dk\/#website","url":"https:\/\/dogsome.dk\/","name":"dogsome.dk","description":"","potentialAction":[{"@type":"SearchAction","target":{"@type":"EntryPoint","urlTemplate":"https:\/\/dogsome.dk\/?s={search_term_string}"},"query-input":{"@type":"PropertyValueSpecification","valueRequired":true,"valueName":"search_term_string"}}],"inLanguage":"de"}]}},"_links":{"self":[{"href":"https:\/\/dogsome.dk\/de\/wp-json\/wp\/v2\/product\/11044","targetHints":{"allow":["GET"]}}],"collection":[{"href":"https:\/\/dogsome.dk\/de\/wp-json\/wp\/v2\/product"}],"about":[{"href":"https:\/\/dogsome.dk\/de\/wp-json\/wp\/v2\/types\/product"}],"wp:featuredmedia":[{"embeddable":true,"href":"https:\/\/dogsome.dk\/de\/wp-json\/wp\/v2\/media\/11056"}],"wp:attachment":[{"href":"https:\/\/dogsome.dk\/de\/wp-json\/wp\/v2\/media?parent=11044"}],"wp:term":[{"taxonomy":"product_brand","embeddable":true,"href":"https:\/\/dogsome.dk\/de\/wp-json\/wp\/v2\/product_brand?post=11044"},{"taxonomy":"product_cat","embeddable":true,"href":"https:\/\/dogsome.dk\/de\/wp-json\/wp\/v2\/product_cat?post=11044"},{"taxonomy":"product_tag","embeddable":true,"href":"https:\/\/dogsome.dk\/de\/wp-json\/wp\/v2\/product_tag?post=11044"}],"curies":[{"name":"wp","href":"https:\/\/api.w.org\/{rel}","templated":true}]}}