{"id":11393,"date":"2023-12-28T22:23:23","date_gmt":"2023-12-28T21:23:23","guid":{"rendered":"https:\/\/dogsome.dk\/?post_type=product&#038;p=11393"},"modified":"2024-01-07T19:28:17","modified_gmt":"2024-01-07T18:28:17","slug":"flex-hut-meleret-antracit","status":"publish","type":"product","link":"https:\/\/dogsome.dk\/de\/vare\/flex-hut-meleret-antracit\/","title":{"rendered":"Flex hut Meleret Antracit"},"content":{"rendered":"<p>DOGSOME Flex hut<\/p>\n<p><strong>Willkommen bei Warm in Winter!<\/strong><\/p>\n<p>Wenn die K\u00e4lte bei\u00dft und der Winter sein raues Gesicht zeigt, k\u00f6nnen Sie auf eines nicht verzichten: unsere luxuri\u00f6se Polyester-Fleece-M\u00fctze! Unsere M\u00fctze wurde entwickelt, um Ihnen die perfekte Kombination aus Stil und W\u00e4rme zu bieten und ist das ultimative Accessoire, das Sie bei kaltem Wetter warm und modisch h\u00e4lt.<\/p>\n<p>One size, 55-62 \/ XS-2XL<\/p>\n<p>Waschanleitung 40 gr,<\/p>\n<p>100% Polyester<\/p>\n<p>&nbsp;<\/p>\n","protected":false},"excerpt":{"rendered":"<p>DOGSOME Flex hut<\/p>\n<p><strong>Willkommen bei Warm in Winter!<\/strong><\/p>\n<p>Wenn die K\u00e4lte bei\u00dft und der Winter sein raues Gesicht zeigt, k\u00f6nnen Sie auf eines nicht verzichten: unsere luxuri\u00f6se Polyester-Fleece-M\u00fctze! Unsere M\u00fctze wurde entwickelt, um Ihnen die perfekte Kombination aus Stil und W\u00e4rme zu bieten und ist das ultimative Accessoire, das Sie bei kaltem Wetter warm und modisch h\u00e4lt.<\/p>\n<p><strong>Warum unsere Polyester-Fleece-M\u00fctze?<\/strong><\/p>\n<ul>\n<li><strong>Erstaunlicher Komfort:<\/strong> Unsere M\u00fctzen bestehen aus weichem und pl\u00fcschigem Polyester, das sich wie eine Umarmung an Ihren Kopf anf\u00fchlt. Die leichte und atmungsaktive Konstruktion sorgt f\u00fcr ein angenehmes Tragegef\u00fchl den ganzen Tag.<\/li>\n<li><strong>Flexible Passform:<\/strong> Mit unserem einzigartigen Design k\u00f6nnen Sie die Gr\u00f6\u00dfe anpassen, sodass die M\u00fctze perfekt zu Ihrem Kopf passt. So k\u00f6nnen Sie die W\u00e4rme genie\u00dfen, ohne auf Stil verzichten zu m\u00fcssen.<\/li>\n<\/ul>\n<p>Sch\u00f6ner, starker, flexibler Hut.<\/p>\n","protected":false},"featured_media":11401,"template":"","meta":{"_et_pb_use_builder":"","_et_pb_old_content":"","_et_gb_content_width":""},"product_brand":[],"product_cat":[111,369,355],"product_tag":[],"class_list":{"0":"post-11393","1":"product","2":"type-product","3":"status-publish","4":"has-post-thumbnail","6":"product_cat-dame","7":"product_cat-huer","8":"product_cat-tilbehoer","10":"first","11":"instock","12":"shipping-taxable","13":"purchasable","14":"product-type-variable","15":"wvs-archive-product-wrapper"},"yoast_head":"<!-- This site is optimized with the Yoast SEO plugin v27.4 - https:\/\/yoast.com\/product\/yoast-seo-wordpress\/ -->\n<title>Flex hut Meleret Antracit - dogsome.dk<\/title>\n<meta name=\"description\" content=\"Wenn die K\u00e4lte bei\u00dft und der Winter sein raues Gesicht zeigt, k\u00f6nnen Sie auf eines nicht verzichten: unsere luxuri\u00f6se Polyester-Fleece-M\u00fctze! Unsere M\u00fctze wurde entwickelt, um Ihnen die perfekte Kombination aus Stil und W\u00e4rme zu bieten und ist das ultimative Accessoire, das Sie bei kaltem Wetter warm und modisch h\u00e4lt.\" \/>\n<meta name=\"robots\" content=\"index, follow, max-snippet:-1, max-image-preview:large, max-video-preview:-1\" \/>\n<link rel=\"canonical\" href=\"https:\/\/dogsome.dk\/de\/vare\/muetze-aus-merinowolle-schwarz-kopier\/\" \/>\n<meta property=\"og:locale\" content=\"de_DE\" \/>\n<meta property=\"og:type\" content=\"article\" \/>\n<meta property=\"og:title\" content=\"Flex hut Meleret Antracit - dogsome.dk\" \/>\n<meta property=\"og:description\" content=\"Wenn die K\u00e4lte bei\u00dft und der Winter sein raues Gesicht zeigt, k\u00f6nnen Sie auf eines nicht verzichten: unsere luxuri\u00f6se Polyester-Fleece-M\u00fctze! Unsere M\u00fctze wurde entwickelt, um Ihnen die perfekte Kombination aus Stil und W\u00e4rme zu bieten und ist das ultimative Accessoire, das Sie bei kaltem Wetter warm und modisch h\u00e4lt.\" \/>\n<meta property=\"og:url\" content=\"https:\/\/dogsome.dk\/de\/vare\/muetze-aus-merinowolle-schwarz-kopier\/\" \/>\n<meta property=\"og:site_name\" content=\"dogsome.dk\" \/>\n<meta property=\"article:modified_time\" content=\"2024-01-07T18:28:17+00:00\" \/>\n<meta property=\"og:image\" content=\"https:\/\/dogsome.dk\/wp-content\/uploads\/2023\/12\/mottled-anthracite-from-the-side-scaled.jpg\" \/>\n\t<meta property=\"og:image:width\" content=\"1920\" \/>\n\t<meta property=\"og:image:height\" content=\"2880\" \/>\n\t<meta property=\"og:image:type\" content=\"image\/jpeg\" \/>\n<meta name=\"twitter:card\" content=\"summary_large_image\" \/>\n<script type=\"application\/ld+json\" class=\"yoast-schema-graph\">{\"@context\":\"https:\\\/\\\/schema.org\",\"@graph\":[{\"@type\":\"WebPage\",\"@id\":\"https:\\\/\\\/dogsome.dk\\\/de\\\/vare\\\/muetze-aus-merinowolle-schwarz-kopier\\\/\",\"url\":\"https:\\\/\\\/dogsome.dk\\\/de\\\/vare\\\/muetze-aus-merinowolle-schwarz-kopier\\\/\",\"name\":\"Flex hut Meleret Antracit - dogsome.dk\",\"isPartOf\":{\"@id\":\"https:\\\/\\\/dogsome.dk\\\/#website\"},\"primaryImageOfPage\":{\"@id\":\"https:\\\/\\\/dogsome.dk\\\/de\\\/vare\\\/muetze-aus-merinowolle-schwarz-kopier\\\/#primaryimage\"},\"image\":{\"@id\":\"https:\\\/\\\/dogsome.dk\\\/de\\\/vare\\\/muetze-aus-merinowolle-schwarz-kopier\\\/#primaryimage\"},\"thumbnailUrl\":\"https:\\\/\\\/dogsome.dk\\\/wp-content\\\/uploads\\\/2023\\\/12\\\/mottled-anthracite-from-the-side-scaled.jpg\",\"datePublished\":\"2023-12-28T21:23:23+00:00\",\"dateModified\":\"2024-01-07T18:28:17+00:00\",\"description\":\"Wenn die K\u00e4lte bei\u00dft und der Winter sein raues Gesicht zeigt, k\u00f6nnen Sie auf eines nicht verzichten: unsere luxuri\u00f6se Polyester-Fleece-M\u00fctze! Unsere M\u00fctze wurde entwickelt, um Ihnen die perfekte Kombination aus Stil und W\u00e4rme zu bieten und ist das ultimative Accessoire, das Sie bei kaltem Wetter warm und modisch h\u00e4lt.\",\"breadcrumb\":{\"@id\":\"https:\\\/\\\/dogsome.dk\\\/de\\\/vare\\\/muetze-aus-merinowolle-schwarz-kopier\\\/#breadcrumb\"},\"inLanguage\":\"de\",\"potentialAction\":[{\"@type\":\"ReadAction\",\"target\":[\"https:\\\/\\\/dogsome.dk\\\/de\\\/vare\\\/muetze-aus-merinowolle-schwarz-kopier\\\/\"]}]},{\"@type\":\"ImageObject\",\"inLanguage\":\"de\",\"@id\":\"https:\\\/\\\/dogsome.dk\\\/de\\\/vare\\\/muetze-aus-merinowolle-schwarz-kopier\\\/#primaryimage\",\"url\":\"https:\\\/\\\/dogsome.dk\\\/wp-content\\\/uploads\\\/2023\\\/12\\\/mottled-anthracite-from-the-side-scaled.jpg\",\"contentUrl\":\"https:\\\/\\\/dogsome.dk\\\/wp-content\\\/uploads\\\/2023\\\/12\\\/mottled-anthracite-from-the-side-scaled.jpg\",\"width\":1920,\"height\":2880,\"caption\":\"Mottled anthracite hat from the side\"},{\"@type\":\"BreadcrumbList\",\"@id\":\"https:\\\/\\\/dogsome.dk\\\/de\\\/vare\\\/muetze-aus-merinowolle-schwarz-kopier\\\/#breadcrumb\",\"itemListElement\":[{\"@type\":\"ListItem\",\"position\":1,\"name\":\"Hjem\",\"item\":\"https:\\\/\\\/dogsome.dk\\\/de\\\/titelseite\\\/\"},{\"@type\":\"ListItem\",\"position\":2,\"name\":\"Shop\",\"item\":\"https:\\\/\\\/dogsome.dk\\\/shop\\\/\"},{\"@type\":\"ListItem\",\"position\":3,\"name\":\"Flex hut Meleret Antracit\"}]},{\"@type\":\"WebSite\",\"@id\":\"https:\\\/\\\/dogsome.dk\\\/#website\",\"url\":\"https:\\\/\\\/dogsome.dk\\\/\",\"name\":\"dogsome.dk\",\"description\":\"\",\"potentialAction\":[{\"@type\":\"SearchAction\",\"target\":{\"@type\":\"EntryPoint\",\"urlTemplate\":\"https:\\\/\\\/dogsome.dk\\\/?s={search_term_string}\"},\"query-input\":{\"@type\":\"PropertyValueSpecification\",\"valueRequired\":true,\"valueName\":\"search_term_string\"}}],\"inLanguage\":\"de\"}]}<\/script>\n<!-- \/ Yoast SEO plugin. -->","yoast_head_json":{"title":"Flex hut Meleret Antracit - dogsome.dk","description":"Wenn die K\u00e4lte bei\u00dft und der Winter sein raues Gesicht zeigt, k\u00f6nnen Sie auf eines nicht verzichten: unsere luxuri\u00f6se Polyester-Fleece-M\u00fctze! Unsere M\u00fctze wurde entwickelt, um Ihnen die perfekte Kombination aus Stil und W\u00e4rme zu bieten und ist das ultimative Accessoire, das Sie bei kaltem Wetter warm und modisch h\u00e4lt.","robots":{"index":"index","follow":"follow","max-snippet":"max-snippet:-1","max-image-preview":"max-image-preview:large","max-video-preview":"max-video-preview:-1"},"canonical":"https:\/\/dogsome.dk\/de\/vare\/muetze-aus-merinowolle-schwarz-kopier\/","og_locale":"de_DE","og_type":"article","og_title":"Flex hut Meleret Antracit - dogsome.dk","og_description":"Wenn die K\u00e4lte bei\u00dft und der Winter sein raues Gesicht zeigt, k\u00f6nnen Sie auf eines nicht verzichten: unsere luxuri\u00f6se Polyester-Fleece-M\u00fctze! Unsere M\u00fctze wurde entwickelt, um Ihnen die perfekte Kombination aus Stil und W\u00e4rme zu bieten und ist das ultimative Accessoire, das Sie bei kaltem Wetter warm und modisch h\u00e4lt.","og_url":"https:\/\/dogsome.dk\/de\/vare\/muetze-aus-merinowolle-schwarz-kopier\/","og_site_name":"dogsome.dk","article_modified_time":"2024-01-07T18:28:17+00:00","og_image":[{"width":1920,"height":2880,"url":"https:\/\/dogsome.dk\/wp-content\/uploads\/2023\/12\/mottled-anthracite-from-the-side-scaled.jpg","type":"image\/jpeg"}],"twitter_card":"summary_large_image","schema":{"@context":"https:\/\/schema.org","@graph":[{"@type":"WebPage","@id":"https:\/\/dogsome.dk\/de\/vare\/muetze-aus-merinowolle-schwarz-kopier\/","url":"https:\/\/dogsome.dk\/de\/vare\/muetze-aus-merinowolle-schwarz-kopier\/","name":"Flex hut Meleret Antracit - dogsome.dk","isPartOf":{"@id":"https:\/\/dogsome.dk\/#website"},"primaryImageOfPage":{"@id":"https:\/\/dogsome.dk\/de\/vare\/muetze-aus-merinowolle-schwarz-kopier\/#primaryimage"},"image":{"@id":"https:\/\/dogsome.dk\/de\/vare\/muetze-aus-merinowolle-schwarz-kopier\/#primaryimage"},"thumbnailUrl":"https:\/\/dogsome.dk\/wp-content\/uploads\/2023\/12\/mottled-anthracite-from-the-side-scaled.jpg","datePublished":"2023-12-28T21:23:23+00:00","dateModified":"2024-01-07T18:28:17+00:00","description":"Wenn die K\u00e4lte bei\u00dft und der Winter sein raues Gesicht zeigt, k\u00f6nnen Sie auf eines nicht verzichten: unsere luxuri\u00f6se Polyester-Fleece-M\u00fctze! Unsere M\u00fctze wurde entwickelt, um Ihnen die perfekte Kombination aus Stil und W\u00e4rme zu bieten und ist das ultimative Accessoire, das Sie bei kaltem Wetter warm und modisch h\u00e4lt.","breadcrumb":{"@id":"https:\/\/dogsome.dk\/de\/vare\/muetze-aus-merinowolle-schwarz-kopier\/#breadcrumb"},"inLanguage":"de","potentialAction":[{"@type":"ReadAction","target":["https:\/\/dogsome.dk\/de\/vare\/muetze-aus-merinowolle-schwarz-kopier\/"]}]},{"@type":"ImageObject","inLanguage":"de","@id":"https:\/\/dogsome.dk\/de\/vare\/muetze-aus-merinowolle-schwarz-kopier\/#primaryimage","url":"https:\/\/dogsome.dk\/wp-content\/uploads\/2023\/12\/mottled-anthracite-from-the-side-scaled.jpg","contentUrl":"https:\/\/dogsome.dk\/wp-content\/uploads\/2023\/12\/mottled-anthracite-from-the-side-scaled.jpg","width":1920,"height":2880,"caption":"Mottled anthracite hat from the side"},{"@type":"BreadcrumbList","@id":"https:\/\/dogsome.dk\/de\/vare\/muetze-aus-merinowolle-schwarz-kopier\/#breadcrumb","itemListElement":[{"@type":"ListItem","position":1,"name":"Hjem","item":"https:\/\/dogsome.dk\/de\/titelseite\/"},{"@type":"ListItem","position":2,"name":"Shop","item":"https:\/\/dogsome.dk\/shop\/"},{"@type":"ListItem","position":3,"name":"Flex hut Meleret Antracit"}]},{"@type":"WebSite","@id":"https:\/\/dogsome.dk\/#website","url":"https:\/\/dogsome.dk\/","name":"dogsome.dk","description":"","potentialAction":[{"@type":"SearchAction","target":{"@type":"EntryPoint","urlTemplate":"https:\/\/dogsome.dk\/?s={search_term_string}"},"query-input":{"@type":"PropertyValueSpecification","valueRequired":true,"valueName":"search_term_string"}}],"inLanguage":"de"}]}},"_links":{"self":[{"href":"https:\/\/dogsome.dk\/de\/wp-json\/wp\/v2\/product\/11393","targetHints":{"allow":["GET"]}}],"collection":[{"href":"https:\/\/dogsome.dk\/de\/wp-json\/wp\/v2\/product"}],"about":[{"href":"https:\/\/dogsome.dk\/de\/wp-json\/wp\/v2\/types\/product"}],"wp:featuredmedia":[{"embeddable":true,"href":"https:\/\/dogsome.dk\/de\/wp-json\/wp\/v2\/media\/11401"}],"wp:attachment":[{"href":"https:\/\/dogsome.dk\/de\/wp-json\/wp\/v2\/media?parent=11393"}],"wp:term":[{"taxonomy":"product_brand","embeddable":true,"href":"https:\/\/dogsome.dk\/de\/wp-json\/wp\/v2\/product_brand?post=11393"},{"taxonomy":"product_cat","embeddable":true,"href":"https:\/\/dogsome.dk\/de\/wp-json\/wp\/v2\/product_cat?post=11393"},{"taxonomy":"product_tag","embeddable":true,"href":"https:\/\/dogsome.dk\/de\/wp-json\/wp\/v2\/product_tag?post=11393"}],"curies":[{"name":"wp","href":"https:\/\/api.w.org\/{rel}","templated":true}]}}