{"id":11973,"date":"2024-04-11T17:04:27","date_gmt":"2024-04-11T15:04:27","guid":{"rendered":"https:\/\/dogsome.dk\/?post_type=product&#038;p=11973"},"modified":"2026-02-20T14:20:39","modified_gmt":"2026-02-20T13:20:39","slug":"tricker-jacket-2-in-one-earth-kopier-kopier-kopier","status":"publish","type":"product","link":"https:\/\/dogsome.dk\/de\/vare\/tricker-jacket-2-in-one-earth-kopier-kopier-kopier\/","title":{"rendered":"Tricker Jacket 2 in One &#8211; Earth (Kopier) (Kopier) (Kopier)"},"content":{"rendered":"<h1>Tricker Jacket 2 in One<\/h1>\n<p>Tricker Jacket 2 in One, ist die perfekte 3-Jahreszeiten-Jacke. Eine Allzweckjacke, die als erste Wahl f\u00fcr jede Anwendung gut geeignet ist. Es ist sowohl f\u00fcr das aktive Leben als auch f\u00fcr den Alltag ideal.<\/p>\n<p>Tricker Jacket 2 in One hat au\u00dfergew\u00f6hnliche Gebrauchseigenschaften in Form von separaten warmen Carbon-Elementen in der Weste f\u00fcr beide H\u00e4nde, R\u00fccken und Nacken mit 3 Einstellungen. Verwenden Sie die Heizelemente zusammen oder separat, je nachdem, wo Ihnen kalt ist und Sie zus\u00e4tzliche W\u00e4rme ben\u00f6tigen.<\/p>\n<p>Sowohl bei der Weste als auch bei dem Tricker-Fleece gibt es gro\u00dfe durchgehende R\u00fcckentaschen, die versteckt und mit Rei\u00dfverschl\u00fcssen verschlossen werden k\u00f6nnen.<\/p>\n<p>Die Tricker Jacket 2 in One ist eine ultimative Utility-Weste und Tricker-Fleece f\u00fcr alle m\u00f6glichen Zwecke. Egal, ob Sie spazieren gehen, angeln, campen, wandern, Ihren Hund trainieren, Golf spielen, Rad fahren, im Wald spazieren gehen oder ein wunderbares Konzert im Freien genie\u00dfen, ein Festival besuchen oder an einem Bahnhof stehen bleiben und Fu\u00dfball schauen. Es kann f\u00fcr alles verwendet werden und ist genau daf\u00fcr konzipiert.<\/p>\n<p>&nbsp;<\/p>\n<h2>Das Trickerjacket 2 in One &#8222;Set&#8220; besteht aus:<\/h2>\n<ul>\n<li>Eine superschicke, modern wattierte und starke, doppelt impr\u00e4gnierte Weste (Bionic Finish\u00ae Eco, siehe weitere Beschreibung hier). Eine stark wind- und wasserabweisende Weste mit abnehmbarer Spannkapuze.<\/li>\n<li>Ein passendes eng anliegendes Stretch-Tricker-Fleece, das in die Weste eingezippt und sowohl mit der Weste als auch alleine verwendet werden kann.<\/li>\n<li>Zwei gro\u00dfe Innentaschen in Weste und Tricker-Fleece.<\/li>\n<li>Sowohl in der Weste als auch im Tricker-Fleece befinden sich gro\u00dfe durchgehende R\u00fcckentaschen, die versteckt und mit Rei\u00dfverschl\u00fcssen verschlossen werden k\u00f6nnen.<\/li>\n<li>Separate warme Carbon-Elemente in der Weste f\u00fcr beide H\u00e4nde, R\u00fccken und Nacken mit 3 Einstellungen, die einfach per Ber\u00fchrung bedient werden. Benutzerhandbuch: <a href=\"https:\/\/dogsome.dk\/de\/bedienungsanleitung-tricker-jacket\/\">https:\/\/dogsome.dk\/da\/tricker-jacket-brugsvejledning\/<\/a><\/li>\n<li>Das Tricker-Fleece ist atmungsaktiv und elastisch und hat eine weiche, thermoregulierende und kuschelige Fleece-Innenseite, die f\u00fcr ein hohes Ma\u00df an Bewegungsfreiheit und Komfort sorgt.<\/li>\n<li>\u00c4rmel\u00f6ffnung mit Daumenloch.<\/li>\n<li>YKK- durchgehend hochwertige Rei\u00dfverschl\u00fcsse.<\/li>\n<li>Intelligente Spannung an der Unterseite sowohl der Weste als auch des Tricker-Fleece.<\/li>\n<li>Tricker Jacket 2 in One ist CE-zertifiziert und RoHS-zertifiziert.<\/li>\n<li>Eine Batterie ist nicht im Lieferumfang enthalten. Der kan bruges med stort set alle power banks. (Wir empfehlen jedoch, dass es sich um 10.000 mAh handelt).<\/li>\n<li>Kann bei 30 Grad gewaschen werden (sollte nach dem Waschen kopf\u00fcber gesch\u00fcttelt werden)<\/li>\n<li>Erh\u00e4ltlich in den Gr\u00f6\u00dfen XS \u2013 4 XL f\u00fcr M\u00e4nner und Frauen.<\/li>\n<\/ul>\n<p><strong>Farben:<br \/>\nFire:<\/strong> Weste schwarz, Fleece rot.<br \/>\n<strong style=\"font-size: 16px;\">Ocean:<\/strong><span style=\"font-size: 16px;\">Weste dunkelblau\/schwarz, Fleece dunkelblau.<br \/>\n<\/span><strong style=\"font-size: 16px;\">Earth: <\/strong><span style=\"font-size: 16px;\">Weste anthrazit\/schwarz, Fleece schwarz.<\/span><\/p>\n<p>Gewicht in Gr\u00f6\u00dfe M, 1350 gramm<\/p>\n<blockquote class=\"wp-embedded-content\" data-secret=\"HV3tRUDnOl\"><p><a href=\"https:\/\/dogsome.dk\/storrelsesskema\/\">St\u00f8rrelsesskema<\/a><\/p><\/blockquote>\n<p><iframe class=\"wp-embedded-content lazyload\" sandbox=\"allow-scripts\" security=\"restricted\" style=\"position: absolute; clip: rect(1px, 1px, 1px, 1px);\" title=\"&#8222;St\u00f8rrelsesskema&#8220; &#8212; dogsome.dk\" data-src=\"https:\/\/dogsome.dk\/storrelsesskema\/embed\/#?secret=xqtnCSBe5j#?secret=HV3tRUDnOl\" data-secret=\"HV3tRUDnOl\" width=\"600\" height=\"338\" frameborder=\"0\" marginwidth=\"0\" marginheight=\"0\" scrolling=\"no\" src=\"data:image\/svg+xml;base64,PHN2ZyB3aWR0aD0iMSIgaGVpZ2h0PSIxIiB4bWxucz0iaHR0cDovL3d3dy53My5vcmcvMjAwMC9zdmciPjwvc3ZnPg==\" data-load-mode=\"1\"><\/iframe><\/p>\n","protected":false},"excerpt":{"rendered":"<h1>Tricker Jacket 2 in One<\/h1>\n<p>Tricker Jacket 2 in One, ist die perfekte 3-Jahreszeiten-Jacke. Eine Allzweckjacke, die als erste Wahl f\u00fcr jede Anwendung gut geeignet ist. Es ist sowohl f\u00fcr das aktive Leben als auch f\u00fcr den Alltag ideal.<\/p>\n","protected":false},"featured_media":11987,"template":"","meta":{"_et_pb_use_builder":"","_et_pb_old_content":"","_et_gb_content_width":""},"product_brand":[],"product_cat":[388,390,387,391,389,392],"product_tag":[],"class_list":{"0":"post-11973","1":"product","2":"type-product","3":"status-publish","4":"has-post-thumbnail","6":"product_cat-dame-de","7":"product_cat-dame-jacken","8":"product_cat-herr","9":"product_cat-herrenjacken","10":"product_cat-pullover-fuer-damen","11":"product_cat-pullover-fuer-herren","13":"first","14":"instock","15":"shipping-taxable","16":"purchasable","17":"product-type-variable","18":"wvs-archive-product-wrapper"},"yoast_head":"<!-- This site is optimized with the Yoast SEO plugin v27.4 - https:\/\/yoast.com\/product\/yoast-seo-wordpress\/ -->\n<title>Tricker Jacket 2 in One - Earth (Kopier) (Kopier) (Kopier) - dogsome.dk<\/title>\n<meta name=\"description\" content=\"Tricker Jacket 2 in One, ist die perfekte 3-Jahreszeiten-Jacke. Eine Allzweckjacke, die als erste Wahl f\u00fcr jede Anwendung gut geeignet ist. Es ist sowohl f\u00fcr das aktive Leben als auch f\u00fcr den Alltag ideal.\" \/>\n<meta name=\"robots\" content=\"index, follow, max-snippet:-1, max-image-preview:large, max-video-preview:-1\" \/>\n<link rel=\"canonical\" href=\"https:\/\/dogsome.dk\/de\/vare\/tricker-jacket-2-in-one-earth-kopier-kopier-kopier\/\" \/>\n<meta property=\"og:locale\" content=\"de_DE\" \/>\n<meta property=\"og:type\" content=\"article\" \/>\n<meta property=\"og:title\" content=\"Tricker Jacket 2 in One - Earth (Kopier) (Kopier) (Kopier) - dogsome.dk\" \/>\n<meta property=\"og:description\" content=\"Tricker Jacket 2 in One, ist die perfekte 3-Jahreszeiten-Jacke. Eine Allzweckjacke, die als erste Wahl f\u00fcr jede Anwendung gut geeignet ist. Es ist sowohl f\u00fcr das aktive Leben als auch f\u00fcr den Alltag ideal.\" \/>\n<meta property=\"og:url\" content=\"https:\/\/dogsome.dk\/de\/vare\/tricker-jacket-2-in-one-earth-kopier-kopier-kopier\/\" \/>\n<meta property=\"og:site_name\" content=\"dogsome.dk\" \/>\n<meta property=\"article:modified_time\" content=\"2026-02-20T13:20:39+00:00\" \/>\n<meta property=\"og:image\" content=\"https:\/\/dogsome.dk\/wp-content\/uploads\/2024\/04\/TrickerJacket-2_RoedSort.jpg\" \/>\n\t<meta property=\"og:image:width\" content=\"1080\" \/>\n\t<meta property=\"og:image:height\" content=\"1080\" \/>\n\t<meta property=\"og:image:type\" content=\"image\/jpeg\" \/>\n<meta name=\"twitter:card\" content=\"summary_large_image\" \/>\n<meta name=\"twitter:label1\" content=\"Gesch\u00e4tzte Lesezeit\" \/>\n\t<meta name=\"twitter:data1\" content=\"2\u00a0Minuten\" \/>\n<script type=\"application\/ld+json\" class=\"yoast-schema-graph\">{\"@context\":\"https:\\\/\\\/schema.org\",\"@graph\":[{\"@type\":\"WebPage\",\"@id\":\"https:\\\/\\\/dogsome.dk\\\/de\\\/vare\\\/tricker-jacket-2-in-one-earth-kopier-kopier-kopier\\\/\",\"url\":\"https:\\\/\\\/dogsome.dk\\\/de\\\/vare\\\/tricker-jacket-2-in-one-earth-kopier-kopier-kopier\\\/\",\"name\":\"Tricker Jacket 2 in One - Earth (Kopier) (Kopier) (Kopier) - dogsome.dk\",\"isPartOf\":{\"@id\":\"https:\\\/\\\/dogsome.dk\\\/#website\"},\"primaryImageOfPage\":{\"@id\":\"https:\\\/\\\/dogsome.dk\\\/de\\\/vare\\\/tricker-jacket-2-in-one-earth-kopier-kopier-kopier\\\/#primaryimage\"},\"image\":{\"@id\":\"https:\\\/\\\/dogsome.dk\\\/de\\\/vare\\\/tricker-jacket-2-in-one-earth-kopier-kopier-kopier\\\/#primaryimage\"},\"thumbnailUrl\":\"https:\\\/\\\/dogsome.dk\\\/wp-content\\\/uploads\\\/2024\\\/04\\\/TrickerJacket-2_RoedSort.jpg\",\"datePublished\":\"2024-04-11T15:04:27+00:00\",\"dateModified\":\"2026-02-20T13:20:39+00:00\",\"description\":\"Tricker Jacket 2 in One, ist die perfekte 3-Jahreszeiten-Jacke. Eine Allzweckjacke, die als erste Wahl f\u00fcr jede Anwendung gut geeignet ist. Es ist sowohl f\u00fcr das aktive Leben als auch f\u00fcr den Alltag ideal.\",\"breadcrumb\":{\"@id\":\"https:\\\/\\\/dogsome.dk\\\/de\\\/vare\\\/tricker-jacket-2-in-one-earth-kopier-kopier-kopier\\\/#breadcrumb\"},\"inLanguage\":\"de\",\"potentialAction\":[{\"@type\":\"ReadAction\",\"target\":[\"https:\\\/\\\/dogsome.dk\\\/de\\\/vare\\\/tricker-jacket-2-in-one-earth-kopier-kopier-kopier\\\/\"]}]},{\"@type\":\"ImageObject\",\"inLanguage\":\"de\",\"@id\":\"https:\\\/\\\/dogsome.dk\\\/de\\\/vare\\\/tricker-jacket-2-in-one-earth-kopier-kopier-kopier\\\/#primaryimage\",\"url\":\"https:\\\/\\\/dogsome.dk\\\/wp-content\\\/uploads\\\/2024\\\/04\\\/TrickerJacket-2_RoedSort.jpg\",\"contentUrl\":\"https:\\\/\\\/dogsome.dk\\\/wp-content\\\/uploads\\\/2024\\\/04\\\/TrickerJacket-2_RoedSort.jpg\",\"width\":1080,\"height\":1080,\"caption\":\"TrickerJacket\"},{\"@type\":\"BreadcrumbList\",\"@id\":\"https:\\\/\\\/dogsome.dk\\\/de\\\/vare\\\/tricker-jacket-2-in-one-earth-kopier-kopier-kopier\\\/#breadcrumb\",\"itemListElement\":[{\"@type\":\"ListItem\",\"position\":1,\"name\":\"Hjem\",\"item\":\"https:\\\/\\\/dogsome.dk\\\/de\\\/titelseite\\\/\"},{\"@type\":\"ListItem\",\"position\":2,\"name\":\"Shop\",\"item\":\"https:\\\/\\\/dogsome.dk\\\/shop\\\/\"},{\"@type\":\"ListItem\",\"position\":3,\"name\":\"Tricker Jacket 2 in One &#8211; Earth (Kopier) (Kopier) (Kopier)\"}]},{\"@type\":\"WebSite\",\"@id\":\"https:\\\/\\\/dogsome.dk\\\/#website\",\"url\":\"https:\\\/\\\/dogsome.dk\\\/\",\"name\":\"dogsome.dk\",\"description\":\"\",\"potentialAction\":[{\"@type\":\"SearchAction\",\"target\":{\"@type\":\"EntryPoint\",\"urlTemplate\":\"https:\\\/\\\/dogsome.dk\\\/?s={search_term_string}\"},\"query-input\":{\"@type\":\"PropertyValueSpecification\",\"valueRequired\":true,\"valueName\":\"search_term_string\"}}],\"inLanguage\":\"de\"}]}<\/script>\n<!-- \/ Yoast SEO plugin. -->","yoast_head_json":{"title":"Tricker Jacket 2 in One - Earth (Kopier) (Kopier) (Kopier) - dogsome.dk","description":"Tricker Jacket 2 in One, ist die perfekte 3-Jahreszeiten-Jacke. Eine Allzweckjacke, die als erste Wahl f\u00fcr jede Anwendung gut geeignet ist. Es ist sowohl f\u00fcr das aktive Leben als auch f\u00fcr den Alltag ideal.","robots":{"index":"index","follow":"follow","max-snippet":"max-snippet:-1","max-image-preview":"max-image-preview:large","max-video-preview":"max-video-preview:-1"},"canonical":"https:\/\/dogsome.dk\/de\/vare\/tricker-jacket-2-in-one-earth-kopier-kopier-kopier\/","og_locale":"de_DE","og_type":"article","og_title":"Tricker Jacket 2 in One - Earth (Kopier) (Kopier) (Kopier) - dogsome.dk","og_description":"Tricker Jacket 2 in One, ist die perfekte 3-Jahreszeiten-Jacke. Eine Allzweckjacke, die als erste Wahl f\u00fcr jede Anwendung gut geeignet ist. Es ist sowohl f\u00fcr das aktive Leben als auch f\u00fcr den Alltag ideal.","og_url":"https:\/\/dogsome.dk\/de\/vare\/tricker-jacket-2-in-one-earth-kopier-kopier-kopier\/","og_site_name":"dogsome.dk","article_modified_time":"2026-02-20T13:20:39+00:00","og_image":[{"width":1080,"height":1080,"url":"https:\/\/dogsome.dk\/wp-content\/uploads\/2024\/04\/TrickerJacket-2_RoedSort.jpg","type":"image\/jpeg"}],"twitter_card":"summary_large_image","twitter_misc":{"Gesch\u00e4tzte Lesezeit":"2\u00a0Minuten"},"schema":{"@context":"https:\/\/schema.org","@graph":[{"@type":"WebPage","@id":"https:\/\/dogsome.dk\/de\/vare\/tricker-jacket-2-in-one-earth-kopier-kopier-kopier\/","url":"https:\/\/dogsome.dk\/de\/vare\/tricker-jacket-2-in-one-earth-kopier-kopier-kopier\/","name":"Tricker Jacket 2 in One - Earth (Kopier) (Kopier) (Kopier) - dogsome.dk","isPartOf":{"@id":"https:\/\/dogsome.dk\/#website"},"primaryImageOfPage":{"@id":"https:\/\/dogsome.dk\/de\/vare\/tricker-jacket-2-in-one-earth-kopier-kopier-kopier\/#primaryimage"},"image":{"@id":"https:\/\/dogsome.dk\/de\/vare\/tricker-jacket-2-in-one-earth-kopier-kopier-kopier\/#primaryimage"},"thumbnailUrl":"https:\/\/dogsome.dk\/wp-content\/uploads\/2024\/04\/TrickerJacket-2_RoedSort.jpg","datePublished":"2024-04-11T15:04:27+00:00","dateModified":"2026-02-20T13:20:39+00:00","description":"Tricker Jacket 2 in One, ist die perfekte 3-Jahreszeiten-Jacke. Eine Allzweckjacke, die als erste Wahl f\u00fcr jede Anwendung gut geeignet ist. Es ist sowohl f\u00fcr das aktive Leben als auch f\u00fcr den Alltag ideal.","breadcrumb":{"@id":"https:\/\/dogsome.dk\/de\/vare\/tricker-jacket-2-in-one-earth-kopier-kopier-kopier\/#breadcrumb"},"inLanguage":"de","potentialAction":[{"@type":"ReadAction","target":["https:\/\/dogsome.dk\/de\/vare\/tricker-jacket-2-in-one-earth-kopier-kopier-kopier\/"]}]},{"@type":"ImageObject","inLanguage":"de","@id":"https:\/\/dogsome.dk\/de\/vare\/tricker-jacket-2-in-one-earth-kopier-kopier-kopier\/#primaryimage","url":"https:\/\/dogsome.dk\/wp-content\/uploads\/2024\/04\/TrickerJacket-2_RoedSort.jpg","contentUrl":"https:\/\/dogsome.dk\/wp-content\/uploads\/2024\/04\/TrickerJacket-2_RoedSort.jpg","width":1080,"height":1080,"caption":"TrickerJacket"},{"@type":"BreadcrumbList","@id":"https:\/\/dogsome.dk\/de\/vare\/tricker-jacket-2-in-one-earth-kopier-kopier-kopier\/#breadcrumb","itemListElement":[{"@type":"ListItem","position":1,"name":"Hjem","item":"https:\/\/dogsome.dk\/de\/titelseite\/"},{"@type":"ListItem","position":2,"name":"Shop","item":"https:\/\/dogsome.dk\/shop\/"},{"@type":"ListItem","position":3,"name":"Tricker Jacket 2 in One &#8211; Earth (Kopier) (Kopier) (Kopier)"}]},{"@type":"WebSite","@id":"https:\/\/dogsome.dk\/#website","url":"https:\/\/dogsome.dk\/","name":"dogsome.dk","description":"","potentialAction":[{"@type":"SearchAction","target":{"@type":"EntryPoint","urlTemplate":"https:\/\/dogsome.dk\/?s={search_term_string}"},"query-input":{"@type":"PropertyValueSpecification","valueRequired":true,"valueName":"search_term_string"}}],"inLanguage":"de"}]}},"_links":{"self":[{"href":"https:\/\/dogsome.dk\/de\/wp-json\/wp\/v2\/product\/11973","targetHints":{"allow":["GET"]}}],"collection":[{"href":"https:\/\/dogsome.dk\/de\/wp-json\/wp\/v2\/product"}],"about":[{"href":"https:\/\/dogsome.dk\/de\/wp-json\/wp\/v2\/types\/product"}],"wp:featuredmedia":[{"embeddable":true,"href":"https:\/\/dogsome.dk\/de\/wp-json\/wp\/v2\/media\/11987"}],"wp:attachment":[{"href":"https:\/\/dogsome.dk\/de\/wp-json\/wp\/v2\/media?parent=11973"}],"wp:term":[{"taxonomy":"product_brand","embeddable":true,"href":"https:\/\/dogsome.dk\/de\/wp-json\/wp\/v2\/product_brand?post=11973"},{"taxonomy":"product_cat","embeddable":true,"href":"https:\/\/dogsome.dk\/de\/wp-json\/wp\/v2\/product_cat?post=11973"},{"taxonomy":"product_tag","embeddable":true,"href":"https:\/\/dogsome.dk\/de\/wp-json\/wp\/v2\/product_tag?post=11973"}],"curies":[{"name":"wp","href":"https:\/\/api.w.org\/{rel}","templated":true}]}}