{"id":12086,"date":"2024-08-25T13:16:52","date_gmt":"2024-08-25T11:16:52","guid":{"rendered":"https:\/\/dogsome.dk\/vare\/new-herren-all-year-off-road-performance-hose-olive\/"},"modified":"2026-03-05T13:02:28","modified_gmt":"2026-03-05T12:02:28","slug":"new-herren-all-year-off-road-performance-hose-olive","status":"publish","type":"product","link":"https:\/\/dogsome.dk\/de\/vare\/new-herren-all-year-off-road-performance-hose-olive\/","title":{"rendered":"Herren-Ganzjahres-Offroad-Performance-Hose Oliv"},"content":{"rendered":"<div class=\"et_pb_row et_pb_row_1_tb_body\">\n<div class=\"et_pb_column et_pb_column_4_4 et_pb_column_2_tb_body et_pb_css_mix_blend_mode_passthrough et-last-child\">\n<div class=\"et_pb_module et_pb_wc_description et_pb_wc_description_0_tb_body et_pb_bg_layout_light et_pb_text_align_left\">\n<div class=\"et_pb_module_inner\">\n<h4><strong>DOGSOME \u2013 All-Year-Offroad-Performance-Hosen<\/strong> sind f\u00fcr den anspruchsvollen Outdoor-Menschen gemacht, der Qualit\u00e4t und Details sch\u00e4tzt.<\/h4>\n<p> Diese Hose bringt dich auf ein ganz neues Level, sie l\u00e4sst dich die Freiheit in all deinen Bewegungen und bei allen Wetterbedingungen sp\u00fcren. Hier erleben Sie eine wunderbare Flexibilit\u00e4t wie nie zuvor, w\u00e4hrend sie gleichzeitig langlebig und wasserdicht sind. Dies ist nicht \u201enur\u201c eine weitere neue Outdoor-Hose wie alle anderen. Nein, hier wird auf technische Details mit wunderbarem ergonomischem Design geachtet. <strong>All-Year-Offroad-Performance-Hosen<\/strong> bestehen aus 4 verschiedenen Stoffst\u00fccken, von denen jedes eine besondere Funktion hat. Zusammen ergibt dies eine Hose mit perfekt garantierter Qualit\u00e4t, die Sie viele Jahre lang tragen werden. Egal, ob Sie wandern, campen oder bergsteigen, unsere Hosen bieten Ihnen den Schutz und Komfort, den Sie brauchen. Sie sind mit ergonomischen Schnitten gestaltet, die den Bewegungen des K\u00f6rpers folgen, und verf\u00fcgen \u00fcber praktische Taschen zur Aufbewahrung Ihrer wichtigsten Gegenst\u00e4nde. Durch die Vielseitigkeit und den sportlichen Look eignet sich die Hose f\u00fcr viele Sportarten wie Mountainbiken, Wandern, Jagen, Hundetraining, Parkour, den allgemeinen Alltagsgebrauch und vieles mehr. <strong>DOGSOME \u2013 Wasserdichtes DP + TPU 4-Wege-Stretch sind<\/strong> Hochleistungsmaterialien, die ihre Flexibilit\u00e4t behalten und gleichzeitig langlebig und wasserdicht sind. In dieser Hose hebt dieser Stoff Sie auf eine ganz neue Ebene und l\u00e4sst Sie bei all Ihren Bewegungen und unter allen Wetterbedingungen Freiheit sp\u00fcren.  <\/div>\n<\/div>\n<\/div>\n<\/div>\n","protected":false},"excerpt":{"rendered":"<p>DOGSOME \u2013 All-Year-Offroad-Performance-Hosen sind f\u00fcr den anspruchsvollen Outdoor-Menschen gemacht, der Qualit\u00e4t und Details sch\u00e4tzt. Diese Hose bringt dich auf ein ganz neues Level, sie l\u00e4sst dich die Freiheit in all deinen Bewegungen und bei allen Wetterbedingungen sp\u00fcren. Hier erleben Sie eine wunderbare Flexibilit\u00e4t wie nie zuvor, w\u00e4hrend sie gleichzeitig langlebig und wasserdicht sind. Dies ist [&hellip;]<\/p>\n","protected":false},"featured_media":9220,"template":"","meta":{"_et_pb_use_builder":"","_et_pb_old_content":"","_et_gb_content_width":""},"product_brand":[],"product_cat":[401,397,387,404,398],"product_tag":[],"class_list":{"0":"post-12086","1":"product","2":"type-product","3":"status-publish","4":"has-post-thumbnail","6":"product_cat-angebot-de","7":"product_cat-angebot","8":"product_cat-herr","9":"product_cat-herren","10":"product_cat-herrenhosen","12":"first","13":"instock","14":"sale","15":"shipping-taxable","16":"purchasable","17":"product-type-variable","18":"wvs-archive-product-wrapper"},"yoast_head":"<!-- This site is optimized with the Yoast SEO plugin v27.5 - https:\/\/yoast.com\/product\/yoast-seo-wordpress\/ -->\n<title>Herren-Ganzjahres-Offroad-Performance-Hose Oliv - dogsome.dk<\/title>\n<meta name=\"description\" content=\"Unsere Outdoor-Hosen bestehen aus strapazierf\u00e4higen Materialien und sind so konzipiert, dass sie jeder Herausforderung im Freien standhalten. Kaufen Sie noch heute Ihre neue Hose und erleben Sie Komfort und Schutz bei Ihrem n\u00e4chsten Abenteuer.\" \/>\n<meta name=\"robots\" content=\"index, follow, max-snippet:-1, max-image-preview:large, max-video-preview:-1\" \/>\n<link rel=\"canonical\" href=\"https:\/\/dogsome.dk\/de\/vare\/new-herren-all-year-off-road-performance-hose-olive\/\" \/>\n<meta property=\"og:locale\" content=\"de_DE\" \/>\n<meta property=\"og:type\" content=\"article\" \/>\n<meta property=\"og:title\" content=\"Herren-Ganzjahres-Offroad-Performance-Hose Oliv - dogsome.dk\" \/>\n<meta property=\"og:description\" content=\"Unsere Outdoor-Hosen bestehen aus strapazierf\u00e4higen Materialien und sind so konzipiert, dass sie jeder Herausforderung im Freien standhalten. Kaufen Sie noch heute Ihre neue Hose und erleben Sie Komfort und Schutz bei Ihrem n\u00e4chsten Abenteuer.\" \/>\n<meta property=\"og:url\" content=\"https:\/\/dogsome.dk\/de\/vare\/new-herren-all-year-off-road-performance-hose-olive\/\" \/>\n<meta property=\"og:site_name\" content=\"dogsome.dk\" \/>\n<meta property=\"article:modified_time\" content=\"2026-03-05T12:02:28+00:00\" \/>\n<meta property=\"og:image\" content=\"https:\/\/dogsome.dk\/wp-content\/uploads\/2023\/04\/All-year-Off-road-Performance-pants-Front-3-683x1024.png\" \/>\n\t<meta property=\"og:image:width\" content=\"683\" \/>\n\t<meta property=\"og:image:height\" content=\"1024\" \/>\n\t<meta property=\"og:image:type\" content=\"image\/png\" \/>\n<meta name=\"twitter:card\" content=\"summary_large_image\" \/>\n<meta name=\"twitter:label1\" content=\"Gesch\u00e4tzte Lesezeit\" \/>\n\t<meta name=\"twitter:data1\" content=\"1\u00a0Minute\" \/>\n<script type=\"application\/ld+json\" class=\"yoast-schema-graph\">{\"@context\":\"https:\\\/\\\/schema.org\",\"@graph\":[{\"@type\":\"WebPage\",\"@id\":\"https:\\\/\\\/dogsome.dk\\\/de\\\/vare\\\/new-herren-all-year-off-road-performance-hose-olive\\\/\",\"url\":\"https:\\\/\\\/dogsome.dk\\\/de\\\/vare\\\/new-herren-all-year-off-road-performance-hose-olive\\\/\",\"name\":\"Herren-Ganzjahres-Offroad-Performance-Hose Oliv - dogsome.dk\",\"isPartOf\":{\"@id\":\"https:\\\/\\\/dogsome.dk\\\/#website\"},\"primaryImageOfPage\":{\"@id\":\"https:\\\/\\\/dogsome.dk\\\/de\\\/vare\\\/new-herren-all-year-off-road-performance-hose-olive\\\/#primaryimage\"},\"image\":{\"@id\":\"https:\\\/\\\/dogsome.dk\\\/de\\\/vare\\\/new-herren-all-year-off-road-performance-hose-olive\\\/#primaryimage\"},\"thumbnailUrl\":\"https:\\\/\\\/dogsome.dk\\\/wp-content\\\/uploads\\\/2023\\\/04\\\/All-year-Off-road-Performance-pants-Front-3.png\",\"datePublished\":\"2024-08-25T11:16:52+00:00\",\"dateModified\":\"2026-03-05T12:02:28+00:00\",\"description\":\"Unsere Outdoor-Hosen bestehen aus strapazierf\u00e4higen Materialien und sind so konzipiert, dass sie jeder Herausforderung im Freien standhalten. Kaufen Sie noch heute Ihre neue Hose und erleben Sie Komfort und Schutz bei Ihrem n\u00e4chsten Abenteuer.\",\"breadcrumb\":{\"@id\":\"https:\\\/\\\/dogsome.dk\\\/de\\\/vare\\\/new-herren-all-year-off-road-performance-hose-olive\\\/#breadcrumb\"},\"inLanguage\":\"de\",\"potentialAction\":[{\"@type\":\"ReadAction\",\"target\":[\"https:\\\/\\\/dogsome.dk\\\/de\\\/vare\\\/new-herren-all-year-off-road-performance-hose-olive\\\/\"]}]},{\"@type\":\"ImageObject\",\"inLanguage\":\"de\",\"@id\":\"https:\\\/\\\/dogsome.dk\\\/de\\\/vare\\\/new-herren-all-year-off-road-performance-hose-olive\\\/#primaryimage\",\"url\":\"https:\\\/\\\/dogsome.dk\\\/wp-content\\\/uploads\\\/2023\\\/04\\\/All-year-Off-road-Performance-pants-Front-3.png\",\"contentUrl\":\"https:\\\/\\\/dogsome.dk\\\/wp-content\\\/uploads\\\/2023\\\/04\\\/All-year-Off-road-Performance-pants-Front-3.png\",\"width\":2880,\"height\":4320,\"caption\":\"All year Off road Performance pants Front\"},{\"@type\":\"BreadcrumbList\",\"@id\":\"https:\\\/\\\/dogsome.dk\\\/de\\\/vare\\\/new-herren-all-year-off-road-performance-hose-olive\\\/#breadcrumb\",\"itemListElement\":[{\"@type\":\"ListItem\",\"position\":1,\"name\":\"Hjem\",\"item\":\"https:\\\/\\\/dogsome.dk\\\/de\\\/titelseite\\\/\"},{\"@type\":\"ListItem\",\"position\":2,\"name\":\"Shop\",\"item\":\"https:\\\/\\\/dogsome.dk\\\/shop\\\/\"},{\"@type\":\"ListItem\",\"position\":3,\"name\":\"Herren-Ganzjahres-Offroad-Performance-Hose Oliv\"}]},{\"@type\":\"WebSite\",\"@id\":\"https:\\\/\\\/dogsome.dk\\\/#website\",\"url\":\"https:\\\/\\\/dogsome.dk\\\/\",\"name\":\"dogsome.dk\",\"description\":\"\",\"potentialAction\":[{\"@type\":\"SearchAction\",\"target\":{\"@type\":\"EntryPoint\",\"urlTemplate\":\"https:\\\/\\\/dogsome.dk\\\/?s={search_term_string}\"},\"query-input\":{\"@type\":\"PropertyValueSpecification\",\"valueRequired\":true,\"valueName\":\"search_term_string\"}}],\"inLanguage\":\"de\"}]}<\/script>\n<!-- \/ Yoast SEO plugin. -->","yoast_head_json":{"title":"Herren-Ganzjahres-Offroad-Performance-Hose Oliv - dogsome.dk","description":"Unsere Outdoor-Hosen bestehen aus strapazierf\u00e4higen Materialien und sind so konzipiert, dass sie jeder Herausforderung im Freien standhalten. Kaufen Sie noch heute Ihre neue Hose und erleben Sie Komfort und Schutz bei Ihrem n\u00e4chsten Abenteuer.","robots":{"index":"index","follow":"follow","max-snippet":"max-snippet:-1","max-image-preview":"max-image-preview:large","max-video-preview":"max-video-preview:-1"},"canonical":"https:\/\/dogsome.dk\/de\/vare\/new-herren-all-year-off-road-performance-hose-olive\/","og_locale":"de_DE","og_type":"article","og_title":"Herren-Ganzjahres-Offroad-Performance-Hose Oliv - dogsome.dk","og_description":"Unsere Outdoor-Hosen bestehen aus strapazierf\u00e4higen Materialien und sind so konzipiert, dass sie jeder Herausforderung im Freien standhalten. Kaufen Sie noch heute Ihre neue Hose und erleben Sie Komfort und Schutz bei Ihrem n\u00e4chsten Abenteuer.","og_url":"https:\/\/dogsome.dk\/de\/vare\/new-herren-all-year-off-road-performance-hose-olive\/","og_site_name":"dogsome.dk","article_modified_time":"2026-03-05T12:02:28+00:00","og_image":[{"width":683,"height":1024,"url":"https:\/\/dogsome.dk\/wp-content\/uploads\/2023\/04\/All-year-Off-road-Performance-pants-Front-3-683x1024.png","type":"image\/png"}],"twitter_card":"summary_large_image","twitter_misc":{"Gesch\u00e4tzte Lesezeit":"1\u00a0Minute"},"schema":{"@context":"https:\/\/schema.org","@graph":[{"@type":"WebPage","@id":"https:\/\/dogsome.dk\/de\/vare\/new-herren-all-year-off-road-performance-hose-olive\/","url":"https:\/\/dogsome.dk\/de\/vare\/new-herren-all-year-off-road-performance-hose-olive\/","name":"Herren-Ganzjahres-Offroad-Performance-Hose Oliv - dogsome.dk","isPartOf":{"@id":"https:\/\/dogsome.dk\/#website"},"primaryImageOfPage":{"@id":"https:\/\/dogsome.dk\/de\/vare\/new-herren-all-year-off-road-performance-hose-olive\/#primaryimage"},"image":{"@id":"https:\/\/dogsome.dk\/de\/vare\/new-herren-all-year-off-road-performance-hose-olive\/#primaryimage"},"thumbnailUrl":"https:\/\/dogsome.dk\/wp-content\/uploads\/2023\/04\/All-year-Off-road-Performance-pants-Front-3.png","datePublished":"2024-08-25T11:16:52+00:00","dateModified":"2026-03-05T12:02:28+00:00","description":"Unsere Outdoor-Hosen bestehen aus strapazierf\u00e4higen Materialien und sind so konzipiert, dass sie jeder Herausforderung im Freien standhalten. Kaufen Sie noch heute Ihre neue Hose und erleben Sie Komfort und Schutz bei Ihrem n\u00e4chsten Abenteuer.","breadcrumb":{"@id":"https:\/\/dogsome.dk\/de\/vare\/new-herren-all-year-off-road-performance-hose-olive\/#breadcrumb"},"inLanguage":"de","potentialAction":[{"@type":"ReadAction","target":["https:\/\/dogsome.dk\/de\/vare\/new-herren-all-year-off-road-performance-hose-olive\/"]}]},{"@type":"ImageObject","inLanguage":"de","@id":"https:\/\/dogsome.dk\/de\/vare\/new-herren-all-year-off-road-performance-hose-olive\/#primaryimage","url":"https:\/\/dogsome.dk\/wp-content\/uploads\/2023\/04\/All-year-Off-road-Performance-pants-Front-3.png","contentUrl":"https:\/\/dogsome.dk\/wp-content\/uploads\/2023\/04\/All-year-Off-road-Performance-pants-Front-3.png","width":2880,"height":4320,"caption":"All year Off road Performance pants Front"},{"@type":"BreadcrumbList","@id":"https:\/\/dogsome.dk\/de\/vare\/new-herren-all-year-off-road-performance-hose-olive\/#breadcrumb","itemListElement":[{"@type":"ListItem","position":1,"name":"Hjem","item":"https:\/\/dogsome.dk\/de\/titelseite\/"},{"@type":"ListItem","position":2,"name":"Shop","item":"https:\/\/dogsome.dk\/shop\/"},{"@type":"ListItem","position":3,"name":"Herren-Ganzjahres-Offroad-Performance-Hose Oliv"}]},{"@type":"WebSite","@id":"https:\/\/dogsome.dk\/#website","url":"https:\/\/dogsome.dk\/","name":"dogsome.dk","description":"","potentialAction":[{"@type":"SearchAction","target":{"@type":"EntryPoint","urlTemplate":"https:\/\/dogsome.dk\/?s={search_term_string}"},"query-input":{"@type":"PropertyValueSpecification","valueRequired":true,"valueName":"search_term_string"}}],"inLanguage":"de"}]}},"_links":{"self":[{"href":"https:\/\/dogsome.dk\/de\/wp-json\/wp\/v2\/product\/12086","targetHints":{"allow":["GET"]}}],"collection":[{"href":"https:\/\/dogsome.dk\/de\/wp-json\/wp\/v2\/product"}],"about":[{"href":"https:\/\/dogsome.dk\/de\/wp-json\/wp\/v2\/types\/product"}],"wp:featuredmedia":[{"embeddable":true,"href":"https:\/\/dogsome.dk\/de\/wp-json\/wp\/v2\/media\/9220"}],"wp:attachment":[{"href":"https:\/\/dogsome.dk\/de\/wp-json\/wp\/v2\/media?parent=12086"}],"wp:term":[{"taxonomy":"product_brand","embeddable":true,"href":"https:\/\/dogsome.dk\/de\/wp-json\/wp\/v2\/product_brand?post=12086"},{"taxonomy":"product_cat","embeddable":true,"href":"https:\/\/dogsome.dk\/de\/wp-json\/wp\/v2\/product_cat?post=12086"},{"taxonomy":"product_tag","embeddable":true,"href":"https:\/\/dogsome.dk\/de\/wp-json\/wp\/v2\/product_tag?post=12086"}],"curies":[{"name":"wp","href":"https:\/\/api.w.org\/{rel}","templated":true}]}}