{"id":12121,"date":"2024-09-04T22:55:34","date_gmt":"2024-09-04T20:55:34","guid":{"rendered":"https:\/\/dogsome.dk\/?post_type=product&#038;p=12121"},"modified":"2024-12-04T19:49:35","modified_gmt":"2024-12-04T18:49:35","slug":"tricker-stretch-hoodie-oliven-kopier","status":"publish","type":"product","link":"https:\/\/dogsome.dk\/de\/vare\/tricker-stretch-hoodie-oliven-kopier\/","title":{"rendered":"Tricker stretch hoodie Oliven (Kopier)"},"content":{"rendered":"<h1><strong>Tricker stretch hoodie<br \/>\n<\/strong><\/h1>\n<p>Der Tricker Hoodie eignet sich f\u00fcr Layer-on-Layer-Kleidung, wo er mit seiner engen Passform unter einer Jacke sitzt und isoliert, ohne zu viel Platz einzunehmen. Es funktioniert wirklich gut, sowohl als Schicht an einem warmen Tag als auch unter einer Shell-Jacke oder Weste an einem k\u00fchleren Tag. Wenn es richtig kalt ist, funktioniert es auch hervorragend als Zwischenschicht unter einer Jacke.<\/p>\n<p>Ist so konzipiert, dass es zusammen mit der Tricker Jacket 2 in One von DOGSOME in das System passt. Auf diese Weise kann es mit der Weste zusammengezippt und als Ersatz f\u00fcr die sonst mitgelieferten Tricker-Vliese verwendet werden.<\/p>\n<p>Der leckere Tricker Hoodie von DOGSOME hat praktische gro\u00dfe Seitentaschen und gro\u00dfe durchgehende Ges\u00e4\u00dftaschen sowie eine Kapuze, ist atmungsaktiv und elastisch und hat eine weiche, thermoregulierende und kuschelige Fleece-Innenseite, die unabh\u00e4ngig vom Einsatzzweck f\u00fcr einen hohen Tragekomfort sorgt.<\/p>\n<ul>\n<li>Der Tricker Hoodie ist atmungsaktiv und elastisch und hat eine weiche, thermoregulierende und kuschelige Fleece-Innenseite, die f\u00fcr ein hohes Ma\u00df an Bewegungsfreiheit und Komfort sorgt.<\/li>\n<li>YKK- durchgehend hochwertige Rei\u00dfverschl\u00fcsse.<\/li>\n<li>Intelligente Spannung am unteren Rand des Tricker-Hoodies.<\/li>\n<li>Zwei gro\u00dfe Innentaschen.<\/li>\n<li>Gro\u00dfe durchgehende R\u00fcckentaschen, die versteckt und mit Rei\u00dfverschl\u00fcssen verschlossen werden k\u00f6nnen.<\/li>\n<li>\u00c4rmel\u00f6ffnung mit Daumenloch<\/li>\n<li>Kann bei 30 Grad gewaschen werden<\/li>\n<li>Erh\u00e4ltlich in den Gr\u00f6\u00dfen XS \u2013 3 XL f\u00fcr M\u00e4nner und Frauen.<\/li>\n<\/ul>\n<p>Gewicht in Gr\u00f6\u00dfe M, 680 gram<\/p>\n<p>&nbsp;<\/p>\n","protected":false},"excerpt":{"rendered":"<h1><strong>Tricker jacket stretch hoodie<\/strong><\/h1>\n<p><span style=\"font-size: 16px;\"><br \/>\nDer Tricker Hoodie eignet sich f\u00fcr Layer-on-Layer-Kleidung, wo er mit seiner engen Passform unter einer Jacke sitzt und isoliert, ohne zu viel Platz einzunehmen. Es funktioniert wirklich gut, sowohl als Schicht an einem warmen Tag als auch unter einer Shell-Jacke oder Weste an einem k\u00fchleren Tag. Wenn es richtig kalt ist, funktioniert es auch hervorragend als Zwischenschicht unter einer Jacke.<\/span><\/p>\n<p>&nbsp;<\/p>\n","protected":false},"featured_media":12144,"template":"","meta":{"_et_pb_use_builder":"","_et_pb_old_content":"","_et_gb_content_width":""},"product_brand":[],"product_cat":[388,390,387,391,389,392],"product_tag":[],"class_list":{"0":"post-12121","1":"product","2":"type-product","3":"status-publish","4":"has-post-thumbnail","6":"product_cat-dame-de","7":"product_cat-dame-jacken","8":"product_cat-herr","9":"product_cat-herrenjacken","10":"product_cat-pullover-fuer-damen","11":"product_cat-pullover-fuer-herren","13":"first","14":"instock","15":"shipping-taxable","16":"purchasable","17":"product-type-variable","18":"wvs-archive-product-wrapper"},"yoast_head":"<!-- This site is optimized with the Yoast SEO plugin v27.5 - https:\/\/yoast.com\/product\/yoast-seo-wordpress\/ -->\n<title>Tricker stretch hoodie Oliven (Kopier) - dogsome.dk<\/title>\n<meta name=\"description\" content=\"Der Tricker Hoodie eignet sich f\u00fcr Layer-on-Layer-Kleidung, wo er mit seiner engen Passform unter einer Jacke sitzt und isoliert, ohne zu viel Platz einzunehmen. Es funktioniert wirklich gut, sowohl als Schicht an einem warmen Tag als auch unter einer Shell-Jacke oder Weste an einem k\u00fchleren Tag. Wenn es richtig kalt ist, funktioniert es auch hervorragend als Zwischenschicht unter einer Jacke.\" \/>\n<meta name=\"robots\" content=\"index, follow, max-snippet:-1, max-image-preview:large, max-video-preview:-1\" \/>\n<link rel=\"canonical\" href=\"https:\/\/dogsome.dk\/de\/vare\/tricker-stretch-hoodie-oliven-kopier\/\" \/>\n<meta property=\"og:locale\" content=\"de_DE\" \/>\n<meta property=\"og:type\" content=\"article\" \/>\n<meta property=\"og:title\" content=\"Tricker stretch hoodie Oliven (Kopier) - dogsome.dk\" \/>\n<meta property=\"og:description\" content=\"Der Tricker Hoodie eignet sich f\u00fcr Layer-on-Layer-Kleidung, wo er mit seiner engen Passform unter einer Jacke sitzt und isoliert, ohne zu viel Platz einzunehmen. Es funktioniert wirklich gut, sowohl als Schicht an einem warmen Tag als auch unter einer Shell-Jacke oder Weste an einem k\u00fchleren Tag. Wenn es richtig kalt ist, funktioniert es auch hervorragend als Zwischenschicht unter einer Jacke.\" \/>\n<meta property=\"og:url\" content=\"https:\/\/dogsome.dk\/de\/vare\/tricker-stretch-hoodie-oliven-kopier\/\" \/>\n<meta property=\"og:site_name\" content=\"dogsome.dk\" \/>\n<meta property=\"article:modified_time\" content=\"2024-12-04T18:49:35+00:00\" \/>\n<meta property=\"og:image\" content=\"https:\/\/dogsome.dk\/wp-content\/uploads\/2024\/09\/Haette-troeje-unisex_Roed.jpg\" \/>\n\t<meta property=\"og:image:width\" content=\"1080\" \/>\n\t<meta property=\"og:image:height\" content=\"1080\" \/>\n\t<meta property=\"og:image:type\" content=\"image\/jpeg\" \/>\n<meta name=\"twitter:card\" content=\"summary_large_image\" \/>\n<meta name=\"twitter:label1\" content=\"Gesch\u00e4tzte Lesezeit\" \/>\n\t<meta name=\"twitter:data1\" content=\"1\u00a0Minute\" \/>\n<script type=\"application\/ld+json\" class=\"yoast-schema-graph\">{\"@context\":\"https:\\\/\\\/schema.org\",\"@graph\":[{\"@type\":\"WebPage\",\"@id\":\"https:\\\/\\\/dogsome.dk\\\/de\\\/vare\\\/tricker-stretch-hoodie-oliven-kopier\\\/\",\"url\":\"https:\\\/\\\/dogsome.dk\\\/de\\\/vare\\\/tricker-stretch-hoodie-oliven-kopier\\\/\",\"name\":\"Tricker stretch hoodie Oliven (Kopier) - dogsome.dk\",\"isPartOf\":{\"@id\":\"https:\\\/\\\/dogsome.dk\\\/#website\"},\"primaryImageOfPage\":{\"@id\":\"https:\\\/\\\/dogsome.dk\\\/de\\\/vare\\\/tricker-stretch-hoodie-oliven-kopier\\\/#primaryimage\"},\"image\":{\"@id\":\"https:\\\/\\\/dogsome.dk\\\/de\\\/vare\\\/tricker-stretch-hoodie-oliven-kopier\\\/#primaryimage\"},\"thumbnailUrl\":\"https:\\\/\\\/dogsome.dk\\\/wp-content\\\/uploads\\\/2024\\\/09\\\/Haette-troeje-unisex_Roed.jpg\",\"datePublished\":\"2024-09-04T20:55:34+00:00\",\"dateModified\":\"2024-12-04T18:49:35+00:00\",\"description\":\"Der Tricker Hoodie eignet sich f\u00fcr Layer-on-Layer-Kleidung, wo er mit seiner engen Passform unter einer Jacke sitzt und isoliert, ohne zu viel Platz einzunehmen. Es funktioniert wirklich gut, sowohl als Schicht an einem warmen Tag als auch unter einer Shell-Jacke oder Weste an einem k\u00fchleren Tag. Wenn es richtig kalt ist, funktioniert es auch hervorragend als Zwischenschicht unter einer Jacke.\",\"breadcrumb\":{\"@id\":\"https:\\\/\\\/dogsome.dk\\\/de\\\/vare\\\/tricker-stretch-hoodie-oliven-kopier\\\/#breadcrumb\"},\"inLanguage\":\"de\",\"potentialAction\":[{\"@type\":\"ReadAction\",\"target\":[\"https:\\\/\\\/dogsome.dk\\\/de\\\/vare\\\/tricker-stretch-hoodie-oliven-kopier\\\/\"]}]},{\"@type\":\"ImageObject\",\"inLanguage\":\"de\",\"@id\":\"https:\\\/\\\/dogsome.dk\\\/de\\\/vare\\\/tricker-stretch-hoodie-oliven-kopier\\\/#primaryimage\",\"url\":\"https:\\\/\\\/dogsome.dk\\\/wp-content\\\/uploads\\\/2024\\\/09\\\/Haette-troeje-unisex_Roed.jpg\",\"contentUrl\":\"https:\\\/\\\/dogsome.dk\\\/wp-content\\\/uploads\\\/2024\\\/09\\\/Haette-troeje-unisex_Roed.jpg\",\"width\":1080,\"height\":1080,\"caption\":\"Bamboo Tricker hoodie\"},{\"@type\":\"BreadcrumbList\",\"@id\":\"https:\\\/\\\/dogsome.dk\\\/de\\\/vare\\\/tricker-stretch-hoodie-oliven-kopier\\\/#breadcrumb\",\"itemListElement\":[{\"@type\":\"ListItem\",\"position\":1,\"name\":\"Hjem\",\"item\":\"https:\\\/\\\/dogsome.dk\\\/de\\\/titelseite\\\/\"},{\"@type\":\"ListItem\",\"position\":2,\"name\":\"Shop\",\"item\":\"https:\\\/\\\/dogsome.dk\\\/shop\\\/\"},{\"@type\":\"ListItem\",\"position\":3,\"name\":\"Tricker stretch hoodie Oliven (Kopier)\"}]},{\"@type\":\"WebSite\",\"@id\":\"https:\\\/\\\/dogsome.dk\\\/#website\",\"url\":\"https:\\\/\\\/dogsome.dk\\\/\",\"name\":\"dogsome.dk\",\"description\":\"\",\"potentialAction\":[{\"@type\":\"SearchAction\",\"target\":{\"@type\":\"EntryPoint\",\"urlTemplate\":\"https:\\\/\\\/dogsome.dk\\\/?s={search_term_string}\"},\"query-input\":{\"@type\":\"PropertyValueSpecification\",\"valueRequired\":true,\"valueName\":\"search_term_string\"}}],\"inLanguage\":\"de\"}]}<\/script>\n<!-- \/ Yoast SEO plugin. -->","yoast_head_json":{"title":"Tricker stretch hoodie Oliven (Kopier) - dogsome.dk","description":"Der Tricker Hoodie eignet sich f\u00fcr Layer-on-Layer-Kleidung, wo er mit seiner engen Passform unter einer Jacke sitzt und isoliert, ohne zu viel Platz einzunehmen. Es funktioniert wirklich gut, sowohl als Schicht an einem warmen Tag als auch unter einer Shell-Jacke oder Weste an einem k\u00fchleren Tag. Wenn es richtig kalt ist, funktioniert es auch hervorragend als Zwischenschicht unter einer Jacke.","robots":{"index":"index","follow":"follow","max-snippet":"max-snippet:-1","max-image-preview":"max-image-preview:large","max-video-preview":"max-video-preview:-1"},"canonical":"https:\/\/dogsome.dk\/de\/vare\/tricker-stretch-hoodie-oliven-kopier\/","og_locale":"de_DE","og_type":"article","og_title":"Tricker stretch hoodie Oliven (Kopier) - dogsome.dk","og_description":"Der Tricker Hoodie eignet sich f\u00fcr Layer-on-Layer-Kleidung, wo er mit seiner engen Passform unter einer Jacke sitzt und isoliert, ohne zu viel Platz einzunehmen. Es funktioniert wirklich gut, sowohl als Schicht an einem warmen Tag als auch unter einer Shell-Jacke oder Weste an einem k\u00fchleren Tag. Wenn es richtig kalt ist, funktioniert es auch hervorragend als Zwischenschicht unter einer Jacke.","og_url":"https:\/\/dogsome.dk\/de\/vare\/tricker-stretch-hoodie-oliven-kopier\/","og_site_name":"dogsome.dk","article_modified_time":"2024-12-04T18:49:35+00:00","og_image":[{"width":1080,"height":1080,"url":"https:\/\/dogsome.dk\/wp-content\/uploads\/2024\/09\/Haette-troeje-unisex_Roed.jpg","type":"image\/jpeg"}],"twitter_card":"summary_large_image","twitter_misc":{"Gesch\u00e4tzte Lesezeit":"1\u00a0Minute"},"schema":{"@context":"https:\/\/schema.org","@graph":[{"@type":"WebPage","@id":"https:\/\/dogsome.dk\/de\/vare\/tricker-stretch-hoodie-oliven-kopier\/","url":"https:\/\/dogsome.dk\/de\/vare\/tricker-stretch-hoodie-oliven-kopier\/","name":"Tricker stretch hoodie Oliven (Kopier) - dogsome.dk","isPartOf":{"@id":"https:\/\/dogsome.dk\/#website"},"primaryImageOfPage":{"@id":"https:\/\/dogsome.dk\/de\/vare\/tricker-stretch-hoodie-oliven-kopier\/#primaryimage"},"image":{"@id":"https:\/\/dogsome.dk\/de\/vare\/tricker-stretch-hoodie-oliven-kopier\/#primaryimage"},"thumbnailUrl":"https:\/\/dogsome.dk\/wp-content\/uploads\/2024\/09\/Haette-troeje-unisex_Roed.jpg","datePublished":"2024-09-04T20:55:34+00:00","dateModified":"2024-12-04T18:49:35+00:00","description":"Der Tricker Hoodie eignet sich f\u00fcr Layer-on-Layer-Kleidung, wo er mit seiner engen Passform unter einer Jacke sitzt und isoliert, ohne zu viel Platz einzunehmen. Es funktioniert wirklich gut, sowohl als Schicht an einem warmen Tag als auch unter einer Shell-Jacke oder Weste an einem k\u00fchleren Tag. Wenn es richtig kalt ist, funktioniert es auch hervorragend als Zwischenschicht unter einer Jacke.","breadcrumb":{"@id":"https:\/\/dogsome.dk\/de\/vare\/tricker-stretch-hoodie-oliven-kopier\/#breadcrumb"},"inLanguage":"de","potentialAction":[{"@type":"ReadAction","target":["https:\/\/dogsome.dk\/de\/vare\/tricker-stretch-hoodie-oliven-kopier\/"]}]},{"@type":"ImageObject","inLanguage":"de","@id":"https:\/\/dogsome.dk\/de\/vare\/tricker-stretch-hoodie-oliven-kopier\/#primaryimage","url":"https:\/\/dogsome.dk\/wp-content\/uploads\/2024\/09\/Haette-troeje-unisex_Roed.jpg","contentUrl":"https:\/\/dogsome.dk\/wp-content\/uploads\/2024\/09\/Haette-troeje-unisex_Roed.jpg","width":1080,"height":1080,"caption":"Bamboo Tricker hoodie"},{"@type":"BreadcrumbList","@id":"https:\/\/dogsome.dk\/de\/vare\/tricker-stretch-hoodie-oliven-kopier\/#breadcrumb","itemListElement":[{"@type":"ListItem","position":1,"name":"Hjem","item":"https:\/\/dogsome.dk\/de\/titelseite\/"},{"@type":"ListItem","position":2,"name":"Shop","item":"https:\/\/dogsome.dk\/shop\/"},{"@type":"ListItem","position":3,"name":"Tricker stretch hoodie Oliven (Kopier)"}]},{"@type":"WebSite","@id":"https:\/\/dogsome.dk\/#website","url":"https:\/\/dogsome.dk\/","name":"dogsome.dk","description":"","potentialAction":[{"@type":"SearchAction","target":{"@type":"EntryPoint","urlTemplate":"https:\/\/dogsome.dk\/?s={search_term_string}"},"query-input":{"@type":"PropertyValueSpecification","valueRequired":true,"valueName":"search_term_string"}}],"inLanguage":"de"}]}},"_links":{"self":[{"href":"https:\/\/dogsome.dk\/de\/wp-json\/wp\/v2\/product\/12121","targetHints":{"allow":["GET"]}}],"collection":[{"href":"https:\/\/dogsome.dk\/de\/wp-json\/wp\/v2\/product"}],"about":[{"href":"https:\/\/dogsome.dk\/de\/wp-json\/wp\/v2\/types\/product"}],"wp:featuredmedia":[{"embeddable":true,"href":"https:\/\/dogsome.dk\/de\/wp-json\/wp\/v2\/media\/12144"}],"wp:attachment":[{"href":"https:\/\/dogsome.dk\/de\/wp-json\/wp\/v2\/media?parent=12121"}],"wp:term":[{"taxonomy":"product_brand","embeddable":true,"href":"https:\/\/dogsome.dk\/de\/wp-json\/wp\/v2\/product_brand?post=12121"},{"taxonomy":"product_cat","embeddable":true,"href":"https:\/\/dogsome.dk\/de\/wp-json\/wp\/v2\/product_cat?post=12121"},{"taxonomy":"product_tag","embeddable":true,"href":"https:\/\/dogsome.dk\/de\/wp-json\/wp\/v2\/product_tag?post=12121"}],"curies":[{"name":"wp","href":"https:\/\/api.w.org\/{rel}","templated":true}]}}