{"id":15874,"date":"2026-03-07T21:28:42","date_gmt":"2026-03-07T20:28:42","guid":{"rendered":"https:\/\/dogsome.dk\/?post_type=product&#038;p=15874"},"modified":"2026-03-07T21:56:01","modified_gmt":"2026-03-07T20:56:01","slug":"woman-adjustable-ponytail-cap-kopier","status":"publish","type":"product","link":"https:\/\/dogsome.dk\/de\/vare\/woman-adjustable-ponytail-cap-kopier\/","title":{"rendered":"Woman adjustable ponytail cap (Kopier)"},"content":{"rendered":"<div class=\"et_pb_module et_pb_wc_tabs et_pb_wc_tabs_0_tb_body et_pb_tabs \">\n<div class=\"et_pb_all_tabs\">\n<div class=\"et_pb_tab clearfix et_pb_active_content et-pb-active-slide\">\n<div class=\"et_pb_tab_content\">\n<p>Gewicht: 100 Gramm<\/p>\n<p>Mit gro\u00dfer Stickerei auf der Vorderseite.<\/p>\n<p>Auf der R\u00fcckseite befindet sich eine Spannung \u2013 und ein Schwei\u00dfband aus 100 % atmungsaktiver Baumwolle.<\/p>\n<p>Die Kappe verf\u00fcgt au\u00dferdem \u00fcber ein breites elastisches Kreuz im hinteren Bereich zum Spannen. Dies stellt sicher, dass Sie Ihren Pferdeschwanz dort platzieren k\u00f6nnen, wo Sie m\u00f6chten und wie hoch Sie m\u00f6chten. <\/p>\n<p><strong>One Size<\/strong> (ca. 56-59 cm)<\/p>\n<\/div>\n<\/div>\n<\/div>\n<\/div>\n<div class=\"et_pb_module et_pb_wc_related_products et_pb_wc_related_products_0_tb_body et_pb_bg_layout_ et_pb_text_align_center\" data-icon=\"T\">\n<div class=\"et_pb_module_inner\"><\/div>\n<\/div>\n","protected":false},"excerpt":{"rendered":"<h3><strong>Woman adjustable ponytail cap<\/strong><\/h3>\n<p>Eine Cap, die Funktionalit\u00e4t und Design perfekt vereint. Mit ihren 6 Panelen und dem sportlichen Look sticht sie aus der Masse hervor und verleiht deinem Alltag eine frische und dynamische Note. Die runden Panele verleihen der Cap einen modernen, athletischen Look, der sowohl f\u00fcr aktive als auch entspannte Tage perfekt ist.  <\/p>\n<p>Mit dem elastischen Kreuz auf der R\u00fcckseite der Kappe k\u00f6nnen Sie Ihren Pferdeschwanz auf die gew\u00fcnschte und bequemste H\u00f6he bringen, ohne dass er dort h\u00e4ngen bleiben muss.<\/p>\n<p>Die Kappe ist im Nacken mit einer verstellbaren Edelstahlschnalle ausgestattet, die f\u00fcr eine perfekte Passform bei jeder Kopfgr\u00f6\u00dfe sorgt. Im Inneren befindet sich entlang der Krempe ein weiches Futter, das Schwei\u00df effektiv aufnimmt und Sie bei jeder Bewegung trocken h\u00e4lt. <\/p>\n","protected":false},"featured_media":15878,"template":"","meta":{"_et_pb_use_builder":"","_et_pb_old_content":"","_et_gb_content_width":""},"product_brand":[],"product_cat":[466,395,388,403],"product_tag":[],"class_list":{"0":"post-15874","1":"product","2":"type-product","3":"status-publish","4":"has-post-thumbnail","6":"product_cat-b2b-de","7":"product_cat-cap-de","8":"product_cat-dame-de","9":"product_cat-zubehoer","11":"first","12":"instock","13":"shipping-taxable","14":"purchasable","15":"product-type-variable","16":"wvs-archive-product-wrapper"},"yoast_head":"<!-- This site is optimized with the Yoast SEO plugin v27.4 - https:\/\/yoast.com\/product\/yoast-seo-wordpress\/ -->\n<title>Woman adjustable ponytail cap (Kopier) - dogsome.dk<\/title>\n<meta name=\"description\" content=\"Woman adjustable ponytail cap\" \/>\n<meta name=\"robots\" content=\"index, follow, max-snippet:-1, max-image-preview:large, max-video-preview:-1\" \/>\n<link rel=\"canonical\" href=\"https:\/\/dogsome.dk\/de\/vare\/woman-adjustable-ponytail-cap-kopier\/\" \/>\n<meta property=\"og:locale\" content=\"de_DE\" \/>\n<meta property=\"og:type\" content=\"article\" \/>\n<meta property=\"og:title\" content=\"Woman adjustable ponytail cap (Kopier) - dogsome.dk\" \/>\n<meta property=\"og:description\" content=\"Woman adjustable ponytail cap\" \/>\n<meta property=\"og:url\" content=\"https:\/\/dogsome.dk\/de\/vare\/woman-adjustable-ponytail-cap-kopier\/\" \/>\n<meta property=\"og:site_name\" content=\"dogsome.dk\" \/>\n<meta property=\"article:modified_time\" content=\"2026-03-07T20:56:01+00:00\" \/>\n<meta property=\"og:image\" content=\"https:\/\/dogsome.dk\/wp-content\/uploads\/2026\/03\/Caps-woman.jpg\" \/>\n\t<meta property=\"og:image:width\" content=\"1080\" \/>\n\t<meta property=\"og:image:height\" content=\"1080\" \/>\n\t<meta property=\"og:image:type\" content=\"image\/jpeg\" \/>\n<meta name=\"twitter:card\" content=\"summary_large_image\" \/>\n<script type=\"application\/ld+json\" class=\"yoast-schema-graph\">{\"@context\":\"https:\\\/\\\/schema.org\",\"@graph\":[{\"@type\":\"WebPage\",\"@id\":\"https:\\\/\\\/dogsome.dk\\\/de\\\/vare\\\/woman-adjustable-ponytail-cap-kopier\\\/\",\"url\":\"https:\\\/\\\/dogsome.dk\\\/de\\\/vare\\\/woman-adjustable-ponytail-cap-kopier\\\/\",\"name\":\"Woman adjustable ponytail cap (Kopier) - dogsome.dk\",\"isPartOf\":{\"@id\":\"https:\\\/\\\/dogsome.dk\\\/#website\"},\"primaryImageOfPage\":{\"@id\":\"https:\\\/\\\/dogsome.dk\\\/de\\\/vare\\\/woman-adjustable-ponytail-cap-kopier\\\/#primaryimage\"},\"image\":{\"@id\":\"https:\\\/\\\/dogsome.dk\\\/de\\\/vare\\\/woman-adjustable-ponytail-cap-kopier\\\/#primaryimage\"},\"thumbnailUrl\":\"https:\\\/\\\/dogsome.dk\\\/wp-content\\\/uploads\\\/2026\\\/03\\\/Caps-woman.jpg\",\"datePublished\":\"2026-03-07T20:28:42+00:00\",\"dateModified\":\"2026-03-07T20:56:01+00:00\",\"description\":\"Woman adjustable ponytail cap\",\"breadcrumb\":{\"@id\":\"https:\\\/\\\/dogsome.dk\\\/de\\\/vare\\\/woman-adjustable-ponytail-cap-kopier\\\/#breadcrumb\"},\"inLanguage\":\"de\",\"potentialAction\":[{\"@type\":\"ReadAction\",\"target\":[\"https:\\\/\\\/dogsome.dk\\\/de\\\/vare\\\/woman-adjustable-ponytail-cap-kopier\\\/\"]}]},{\"@type\":\"ImageObject\",\"inLanguage\":\"de\",\"@id\":\"https:\\\/\\\/dogsome.dk\\\/de\\\/vare\\\/woman-adjustable-ponytail-cap-kopier\\\/#primaryimage\",\"url\":\"https:\\\/\\\/dogsome.dk\\\/wp-content\\\/uploads\\\/2026\\\/03\\\/Caps-woman.jpg\",\"contentUrl\":\"https:\\\/\\\/dogsome.dk\\\/wp-content\\\/uploads\\\/2026\\\/03\\\/Caps-woman.jpg\",\"width\":1080,\"height\":1080},{\"@type\":\"BreadcrumbList\",\"@id\":\"https:\\\/\\\/dogsome.dk\\\/de\\\/vare\\\/woman-adjustable-ponytail-cap-kopier\\\/#breadcrumb\",\"itemListElement\":[{\"@type\":\"ListItem\",\"position\":1,\"name\":\"Hjem\",\"item\":\"https:\\\/\\\/dogsome.dk\\\/de\\\/titelseite\\\/\"},{\"@type\":\"ListItem\",\"position\":2,\"name\":\"Shop\",\"item\":\"https:\\\/\\\/dogsome.dk\\\/shop\\\/\"},{\"@type\":\"ListItem\",\"position\":3,\"name\":\"Woman adjustable ponytail cap (Kopier)\"}]},{\"@type\":\"WebSite\",\"@id\":\"https:\\\/\\\/dogsome.dk\\\/#website\",\"url\":\"https:\\\/\\\/dogsome.dk\\\/\",\"name\":\"dogsome.dk\",\"description\":\"\",\"potentialAction\":[{\"@type\":\"SearchAction\",\"target\":{\"@type\":\"EntryPoint\",\"urlTemplate\":\"https:\\\/\\\/dogsome.dk\\\/?s={search_term_string}\"},\"query-input\":{\"@type\":\"PropertyValueSpecification\",\"valueRequired\":true,\"valueName\":\"search_term_string\"}}],\"inLanguage\":\"de\"}]}<\/script>\n<!-- \/ Yoast SEO plugin. -->","yoast_head_json":{"title":"Woman adjustable ponytail cap (Kopier) - dogsome.dk","description":"Woman adjustable ponytail cap","robots":{"index":"index","follow":"follow","max-snippet":"max-snippet:-1","max-image-preview":"max-image-preview:large","max-video-preview":"max-video-preview:-1"},"canonical":"https:\/\/dogsome.dk\/de\/vare\/woman-adjustable-ponytail-cap-kopier\/","og_locale":"de_DE","og_type":"article","og_title":"Woman adjustable ponytail cap (Kopier) - dogsome.dk","og_description":"Woman adjustable ponytail cap","og_url":"https:\/\/dogsome.dk\/de\/vare\/woman-adjustable-ponytail-cap-kopier\/","og_site_name":"dogsome.dk","article_modified_time":"2026-03-07T20:56:01+00:00","og_image":[{"width":1080,"height":1080,"url":"https:\/\/dogsome.dk\/wp-content\/uploads\/2026\/03\/Caps-woman.jpg","type":"image\/jpeg"}],"twitter_card":"summary_large_image","schema":{"@context":"https:\/\/schema.org","@graph":[{"@type":"WebPage","@id":"https:\/\/dogsome.dk\/de\/vare\/woman-adjustable-ponytail-cap-kopier\/","url":"https:\/\/dogsome.dk\/de\/vare\/woman-adjustable-ponytail-cap-kopier\/","name":"Woman adjustable ponytail cap (Kopier) - dogsome.dk","isPartOf":{"@id":"https:\/\/dogsome.dk\/#website"},"primaryImageOfPage":{"@id":"https:\/\/dogsome.dk\/de\/vare\/woman-adjustable-ponytail-cap-kopier\/#primaryimage"},"image":{"@id":"https:\/\/dogsome.dk\/de\/vare\/woman-adjustable-ponytail-cap-kopier\/#primaryimage"},"thumbnailUrl":"https:\/\/dogsome.dk\/wp-content\/uploads\/2026\/03\/Caps-woman.jpg","datePublished":"2026-03-07T20:28:42+00:00","dateModified":"2026-03-07T20:56:01+00:00","description":"Woman adjustable ponytail cap","breadcrumb":{"@id":"https:\/\/dogsome.dk\/de\/vare\/woman-adjustable-ponytail-cap-kopier\/#breadcrumb"},"inLanguage":"de","potentialAction":[{"@type":"ReadAction","target":["https:\/\/dogsome.dk\/de\/vare\/woman-adjustable-ponytail-cap-kopier\/"]}]},{"@type":"ImageObject","inLanguage":"de","@id":"https:\/\/dogsome.dk\/de\/vare\/woman-adjustable-ponytail-cap-kopier\/#primaryimage","url":"https:\/\/dogsome.dk\/wp-content\/uploads\/2026\/03\/Caps-woman.jpg","contentUrl":"https:\/\/dogsome.dk\/wp-content\/uploads\/2026\/03\/Caps-woman.jpg","width":1080,"height":1080},{"@type":"BreadcrumbList","@id":"https:\/\/dogsome.dk\/de\/vare\/woman-adjustable-ponytail-cap-kopier\/#breadcrumb","itemListElement":[{"@type":"ListItem","position":1,"name":"Hjem","item":"https:\/\/dogsome.dk\/de\/titelseite\/"},{"@type":"ListItem","position":2,"name":"Shop","item":"https:\/\/dogsome.dk\/shop\/"},{"@type":"ListItem","position":3,"name":"Woman adjustable ponytail cap (Kopier)"}]},{"@type":"WebSite","@id":"https:\/\/dogsome.dk\/#website","url":"https:\/\/dogsome.dk\/","name":"dogsome.dk","description":"","potentialAction":[{"@type":"SearchAction","target":{"@type":"EntryPoint","urlTemplate":"https:\/\/dogsome.dk\/?s={search_term_string}"},"query-input":{"@type":"PropertyValueSpecification","valueRequired":true,"valueName":"search_term_string"}}],"inLanguage":"de"}]}},"_links":{"self":[{"href":"https:\/\/dogsome.dk\/de\/wp-json\/wp\/v2\/product\/15874","targetHints":{"allow":["GET"]}}],"collection":[{"href":"https:\/\/dogsome.dk\/de\/wp-json\/wp\/v2\/product"}],"about":[{"href":"https:\/\/dogsome.dk\/de\/wp-json\/wp\/v2\/types\/product"}],"wp:featuredmedia":[{"embeddable":true,"href":"https:\/\/dogsome.dk\/de\/wp-json\/wp\/v2\/media\/15878"}],"wp:attachment":[{"href":"https:\/\/dogsome.dk\/de\/wp-json\/wp\/v2\/media?parent=15874"}],"wp:term":[{"taxonomy":"product_brand","embeddable":true,"href":"https:\/\/dogsome.dk\/de\/wp-json\/wp\/v2\/product_brand?post=15874"},{"taxonomy":"product_cat","embeddable":true,"href":"https:\/\/dogsome.dk\/de\/wp-json\/wp\/v2\/product_cat?post=15874"},{"taxonomy":"product_tag","embeddable":true,"href":"https:\/\/dogsome.dk\/de\/wp-json\/wp\/v2\/product_tag?post=15874"}],"curies":[{"name":"wp","href":"https:\/\/api.w.org\/{rel}","templated":true}]}}