{"id":8162,"date":"2017-04-02T16:34:49","date_gmt":"2017-04-02T14:34:49","guid":{"rendered":"https:\/\/dogsome.dk\/vare\/dogsome-knieschoner-pro\/"},"modified":"2017-04-02T16:34:49","modified_gmt":"2017-04-02T14:34:49","slug":"dogsome-knieschoner","status":"publish","type":"product","link":"https:\/\/dogsome.dk\/de\/vare\/dogsome-knieschoner\/","title":{"rendered":"Dogsome &#8211; Knieschoner Pro"},"content":{"rendered":"<p>DOGSOME Pro Knieschoner Wasserdichte EVA-Schaumschoner mit guter Passform<\/p>\n<p>Erh\u00e4ltlich in den Gr\u00f6\u00dfen One Size &#8211; passt in alle Dogsome Outdoor Hosen<\/p>\n","protected":false},"excerpt":{"rendered":"<p>&#8222;Sch\u00fctzen Sie Ihre Knie mit unseren Schaumstoff-Kniesch\u00fctzern vor Schmerzen und Verletzungen. Ob Sie im Garten arbeiten, das Haus putzen oder Sport treiben, unsere Kniesch\u00fctzer k\u00f6nnen Ihnen helfen, unangenehme Knieverletzungen zu vermeiden und Ihren Komfort bei Aktivit\u00e4ten zu verbessern. Unsere Kniesch\u00fctzer sind Sie bestehen aus hochwertigem EVA-Schaumstoff und sind leicht und angenehm zu tragen. Sie sind so konzipiert, dass sie Ihren Knien das richtige Ma\u00df an Unterst\u00fctzung und Schutz bieten, damit Sie Ihre Aufgaben mit Leichtigkeit und ohne Schmerzen ausf\u00fchren k\u00f6nnen. Die Kniesch\u00fctzer haben eine Einheitsgr\u00f6\u00dfe Bestellen Sie noch heute Ihre Schaumstoff-Kniesch\u00fctzer und erleben Sie den ultimativen Schutz und Komfort f\u00fcr Ihre Knie!\u201c<\/p>\n","protected":false},"featured_media":8158,"template":"","meta":{"_et_pb_use_builder":"","_et_pb_old_content":"","_et_gb_content_width":""},"product_brand":[],"product_cat":[384],"product_tag":[],"class_list":{"0":"post-8162","1":"product","2":"type-product","3":"status-publish","4":"has-post-thumbnail","6":"product_cat-knieschoner","8":"first","9":"instock","10":"shipping-taxable","11":"purchasable","12":"product-type-variable","13":"wvs-archive-product-wrapper"},"yoast_head":"<!-- This site is optimized with the Yoast SEO plugin v27.5 - https:\/\/yoast.com\/product\/yoast-seo-wordpress\/ -->\n<title>Dogsome Knieschoner<\/title>\n<meta name=\"description\" content=\"&quot;Sch\u00fctzen Sie Ihre Knie mit unseren Schaumstoff-Kniesch\u00fctzern. Perfekt f\u00fcr Garten-, Reinigungs-, Bau- und Sportaktivit\u00e4ten. Schnelle Lieferung und exzellenter Kundenservice. Bestellen Sie heute und sch\u00fctzen Sie Ihre Knie morgen!&quot;\" \/>\n<meta name=\"robots\" content=\"index, follow, max-snippet:-1, max-image-preview:large, max-video-preview:-1\" \/>\n<link rel=\"canonical\" href=\"https:\/\/dogsome.dk\/de\/vare\/dogsome-knieschoner-pro\/\" \/>\n<meta property=\"og:locale\" content=\"de_DE\" \/>\n<meta property=\"og:type\" content=\"article\" \/>\n<meta property=\"og:title\" content=\"Dogsome Knieschoner\" \/>\n<meta property=\"og:description\" content=\"&quot;Sch\u00fctzen Sie Ihre Knie mit unseren Schaumstoff-Kniesch\u00fctzern. Perfekt f\u00fcr Garten-, Reinigungs-, Bau- und Sportaktivit\u00e4ten. Schnelle Lieferung und exzellenter Kundenservice. Bestellen Sie heute und sch\u00fctzen Sie Ihre Knie morgen!&quot;\" \/>\n<meta property=\"og:url\" content=\"https:\/\/dogsome.dk\/de\/vare\/dogsome-knieschoner-pro\/\" \/>\n<meta property=\"og:site_name\" content=\"dogsome.dk\" \/>\n<meta property=\"og:image\" content=\"https:\/\/dogsome.dk\/wp-content\/uploads\/2023\/04\/Knee-Pads-front--683x1024.png\" \/>\n\t<meta property=\"og:image:width\" content=\"683\" \/>\n\t<meta property=\"og:image:height\" content=\"1024\" \/>\n\t<meta property=\"og:image:type\" content=\"image\/png\" \/>\n<meta name=\"twitter:card\" content=\"summary_large_image\" \/>\n<script type=\"application\/ld+json\" class=\"yoast-schema-graph\">{\"@context\":\"https:\\\/\\\/schema.org\",\"@graph\":[{\"@type\":\"WebPage\",\"@id\":\"https:\\\/\\\/dogsome.dk\\\/de\\\/vare\\\/dogsome-knieschoner-pro\\\/\",\"url\":\"https:\\\/\\\/dogsome.dk\\\/de\\\/vare\\\/dogsome-knieschoner-pro\\\/\",\"name\":\"Dogsome Knieschoner\",\"isPartOf\":{\"@id\":\"https:\\\/\\\/dogsome.dk\\\/#website\"},\"primaryImageOfPage\":{\"@id\":\"https:\\\/\\\/dogsome.dk\\\/de\\\/vare\\\/dogsome-knieschoner-pro\\\/#primaryimage\"},\"image\":{\"@id\":\"https:\\\/\\\/dogsome.dk\\\/de\\\/vare\\\/dogsome-knieschoner-pro\\\/#primaryimage\"},\"thumbnailUrl\":\"https:\\\/\\\/dogsome.dk\\\/wp-content\\\/uploads\\\/2023\\\/04\\\/Knee-Pads-front-.png\",\"datePublished\":\"2017-04-02T14:34:49+00:00\",\"description\":\"\\\"Sch\u00fctzen Sie Ihre Knie mit unseren Schaumstoff-Kniesch\u00fctzern. Perfekt f\u00fcr Garten-, Reinigungs-, Bau- und Sportaktivit\u00e4ten. Schnelle Lieferung und exzellenter Kundenservice. Bestellen Sie heute und sch\u00fctzen Sie Ihre Knie morgen!\\\"\",\"breadcrumb\":{\"@id\":\"https:\\\/\\\/dogsome.dk\\\/de\\\/vare\\\/dogsome-knieschoner-pro\\\/#breadcrumb\"},\"inLanguage\":\"de\",\"potentialAction\":[{\"@type\":\"ReadAction\",\"target\":[\"https:\\\/\\\/dogsome.dk\\\/de\\\/vare\\\/dogsome-knieschoner-pro\\\/\"]}]},{\"@type\":\"ImageObject\",\"inLanguage\":\"de\",\"@id\":\"https:\\\/\\\/dogsome.dk\\\/de\\\/vare\\\/dogsome-knieschoner-pro\\\/#primaryimage\",\"url\":\"https:\\\/\\\/dogsome.dk\\\/wp-content\\\/uploads\\\/2023\\\/04\\\/Knee-Pads-front-.png\",\"contentUrl\":\"https:\\\/\\\/dogsome.dk\\\/wp-content\\\/uploads\\\/2023\\\/04\\\/Knee-Pads-front-.png\",\"width\":2880,\"height\":4320,\"caption\":\"Pro Knieschoner von Dogsome\"},{\"@type\":\"BreadcrumbList\",\"@id\":\"https:\\\/\\\/dogsome.dk\\\/de\\\/vare\\\/dogsome-knieschoner-pro\\\/#breadcrumb\",\"itemListElement\":[{\"@type\":\"ListItem\",\"position\":1,\"name\":\"Hjem\",\"item\":\"https:\\\/\\\/dogsome.dk\\\/de\\\/titelseite\\\/\"},{\"@type\":\"ListItem\",\"position\":2,\"name\":\"Shop\",\"item\":\"https:\\\/\\\/dogsome.dk\\\/shop\\\/\"},{\"@type\":\"ListItem\",\"position\":3,\"name\":\"Dogsome &#8211; Knieschoner Pro\"}]},{\"@type\":\"WebSite\",\"@id\":\"https:\\\/\\\/dogsome.dk\\\/#website\",\"url\":\"https:\\\/\\\/dogsome.dk\\\/\",\"name\":\"dogsome.dk\",\"description\":\"\",\"potentialAction\":[{\"@type\":\"SearchAction\",\"target\":{\"@type\":\"EntryPoint\",\"urlTemplate\":\"https:\\\/\\\/dogsome.dk\\\/?s={search_term_string}\"},\"query-input\":{\"@type\":\"PropertyValueSpecification\",\"valueRequired\":true,\"valueName\":\"search_term_string\"}}],\"inLanguage\":\"de\"}]}<\/script>\n<!-- \/ Yoast SEO plugin. -->","yoast_head_json":{"title":"Dogsome Knieschoner","description":"\"Sch\u00fctzen Sie Ihre Knie mit unseren Schaumstoff-Kniesch\u00fctzern. Perfekt f\u00fcr Garten-, Reinigungs-, Bau- und Sportaktivit\u00e4ten. Schnelle Lieferung und exzellenter Kundenservice. Bestellen Sie heute und sch\u00fctzen Sie Ihre Knie morgen!\"","robots":{"index":"index","follow":"follow","max-snippet":"max-snippet:-1","max-image-preview":"max-image-preview:large","max-video-preview":"max-video-preview:-1"},"canonical":"https:\/\/dogsome.dk\/de\/vare\/dogsome-knieschoner-pro\/","og_locale":"de_DE","og_type":"article","og_title":"Dogsome Knieschoner","og_description":"\"Sch\u00fctzen Sie Ihre Knie mit unseren Schaumstoff-Kniesch\u00fctzern. Perfekt f\u00fcr Garten-, Reinigungs-, Bau- und Sportaktivit\u00e4ten. Schnelle Lieferung und exzellenter Kundenservice. Bestellen Sie heute und sch\u00fctzen Sie Ihre Knie morgen!\"","og_url":"https:\/\/dogsome.dk\/de\/vare\/dogsome-knieschoner-pro\/","og_site_name":"dogsome.dk","og_image":[{"width":683,"height":1024,"url":"https:\/\/dogsome.dk\/wp-content\/uploads\/2023\/04\/Knee-Pads-front--683x1024.png","type":"image\/png"}],"twitter_card":"summary_large_image","schema":{"@context":"https:\/\/schema.org","@graph":[{"@type":"WebPage","@id":"https:\/\/dogsome.dk\/de\/vare\/dogsome-knieschoner-pro\/","url":"https:\/\/dogsome.dk\/de\/vare\/dogsome-knieschoner-pro\/","name":"Dogsome Knieschoner","isPartOf":{"@id":"https:\/\/dogsome.dk\/#website"},"primaryImageOfPage":{"@id":"https:\/\/dogsome.dk\/de\/vare\/dogsome-knieschoner-pro\/#primaryimage"},"image":{"@id":"https:\/\/dogsome.dk\/de\/vare\/dogsome-knieschoner-pro\/#primaryimage"},"thumbnailUrl":"https:\/\/dogsome.dk\/wp-content\/uploads\/2023\/04\/Knee-Pads-front-.png","datePublished":"2017-04-02T14:34:49+00:00","description":"\"Sch\u00fctzen Sie Ihre Knie mit unseren Schaumstoff-Kniesch\u00fctzern. Perfekt f\u00fcr Garten-, Reinigungs-, Bau- und Sportaktivit\u00e4ten. Schnelle Lieferung und exzellenter Kundenservice. Bestellen Sie heute und sch\u00fctzen Sie Ihre Knie morgen!\"","breadcrumb":{"@id":"https:\/\/dogsome.dk\/de\/vare\/dogsome-knieschoner-pro\/#breadcrumb"},"inLanguage":"de","potentialAction":[{"@type":"ReadAction","target":["https:\/\/dogsome.dk\/de\/vare\/dogsome-knieschoner-pro\/"]}]},{"@type":"ImageObject","inLanguage":"de","@id":"https:\/\/dogsome.dk\/de\/vare\/dogsome-knieschoner-pro\/#primaryimage","url":"https:\/\/dogsome.dk\/wp-content\/uploads\/2023\/04\/Knee-Pads-front-.png","contentUrl":"https:\/\/dogsome.dk\/wp-content\/uploads\/2023\/04\/Knee-Pads-front-.png","width":2880,"height":4320,"caption":"Pro Knieschoner von Dogsome"},{"@type":"BreadcrumbList","@id":"https:\/\/dogsome.dk\/de\/vare\/dogsome-knieschoner-pro\/#breadcrumb","itemListElement":[{"@type":"ListItem","position":1,"name":"Hjem","item":"https:\/\/dogsome.dk\/de\/titelseite\/"},{"@type":"ListItem","position":2,"name":"Shop","item":"https:\/\/dogsome.dk\/shop\/"},{"@type":"ListItem","position":3,"name":"Dogsome &#8211; Knieschoner Pro"}]},{"@type":"WebSite","@id":"https:\/\/dogsome.dk\/#website","url":"https:\/\/dogsome.dk\/","name":"dogsome.dk","description":"","potentialAction":[{"@type":"SearchAction","target":{"@type":"EntryPoint","urlTemplate":"https:\/\/dogsome.dk\/?s={search_term_string}"},"query-input":{"@type":"PropertyValueSpecification","valueRequired":true,"valueName":"search_term_string"}}],"inLanguage":"de"}]}},"_links":{"self":[{"href":"https:\/\/dogsome.dk\/de\/wp-json\/wp\/v2\/product\/8162","targetHints":{"allow":["GET"]}}],"collection":[{"href":"https:\/\/dogsome.dk\/de\/wp-json\/wp\/v2\/product"}],"about":[{"href":"https:\/\/dogsome.dk\/de\/wp-json\/wp\/v2\/types\/product"}],"wp:featuredmedia":[{"embeddable":true,"href":"https:\/\/dogsome.dk\/de\/wp-json\/wp\/v2\/media\/8158"}],"wp:attachment":[{"href":"https:\/\/dogsome.dk\/de\/wp-json\/wp\/v2\/media?parent=8162"}],"wp:term":[{"taxonomy":"product_brand","embeddable":true,"href":"https:\/\/dogsome.dk\/de\/wp-json\/wp\/v2\/product_brand?post=8162"},{"taxonomy":"product_cat","embeddable":true,"href":"https:\/\/dogsome.dk\/de\/wp-json\/wp\/v2\/product_cat?post=8162"},{"taxonomy":"product_tag","embeddable":true,"href":"https:\/\/dogsome.dk\/de\/wp-json\/wp\/v2\/product_tag?post=8162"}],"curies":[{"name":"wp","href":"https:\/\/api.w.org\/{rel}","templated":true}]}}