{"id":8310,"date":"2022-07-14T23:44:54","date_gmt":"2022-07-14T21:44:54","guid":{"rendered":"https:\/\/dogsome.dk\/vare\/damen-t-shirts-new-bamboo-dark-cedar-green\/"},"modified":"2024-08-01T21:58:54","modified_gmt":"2024-08-01T19:58:54","slug":"damen-t-shirts-new-bamboo-dark-cedar-green","status":"publish","type":"product","link":"https:\/\/dogsome.dk\/de\/vare\/damen-t-shirts-new-bamboo-dark-cedar-green\/","title":{"rendered":"Damen-T-Shirts New Bamboo Dark Cedar Green"},"content":{"rendered":"<p>&nbsp;<\/p>\n<h4>DOGSOME bamboo T-shirt<\/h4>\n<h4><\/h4>\n<h4>Perfekt f\u00fcr diejenigen, die gerne aktiv sind. Ob Sie laufen, wandern, Mountainbike fahren, Ihren Hund trainieren oder im Fitnessstudio trainieren, es ist perfekt f\u00fcr alle Arten von Aktivit\u00e4ten.<\/h4>\n<h4>Es ist super weich und bequem, Sie werden einfach die Freiheit in jeder Bewegung genie\u00dfen.<\/h4>\n<p>&nbsp;<\/p>\n<p>Passform: Normal<\/p>\n<p><strong>Gewicht: 230 g\/m\u00b2<\/strong><\/p>\n<p>Waschanleitung 40 gr. (Bambus l\u00e4sst sich aber schon ab 30 gr sauber waschen)<\/p>\n<ul>\n<li>95 % Bambusfasern<\/li>\n<li>5% Spandex<\/li>\n<\/ul>\n<p>Enth\u00e4lt nichttextile Teile tierischen Ursprungs<\/p>\n<p>Enth\u00e4lt kein Fluorid<\/p>\n<p>&nbsp;<\/p>\n","protected":false},"excerpt":{"rendered":"<h4>DOGSOME bamboo <strong>das ultimative Outdoor T-Shirt<\/strong><\/h4>\n<h4><\/h4>\n<p>Die Bamboo T-Shirts sind schwei\u00dfableitend, da Bambusfasern 3-4 mal mehr Schwei\u00df aufnehmen k\u00f6nnen als normale Baumwolle.<\/p>\n<p>DOGSOME Bamboo T-Shirt ist antibakteriell, daher riecht es nicht so schnell nach Schwei\u00df wie andere T-Shirt Materialien.<\/p>\n<p>Es ist auch antistatisch und klebt daher nicht auf der Haut, w\u00e4hrend es super angenehm, weich und bel\u00fcftet zu tragen ist.<\/p>\n<p>Bambusfasern sind au\u00dfergew\u00f6hnlich weich, sodass Sie die Weichheit sofort auf der Haut sp\u00fcren werden.<\/p>\n<p><span style=\"font-size: 16px;\"><em><strong>HINWEIS:<\/strong><\/em> Dieses Bambus-T-Shirt ist etwas fester und etwas dicker als &#8222;Original Bambus-T-Shirts von DOGSOME&#8220;, hat aber dennoch eine temperaturregulierende Wirkung. Das hei\u00dft, es h\u00e4lt dich warm in der K\u00e4lte und k\u00fchl, wenn es hei\u00df ist.<\/span><\/p>\n<p>&nbsp;<\/p>\n","protected":false},"featured_media":8038,"template":"","meta":{"_et_pb_use_builder":"","_et_pb_old_content":"","_et_gb_content_width":""},"product_brand":[],"product_cat":[388,393],"product_tag":[],"class_list":{"0":"post-8310","1":"product","2":"type-product","3":"status-publish","4":"has-post-thumbnail","6":"product_cat-dame-de","7":"product_cat-t-shirts-fuer-frauen","9":"first","10":"instock","11":"shipping-taxable","12":"purchasable","13":"product-type-variable","14":"wvs-archive-product-wrapper"},"yoast_head":"<!-- This site is optimized with the Yoast SEO plugin v27.4 - https:\/\/yoast.com\/product\/yoast-seo-wordpress\/ -->\n<title>Damen-T-Shirts New Bamboo Dark Cedar Green - dogsome.dk<\/title>\n<meta name=\"description\" content=\"Original Bambus T-Shirts ultimatives OutdoorT-Shirt Perfekt f\u00fcr diejenigen, die es lieben, aktiv zu sein. Ob Sie laufen, wandern, Mountainbike fahren, Ihren Hund trainieren oder im Fitnessstudio trainieren, es ist perfekt f\u00fcr Aktivit\u00e4ten aller Art. Es ist super weich und bequem, Sie werden einfach die Freiheit in jeder Bewegung genie\u00dfen. T-Shirt aus Bambus\" \/>\n<meta name=\"robots\" content=\"index, follow, max-snippet:-1, max-image-preview:large, max-video-preview:-1\" \/>\n<link rel=\"canonical\" href=\"https:\/\/dogsome.dk\/de\/vare\/damen-t-shirts-new-bamboo-dark-cedar-green\/\" \/>\n<meta property=\"og:locale\" content=\"de_DE\" \/>\n<meta property=\"og:type\" content=\"article\" \/>\n<meta property=\"og:title\" content=\"Damen-T-Shirts New Bamboo Dark Cedar Green - dogsome.dk\" \/>\n<meta property=\"og:description\" content=\"Original Bambus T-Shirts ultimatives OutdoorT-Shirt Perfekt f\u00fcr diejenigen, die es lieben, aktiv zu sein. Ob Sie laufen, wandern, Mountainbike fahren, Ihren Hund trainieren oder im Fitnessstudio trainieren, es ist perfekt f\u00fcr Aktivit\u00e4ten aller Art. Es ist super weich und bequem, Sie werden einfach die Freiheit in jeder Bewegung genie\u00dfen. T-Shirt aus Bambus\" \/>\n<meta property=\"og:url\" content=\"https:\/\/dogsome.dk\/de\/vare\/damen-t-shirts-new-bamboo-dark-cedar-green\/\" \/>\n<meta property=\"og:site_name\" content=\"dogsome.dk\" \/>\n<meta property=\"article:modified_time\" content=\"2024-08-01T19:58:54+00:00\" \/>\n<meta property=\"og:image\" content=\"https:\/\/dogsome.dk\/wp-content\/uploads\/2022\/07\/oooonyny-ny.png\" \/>\n\t<meta property=\"og:image:width\" content=\"2880\" \/>\n\t<meta property=\"og:image:height\" content=\"3819\" \/>\n\t<meta property=\"og:image:type\" content=\"image\/png\" \/>\n<meta name=\"twitter:card\" content=\"summary_large_image\" \/>\n<script type=\"application\/ld+json\" class=\"yoast-schema-graph\">{\"@context\":\"https:\\\/\\\/schema.org\",\"@graph\":[{\"@type\":\"WebPage\",\"@id\":\"https:\\\/\\\/dogsome.dk\\\/de\\\/vare\\\/damen-t-shirts-new-bamboo-dark-cedar-green\\\/\",\"url\":\"https:\\\/\\\/dogsome.dk\\\/de\\\/vare\\\/damen-t-shirts-new-bamboo-dark-cedar-green\\\/\",\"name\":\"Damen-T-Shirts New Bamboo Dark Cedar Green - dogsome.dk\",\"isPartOf\":{\"@id\":\"https:\\\/\\\/dogsome.dk\\\/#website\"},\"primaryImageOfPage\":{\"@id\":\"https:\\\/\\\/dogsome.dk\\\/de\\\/vare\\\/damen-t-shirts-new-bamboo-dark-cedar-green\\\/#primaryimage\"},\"image\":{\"@id\":\"https:\\\/\\\/dogsome.dk\\\/de\\\/vare\\\/damen-t-shirts-new-bamboo-dark-cedar-green\\\/#primaryimage\"},\"thumbnailUrl\":\"https:\\\/\\\/dogsome.dk\\\/wp-content\\\/uploads\\\/2022\\\/07\\\/oooonyny-ny.png\",\"datePublished\":\"2022-07-14T21:44:54+00:00\",\"dateModified\":\"2024-08-01T19:58:54+00:00\",\"description\":\"Original Bambus T-Shirts ultimatives OutdoorT-Shirt Perfekt f\u00fcr diejenigen, die es lieben, aktiv zu sein. Ob Sie laufen, wandern, Mountainbike fahren, Ihren Hund trainieren oder im Fitnessstudio trainieren, es ist perfekt f\u00fcr Aktivit\u00e4ten aller Art. Es ist super weich und bequem, Sie werden einfach die Freiheit in jeder Bewegung genie\u00dfen. T-Shirt aus Bambus\",\"breadcrumb\":{\"@id\":\"https:\\\/\\\/dogsome.dk\\\/de\\\/vare\\\/damen-t-shirts-new-bamboo-dark-cedar-green\\\/#breadcrumb\"},\"inLanguage\":\"de\",\"potentialAction\":[{\"@type\":\"ReadAction\",\"target\":[\"https:\\\/\\\/dogsome.dk\\\/de\\\/vare\\\/damen-t-shirts-new-bamboo-dark-cedar-green\\\/\"]}]},{\"@type\":\"ImageObject\",\"inLanguage\":\"de\",\"@id\":\"https:\\\/\\\/dogsome.dk\\\/de\\\/vare\\\/damen-t-shirts-new-bamboo-dark-cedar-green\\\/#primaryimage\",\"url\":\"https:\\\/\\\/dogsome.dk\\\/wp-content\\\/uploads\\\/2022\\\/07\\\/oooonyny-ny.png\",\"contentUrl\":\"https:\\\/\\\/dogsome.dk\\\/wp-content\\\/uploads\\\/2022\\\/07\\\/oooonyny-ny.png\",\"width\":2880,\"height\":3819},{\"@type\":\"BreadcrumbList\",\"@id\":\"https:\\\/\\\/dogsome.dk\\\/de\\\/vare\\\/damen-t-shirts-new-bamboo-dark-cedar-green\\\/#breadcrumb\",\"itemListElement\":[{\"@type\":\"ListItem\",\"position\":1,\"name\":\"Hjem\",\"item\":\"https:\\\/\\\/dogsome.dk\\\/de\\\/titelseite\\\/\"},{\"@type\":\"ListItem\",\"position\":2,\"name\":\"Shop\",\"item\":\"https:\\\/\\\/dogsome.dk\\\/shop\\\/\"},{\"@type\":\"ListItem\",\"position\":3,\"name\":\"Damen-T-Shirts New Bamboo Dark Cedar Green\"}]},{\"@type\":\"WebSite\",\"@id\":\"https:\\\/\\\/dogsome.dk\\\/#website\",\"url\":\"https:\\\/\\\/dogsome.dk\\\/\",\"name\":\"dogsome.dk\",\"description\":\"\",\"potentialAction\":[{\"@type\":\"SearchAction\",\"target\":{\"@type\":\"EntryPoint\",\"urlTemplate\":\"https:\\\/\\\/dogsome.dk\\\/?s={search_term_string}\"},\"query-input\":{\"@type\":\"PropertyValueSpecification\",\"valueRequired\":true,\"valueName\":\"search_term_string\"}}],\"inLanguage\":\"de\"}]}<\/script>\n<!-- \/ Yoast SEO plugin. -->","yoast_head_json":{"title":"Damen-T-Shirts New Bamboo Dark Cedar Green - dogsome.dk","description":"Original Bambus T-Shirts ultimatives OutdoorT-Shirt Perfekt f\u00fcr diejenigen, die es lieben, aktiv zu sein. Ob Sie laufen, wandern, Mountainbike fahren, Ihren Hund trainieren oder im Fitnessstudio trainieren, es ist perfekt f\u00fcr Aktivit\u00e4ten aller Art. Es ist super weich und bequem, Sie werden einfach die Freiheit in jeder Bewegung genie\u00dfen. T-Shirt aus Bambus","robots":{"index":"index","follow":"follow","max-snippet":"max-snippet:-1","max-image-preview":"max-image-preview:large","max-video-preview":"max-video-preview:-1"},"canonical":"https:\/\/dogsome.dk\/de\/vare\/damen-t-shirts-new-bamboo-dark-cedar-green\/","og_locale":"de_DE","og_type":"article","og_title":"Damen-T-Shirts New Bamboo Dark Cedar Green - dogsome.dk","og_description":"Original Bambus T-Shirts ultimatives OutdoorT-Shirt Perfekt f\u00fcr diejenigen, die es lieben, aktiv zu sein. Ob Sie laufen, wandern, Mountainbike fahren, Ihren Hund trainieren oder im Fitnessstudio trainieren, es ist perfekt f\u00fcr Aktivit\u00e4ten aller Art. Es ist super weich und bequem, Sie werden einfach die Freiheit in jeder Bewegung genie\u00dfen. T-Shirt aus Bambus","og_url":"https:\/\/dogsome.dk\/de\/vare\/damen-t-shirts-new-bamboo-dark-cedar-green\/","og_site_name":"dogsome.dk","article_modified_time":"2024-08-01T19:58:54+00:00","og_image":[{"width":2880,"height":3819,"url":"https:\/\/dogsome.dk\/wp-content\/uploads\/2022\/07\/oooonyny-ny.png","type":"image\/png"}],"twitter_card":"summary_large_image","schema":{"@context":"https:\/\/schema.org","@graph":[{"@type":"WebPage","@id":"https:\/\/dogsome.dk\/de\/vare\/damen-t-shirts-new-bamboo-dark-cedar-green\/","url":"https:\/\/dogsome.dk\/de\/vare\/damen-t-shirts-new-bamboo-dark-cedar-green\/","name":"Damen-T-Shirts New Bamboo Dark Cedar Green - dogsome.dk","isPartOf":{"@id":"https:\/\/dogsome.dk\/#website"},"primaryImageOfPage":{"@id":"https:\/\/dogsome.dk\/de\/vare\/damen-t-shirts-new-bamboo-dark-cedar-green\/#primaryimage"},"image":{"@id":"https:\/\/dogsome.dk\/de\/vare\/damen-t-shirts-new-bamboo-dark-cedar-green\/#primaryimage"},"thumbnailUrl":"https:\/\/dogsome.dk\/wp-content\/uploads\/2022\/07\/oooonyny-ny.png","datePublished":"2022-07-14T21:44:54+00:00","dateModified":"2024-08-01T19:58:54+00:00","description":"Original Bambus T-Shirts ultimatives OutdoorT-Shirt Perfekt f\u00fcr diejenigen, die es lieben, aktiv zu sein. Ob Sie laufen, wandern, Mountainbike fahren, Ihren Hund trainieren oder im Fitnessstudio trainieren, es ist perfekt f\u00fcr Aktivit\u00e4ten aller Art. Es ist super weich und bequem, Sie werden einfach die Freiheit in jeder Bewegung genie\u00dfen. T-Shirt aus Bambus","breadcrumb":{"@id":"https:\/\/dogsome.dk\/de\/vare\/damen-t-shirts-new-bamboo-dark-cedar-green\/#breadcrumb"},"inLanguage":"de","potentialAction":[{"@type":"ReadAction","target":["https:\/\/dogsome.dk\/de\/vare\/damen-t-shirts-new-bamboo-dark-cedar-green\/"]}]},{"@type":"ImageObject","inLanguage":"de","@id":"https:\/\/dogsome.dk\/de\/vare\/damen-t-shirts-new-bamboo-dark-cedar-green\/#primaryimage","url":"https:\/\/dogsome.dk\/wp-content\/uploads\/2022\/07\/oooonyny-ny.png","contentUrl":"https:\/\/dogsome.dk\/wp-content\/uploads\/2022\/07\/oooonyny-ny.png","width":2880,"height":3819},{"@type":"BreadcrumbList","@id":"https:\/\/dogsome.dk\/de\/vare\/damen-t-shirts-new-bamboo-dark-cedar-green\/#breadcrumb","itemListElement":[{"@type":"ListItem","position":1,"name":"Hjem","item":"https:\/\/dogsome.dk\/de\/titelseite\/"},{"@type":"ListItem","position":2,"name":"Shop","item":"https:\/\/dogsome.dk\/shop\/"},{"@type":"ListItem","position":3,"name":"Damen-T-Shirts New Bamboo Dark Cedar Green"}]},{"@type":"WebSite","@id":"https:\/\/dogsome.dk\/#website","url":"https:\/\/dogsome.dk\/","name":"dogsome.dk","description":"","potentialAction":[{"@type":"SearchAction","target":{"@type":"EntryPoint","urlTemplate":"https:\/\/dogsome.dk\/?s={search_term_string}"},"query-input":{"@type":"PropertyValueSpecification","valueRequired":true,"valueName":"search_term_string"}}],"inLanguage":"de"}]}},"_links":{"self":[{"href":"https:\/\/dogsome.dk\/de\/wp-json\/wp\/v2\/product\/8310","targetHints":{"allow":["GET"]}}],"collection":[{"href":"https:\/\/dogsome.dk\/de\/wp-json\/wp\/v2\/product"}],"about":[{"href":"https:\/\/dogsome.dk\/de\/wp-json\/wp\/v2\/types\/product"}],"wp:featuredmedia":[{"embeddable":true,"href":"https:\/\/dogsome.dk\/de\/wp-json\/wp\/v2\/media\/8038"}],"wp:attachment":[{"href":"https:\/\/dogsome.dk\/de\/wp-json\/wp\/v2\/media?parent=8310"}],"wp:term":[{"taxonomy":"product_brand","embeddable":true,"href":"https:\/\/dogsome.dk\/de\/wp-json\/wp\/v2\/product_brand?post=8310"},{"taxonomy":"product_cat","embeddable":true,"href":"https:\/\/dogsome.dk\/de\/wp-json\/wp\/v2\/product_cat?post=8310"},{"taxonomy":"product_tag","embeddable":true,"href":"https:\/\/dogsome.dk\/de\/wp-json\/wp\/v2\/product_tag?post=8310"}],"curies":[{"name":"wp","href":"https:\/\/api.w.org\/{rel}","templated":true}]}}