{"id":8683,"date":"2023-04-29T07:36:22","date_gmt":"2023-04-29T05:36:22","guid":{"rendered":"https:\/\/dogsome.dk\/?post_type=product&#038;p=8683"},"modified":"2026-04-04T10:51:45","modified_gmt":"2026-04-04T08:51:45","slug":"outdoor-hose","status":"publish","type":"product","link":"https:\/\/dogsome.dk\/de\/vare\/outdoor-hose\/","title":{"rendered":"New Damen All Year-Off-road performance bukser Rot"},"content":{"rendered":"<h4><strong>Die ultimative Outdoorhose<\/strong><\/h4>\n<p><strong>Diese Ganzjahres-Offroad-Performance-Hose<\/strong> wurde entwickelt, um Sie in der Natur zu befreien, damit Sie genau das tun k\u00f6nnen, was Sie gl\u00fccklich macht. Sie werden schnell feststellen, dass Sie sich in dieser Hose frei und gl\u00fccklich f\u00fchlen. Sie werden einfach die Freiheit jeder Bewegung genie\u00dfen.<\/p>\n<p>Vermeiden Sie Weichsp\u00fcler und W\u00e4schetrockner.<\/p>\n<p>Waschanleitung 40 gr. &#8211; Mit enzymfreiem Waschmittel waschen (vorzugsweise Waschmittel f\u00fcr Outdoor-Kleidung) Zum Trocknen aufh\u00e4ngen und bei Bedarf erneut impr\u00e4gnieren. Vermeiden Sie Weichsp\u00fcler und W\u00e4schetrockner.<\/p>\n<ul>\n<li>65 % Polyester 35 % Baumwolle<\/li>\n<li>55 % Baumwolle 42 % Nylon 3 % Polyurethan<\/li>\n<li>92 % Polyester 8 % Elastan<\/li>\n<li>100 % gef\u00fctterte Bio-Baumwolle<\/li>\n<\/ul>\n<div id=\"v1replybody1\">\n<div>\n<div>\n<div><\/div>\n<\/div>\n<\/div>\n<\/div>\n<p>Enth\u00e4lt nichttextile Teile tierischen Ursprungs<\/p>\n<p>Enth\u00e4lt kein Fluorid<\/p>\n<p>&nbsp;<\/p>\n","protected":false},"excerpt":{"rendered":"<h4><strong><span style=\"font-family: 'Wide Latin',serif;\">DOGSOME<\/span> &#8211; All year Off-road perfomance pants<\/strong>sind f\u00fcr den anspruchsvollen Outdoormenschen gemacht, der Wert auf Qualit\u00e4t und Details legt.<\/h4>\n<p>Diese Hose bringt dich auf ein ganz neues Level, sie l\u00e4sst dich die Freiheit in all deinen Bewegungen und bei allen Wetterbedingungen sp\u00fcren. Hier erleben Sie eine wunderbare Flexibilit\u00e4t wie nie zuvor, w\u00e4hrend sie gleichzeitig langlebig und wasserdicht sind.<\/p>\n<p>Das ist nicht \u201enur\u201c noch eine neue Outdoorhose wie alle anderen. Nein, hier sind die technischen Details mit wunderbarem ergonomischem Design akribisch.<\/p>\n<p><strong>All year Off-road performance pants<\/strong> besteht aus 4 verschiedenen Stoffteilen, von denen jedes eine besondere Funktion hat. Zusammen ergibt dies eine Hose mit perfekt garantierter Qualit\u00e4t, die Sie viele Jahre lang tragen werden. Egal, ob Sie wandern, campen oder bergsteigen, unsere Hosen bieten Ihnen den Schutz und Komfort, den Sie brauchen. Sie sind mit ergonomischen Schnitten gestaltet, die den Bewegungen des K\u00f6rpers folgen, und verf\u00fcgen \u00fcber praktische Taschen zur Aufbewahrung Ihrer wichtigsten Gegenst\u00e4nde. Die Vielseitigkeit und der sportliche Look der Hose machen sie f\u00fcr viele Sportarten wie Mountainbiken, Wandern, Jagen, Hundetraining, Parkour, den allgemeinen Alltagsgebrauch und vieles mehr geeignet.<\/p>\n<p><strong><span style=\"font-size: 10.0pt; font-family: 'Wide Latin',serif;\">DOGSOME<\/span> -Wasserdichtes DP + TPU 4-Wege-Stretch ist<\/strong>Hochleistungsmaterialien, die ihre Flexibilit\u00e4t bewahren und gleichzeitig langlebig und wasserdicht sind. In dieser Hose bringt Sie dieser Stoff auf ein ganz neues Niveau, er l\u00e4sst Sie die Freiheit in all Ihren Bewegungen und bei allen Wetterbedingungen sp\u00fcren.<\/p>\n","protected":false},"featured_media":8709,"template":"","meta":{"_et_pb_use_builder":"","_et_pb_old_content":"","_et_gb_content_width":""},"product_brand":[],"product_cat":[401,397,388,405,396],"product_tag":[],"class_list":{"0":"post-8683","1":"product","2":"type-product","3":"status-publish","4":"has-post-thumbnail","6":"product_cat-angebot-de","7":"product_cat-angebot","8":"product_cat-dame-de","9":"product_cat-damen-de-2","10":"product_cat-damenhose","12":"first","13":"instock","14":"sale","15":"shipping-taxable","16":"purchasable","17":"product-type-variable","18":"wvs-archive-product-wrapper"},"yoast_head":"<!-- This site is optimized with the Yoast SEO plugin v27.4 - https:\/\/yoast.com\/product\/yoast-seo-wordpress\/ -->\n<title>New Herren Alle year off-road perfornance Hose Olive<\/title>\n<meta name=\"description\" content=\"Unsere Outdoor-Hosen bestehen aus strapazierf\u00e4higen Materialien und sind so konzipiert, dass sie jeder Herausforderung im Freien standhalten. Kaufen Sie noch heute Ihre neue Hose und erleben Sie Komfort und Schutz bei Ihrem n\u00e4chsten Abenteuer.\" \/>\n<meta name=\"robots\" content=\"index, follow, max-snippet:-1, max-image-preview:large, max-video-preview:-1\" \/>\n<link rel=\"canonical\" href=\"https:\/\/dogsome.dk\/de\/vare\/outdoor-hose\/\" \/>\n<meta property=\"og:locale\" content=\"de_DE\" \/>\n<meta property=\"og:type\" content=\"article\" \/>\n<meta property=\"og:title\" content=\"New Herren Alle year off-road perfornance Hose Olive\" \/>\n<meta property=\"og:description\" content=\"Unsere Outdoor-Hosen bestehen aus strapazierf\u00e4higen Materialien und sind so konzipiert, dass sie jeder Herausforderung im Freien standhalten. Kaufen Sie noch heute Ihre neue Hose und erleben Sie Komfort und Schutz bei Ihrem n\u00e4chsten Abenteuer.\" \/>\n<meta property=\"og:url\" content=\"https:\/\/dogsome.dk\/de\/vare\/outdoor-hose\/\" \/>\n<meta property=\"og:site_name\" content=\"dogsome.dk\" \/>\n<meta property=\"article:modified_time\" content=\"2026-04-04T08:51:45+00:00\" \/>\n<meta property=\"og:image\" content=\"https:\/\/dogsome.dk\/wp-content\/uploads\/2023\/04\/All-year-Off-road-Performance-pants-Red.png\" \/>\n\t<meta property=\"og:image:width\" content=\"2880\" \/>\n\t<meta property=\"og:image:height\" content=\"4320\" \/>\n\t<meta property=\"og:image:type\" content=\"image\/png\" \/>\n<meta name=\"twitter:card\" content=\"summary_large_image\" \/>\n<meta name=\"twitter:label1\" content=\"Gesch\u00e4tzte Lesezeit\" \/>\n\t<meta name=\"twitter:data1\" content=\"1\u00a0Minute\" \/>\n<script type=\"application\/ld+json\" class=\"yoast-schema-graph\">{\"@context\":\"https:\\\/\\\/schema.org\",\"@graph\":[{\"@type\":\"WebPage\",\"@id\":\"https:\\\/\\\/dogsome.dk\\\/de\\\/vare\\\/outdoor-hose\\\/\",\"url\":\"https:\\\/\\\/dogsome.dk\\\/de\\\/vare\\\/outdoor-hose\\\/\",\"name\":\"New Herren Alle year off-road perfornance Hose Olive\",\"isPartOf\":{\"@id\":\"https:\\\/\\\/dogsome.dk\\\/#website\"},\"primaryImageOfPage\":{\"@id\":\"https:\\\/\\\/dogsome.dk\\\/de\\\/vare\\\/outdoor-hose\\\/#primaryimage\"},\"image\":{\"@id\":\"https:\\\/\\\/dogsome.dk\\\/de\\\/vare\\\/outdoor-hose\\\/#primaryimage\"},\"thumbnailUrl\":\"https:\\\/\\\/dogsome.dk\\\/wp-content\\\/uploads\\\/2023\\\/04\\\/All-year-Off-road-Performance-pants-Red.png\",\"datePublished\":\"2023-04-29T05:36:22+00:00\",\"dateModified\":\"2026-04-04T08:51:45+00:00\",\"description\":\"Unsere Outdoor-Hosen bestehen aus strapazierf\u00e4higen Materialien und sind so konzipiert, dass sie jeder Herausforderung im Freien standhalten. Kaufen Sie noch heute Ihre neue Hose und erleben Sie Komfort und Schutz bei Ihrem n\u00e4chsten Abenteuer.\",\"breadcrumb\":{\"@id\":\"https:\\\/\\\/dogsome.dk\\\/de\\\/vare\\\/outdoor-hose\\\/#breadcrumb\"},\"inLanguage\":\"de\",\"potentialAction\":[{\"@type\":\"ReadAction\",\"target\":[\"https:\\\/\\\/dogsome.dk\\\/de\\\/vare\\\/outdoor-hose\\\/\"]}]},{\"@type\":\"ImageObject\",\"inLanguage\":\"de\",\"@id\":\"https:\\\/\\\/dogsome.dk\\\/de\\\/vare\\\/outdoor-hose\\\/#primaryimage\",\"url\":\"https:\\\/\\\/dogsome.dk\\\/wp-content\\\/uploads\\\/2023\\\/04\\\/All-year-Off-road-Performance-pants-Red.png\",\"contentUrl\":\"https:\\\/\\\/dogsome.dk\\\/wp-content\\\/uploads\\\/2023\\\/04\\\/All-year-Off-road-Performance-pants-Red.png\",\"width\":2880,\"height\":4320,\"caption\":\"All year Off road Performance pants Rot\"},{\"@type\":\"BreadcrumbList\",\"@id\":\"https:\\\/\\\/dogsome.dk\\\/de\\\/vare\\\/outdoor-hose\\\/#breadcrumb\",\"itemListElement\":[{\"@type\":\"ListItem\",\"position\":1,\"name\":\"Hjem\",\"item\":\"https:\\\/\\\/dogsome.dk\\\/de\\\/titelseite\\\/\"},{\"@type\":\"ListItem\",\"position\":2,\"name\":\"Shop\",\"item\":\"https:\\\/\\\/dogsome.dk\\\/shop\\\/\"},{\"@type\":\"ListItem\",\"position\":3,\"name\":\"New Damen All Year-Off-road performance bukser Rot\"}]},{\"@type\":\"WebSite\",\"@id\":\"https:\\\/\\\/dogsome.dk\\\/#website\",\"url\":\"https:\\\/\\\/dogsome.dk\\\/\",\"name\":\"dogsome.dk\",\"description\":\"\",\"potentialAction\":[{\"@type\":\"SearchAction\",\"target\":{\"@type\":\"EntryPoint\",\"urlTemplate\":\"https:\\\/\\\/dogsome.dk\\\/?s={search_term_string}\"},\"query-input\":{\"@type\":\"PropertyValueSpecification\",\"valueRequired\":true,\"valueName\":\"search_term_string\"}}],\"inLanguage\":\"de\"}]}<\/script>\n<!-- \/ Yoast SEO plugin. -->","yoast_head_json":{"title":"New Herren Alle year off-road perfornance Hose Olive","description":"Unsere Outdoor-Hosen bestehen aus strapazierf\u00e4higen Materialien und sind so konzipiert, dass sie jeder Herausforderung im Freien standhalten. Kaufen Sie noch heute Ihre neue Hose und erleben Sie Komfort und Schutz bei Ihrem n\u00e4chsten Abenteuer.","robots":{"index":"index","follow":"follow","max-snippet":"max-snippet:-1","max-image-preview":"max-image-preview:large","max-video-preview":"max-video-preview:-1"},"canonical":"https:\/\/dogsome.dk\/de\/vare\/outdoor-hose\/","og_locale":"de_DE","og_type":"article","og_title":"New Herren Alle year off-road perfornance Hose Olive","og_description":"Unsere Outdoor-Hosen bestehen aus strapazierf\u00e4higen Materialien und sind so konzipiert, dass sie jeder Herausforderung im Freien standhalten. Kaufen Sie noch heute Ihre neue Hose und erleben Sie Komfort und Schutz bei Ihrem n\u00e4chsten Abenteuer.","og_url":"https:\/\/dogsome.dk\/de\/vare\/outdoor-hose\/","og_site_name":"dogsome.dk","article_modified_time":"2026-04-04T08:51:45+00:00","og_image":[{"width":2880,"height":4320,"url":"https:\/\/dogsome.dk\/wp-content\/uploads\/2023\/04\/All-year-Off-road-Performance-pants-Red.png","type":"image\/png"}],"twitter_card":"summary_large_image","twitter_misc":{"Gesch\u00e4tzte Lesezeit":"1\u00a0Minute"},"schema":{"@context":"https:\/\/schema.org","@graph":[{"@type":"WebPage","@id":"https:\/\/dogsome.dk\/de\/vare\/outdoor-hose\/","url":"https:\/\/dogsome.dk\/de\/vare\/outdoor-hose\/","name":"New Herren Alle year off-road perfornance Hose Olive","isPartOf":{"@id":"https:\/\/dogsome.dk\/#website"},"primaryImageOfPage":{"@id":"https:\/\/dogsome.dk\/de\/vare\/outdoor-hose\/#primaryimage"},"image":{"@id":"https:\/\/dogsome.dk\/de\/vare\/outdoor-hose\/#primaryimage"},"thumbnailUrl":"https:\/\/dogsome.dk\/wp-content\/uploads\/2023\/04\/All-year-Off-road-Performance-pants-Red.png","datePublished":"2023-04-29T05:36:22+00:00","dateModified":"2026-04-04T08:51:45+00:00","description":"Unsere Outdoor-Hosen bestehen aus strapazierf\u00e4higen Materialien und sind so konzipiert, dass sie jeder Herausforderung im Freien standhalten. Kaufen Sie noch heute Ihre neue Hose und erleben Sie Komfort und Schutz bei Ihrem n\u00e4chsten Abenteuer.","breadcrumb":{"@id":"https:\/\/dogsome.dk\/de\/vare\/outdoor-hose\/#breadcrumb"},"inLanguage":"de","potentialAction":[{"@type":"ReadAction","target":["https:\/\/dogsome.dk\/de\/vare\/outdoor-hose\/"]}]},{"@type":"ImageObject","inLanguage":"de","@id":"https:\/\/dogsome.dk\/de\/vare\/outdoor-hose\/#primaryimage","url":"https:\/\/dogsome.dk\/wp-content\/uploads\/2023\/04\/All-year-Off-road-Performance-pants-Red.png","contentUrl":"https:\/\/dogsome.dk\/wp-content\/uploads\/2023\/04\/All-year-Off-road-Performance-pants-Red.png","width":2880,"height":4320,"caption":"All year Off road Performance pants Rot"},{"@type":"BreadcrumbList","@id":"https:\/\/dogsome.dk\/de\/vare\/outdoor-hose\/#breadcrumb","itemListElement":[{"@type":"ListItem","position":1,"name":"Hjem","item":"https:\/\/dogsome.dk\/de\/titelseite\/"},{"@type":"ListItem","position":2,"name":"Shop","item":"https:\/\/dogsome.dk\/shop\/"},{"@type":"ListItem","position":3,"name":"New Damen All Year-Off-road performance bukser Rot"}]},{"@type":"WebSite","@id":"https:\/\/dogsome.dk\/#website","url":"https:\/\/dogsome.dk\/","name":"dogsome.dk","description":"","potentialAction":[{"@type":"SearchAction","target":{"@type":"EntryPoint","urlTemplate":"https:\/\/dogsome.dk\/?s={search_term_string}"},"query-input":{"@type":"PropertyValueSpecification","valueRequired":true,"valueName":"search_term_string"}}],"inLanguage":"de"}]}},"_links":{"self":[{"href":"https:\/\/dogsome.dk\/de\/wp-json\/wp\/v2\/product\/8683","targetHints":{"allow":["GET"]}}],"collection":[{"href":"https:\/\/dogsome.dk\/de\/wp-json\/wp\/v2\/product"}],"about":[{"href":"https:\/\/dogsome.dk\/de\/wp-json\/wp\/v2\/types\/product"}],"wp:featuredmedia":[{"embeddable":true,"href":"https:\/\/dogsome.dk\/de\/wp-json\/wp\/v2\/media\/8709"}],"wp:attachment":[{"href":"https:\/\/dogsome.dk\/de\/wp-json\/wp\/v2\/media?parent=8683"}],"wp:term":[{"taxonomy":"product_brand","embeddable":true,"href":"https:\/\/dogsome.dk\/de\/wp-json\/wp\/v2\/product_brand?post=8683"},{"taxonomy":"product_cat","embeddable":true,"href":"https:\/\/dogsome.dk\/de\/wp-json\/wp\/v2\/product_cat?post=8683"},{"taxonomy":"product_tag","embeddable":true,"href":"https:\/\/dogsome.dk\/de\/wp-json\/wp\/v2\/product_tag?post=8683"}],"curies":[{"name":"wp","href":"https:\/\/api.w.org\/{rel}","templated":true}]}}