{"id":9662,"date":"2023-05-23T15:12:51","date_gmt":"2023-05-23T13:12:51","guid":{"rendered":"https:\/\/dogsome.dk\/?post_type=product&#038;p=9662"},"modified":"2026-04-13T20:49:42","modified_gmt":"2026-04-13T18:49:42","slug":"herren-biathlon-sports-hoodie-gruen","status":"publish","type":"product","link":"https:\/\/dogsome.dk\/de\/vare\/herren-biathlon-sports-hoodie-gruen\/","title":{"rendered":"Herren Biathlon Sports Hoodie Gr\u00fcn"},"content":{"rendered":"<p>Dieser Sport-Hoodie ist nicht nur praktisch und funktionell, sondern sieht auch noch toll aus. Mit seinem trendigen und entspannten Design l\u00e4sst es sich leicht mit Jeans und Leggings f\u00fcr einen entspannten Look oder mit Outdoor-Hosen f\u00fcr einen Spaziergang in der Natur oder im Garten kombinieren.<\/p>\n<p>Passform: normal<\/p>\n<p>Waschanleitung 40 gr.<\/p>\n<ul>\n<li>52 % Polyester<\/li>\n<li>48 % Baumwolle<\/li>\n<\/ul>\n<p>Enth\u00e4lt nichttextile Teile tierischen Ursprungs<\/p>\n<p>Enth\u00e4lt kein Fluorid<\/p>\n<p>\u00dcberpr\u00fcfen Sie hier Ihre Gr\u00f6\u00dfe:<\/p>\n<p><a href=\"https:\/\/dogsome.dk\/de\/groessentabelle\/\">https:\/\/dogsome.dk\/storrelsesskema\/<\/a><\/p>\n<p>&nbsp;<\/p>\n","protected":false},"excerpt":{"rendered":"<h4>DOGSOME <b>Biathlon Sports hoodie<\/b><\/h4>\n<p>Suchen Sie einen warmen und weichen Kapuzenpullover aus Teddyfleece, der Sie in den kalten Monaten oder an Sp\u00e4tsommerabenden, wenn der Wind weht, warm h\u00e4lt?<br \/>\nKann es trotzdem kalt sein?<\/p>\n<p>Dann ist unser Biathlon Sports Hoodie die perfekte Wahl f\u00fcr Sie!<br \/>\nUnser strapazierf\u00e4higer, winddichter Kapuzenpullover besteht aus einer Mischung aus strapazierf\u00e4higem Polyester und weicher Baumwolle, mit dichtem, dickem, geb\u00fcrstetem Teddyfell an der Innenseite f\u00fcr ein warmes und weiches Tragegef\u00fchl.<br \/>\nwenn du es anziehst.<\/p>\n<p>Es verf\u00fcgt \u00fcber eine verstellbare Kapuze, gerippte B\u00fcndchen und Taille sowie einen praktischen Frontrei\u00dfverschluss Sie verf\u00fcgt \u00fcber gro\u00dfe Vordertaschen mit Rei\u00dfverschluss und eine gro\u00dfe durchgehende Ges\u00e4\u00dftasche.<br \/>\nAlle Rei\u00dfverschl\u00fcsse sind original starke YKK-Rei\u00dfverschl\u00fcsse.<\/p>\n<p>Dieser Sport-Hoodie ist nicht nur praktisch und funktionell, sondern sieht auch noch toll aus. Mit seinem trendigen und entspannten Design l\u00e4sst es sich leicht mit Jeans und Leggings f\u00fcr einen entspannten Look oder mit Outdoor-Hosen kombinieren, wenn Sie in der Natur, im Garten, bei der Arbeit oder beim Hundetraining unterwegs sind.<br \/>\nWarum also warten? G\u00f6nnen Sie sich selbst oder jemandem, der Ihnen am Herzen liegt.<\/p>\n<p>&nbsp;<\/p>\n","protected":false},"featured_media":10362,"template":"","meta":{"_et_pb_use_builder":"","_et_pb_old_content":"","_et_gb_content_width":""},"product_brand":[],"product_cat":[387,391,392],"product_tag":[],"class_list":{"0":"post-9662","1":"product","2":"type-product","3":"status-publish","4":"has-post-thumbnail","6":"product_cat-herr","7":"product_cat-herrenjacken","8":"product_cat-pullover-fuer-herren","10":"first","11":"instock","12":"shipping-taxable","13":"purchasable","14":"product-type-variable","15":"wvs-archive-product-wrapper"},"yoast_head":"<!-- This site is optimized with the Yoast SEO plugin v27.4 - https:\/\/yoast.com\/product\/yoast-seo-wordpress\/ -->\n<title>Herren Biathlon Sports Hoodie Gr\u00fcn - dogsome.dk<\/title>\n<meta name=\"description\" content=\"Dieser Sport-Hoodie ist nicht nur praktisch und funktionell, sondern sieht auch noch toll aus. Mit seinem trendigen und entspannten Design l\u00e4sst es sich leicht mit Jeans und Leggings f\u00fcr einen entspannten Look oder mit Outdoor-Hosen f\u00fcr einen Spaziergang in der Natur oder im Garten kombinieren.\" \/>\n<meta name=\"robots\" content=\"index, follow, max-snippet:-1, max-image-preview:large, max-video-preview:-1\" \/>\n<link rel=\"canonical\" href=\"https:\/\/dogsome.dk\/de\/vare\/herren-biathlon-sports-hoodie-gruen\/\" \/>\n<meta property=\"og:locale\" content=\"de_DE\" \/>\n<meta property=\"og:type\" content=\"article\" \/>\n<meta property=\"og:title\" content=\"Herren Biathlon Sports Hoodie Gr\u00fcn - dogsome.dk\" \/>\n<meta property=\"og:description\" content=\"Dieser Sport-Hoodie ist nicht nur praktisch und funktionell, sondern sieht auch noch toll aus. Mit seinem trendigen und entspannten Design l\u00e4sst es sich leicht mit Jeans und Leggings f\u00fcr einen entspannten Look oder mit Outdoor-Hosen f\u00fcr einen Spaziergang in der Natur oder im Garten kombinieren.\" \/>\n<meta property=\"og:url\" content=\"https:\/\/dogsome.dk\/de\/vare\/herren-biathlon-sports-hoodie-gruen\/\" \/>\n<meta property=\"og:site_name\" content=\"dogsome.dk\" \/>\n<meta property=\"article:modified_time\" content=\"2026-04-13T18:49:42+00:00\" \/>\n<meta property=\"og:image\" content=\"https:\/\/dogsome.dk\/wp-content\/uploads\/2023\/05\/HerreHoodieGroen-scaled.jpg\" \/>\n\t<meta property=\"og:image:width\" content=\"1707\" \/>\n\t<meta property=\"og:image:height\" content=\"2560\" \/>\n\t<meta property=\"og:image:type\" content=\"image\/jpeg\" \/>\n<meta name=\"twitter:card\" content=\"summary_large_image\" \/>\n<script type=\"application\/ld+json\" class=\"yoast-schema-graph\">{\"@context\":\"https:\\\/\\\/schema.org\",\"@graph\":[{\"@type\":\"WebPage\",\"@id\":\"https:\\\/\\\/dogsome.dk\\\/de\\\/vare\\\/herren-biathlon-sports-hoodie-gruen\\\/\",\"url\":\"https:\\\/\\\/dogsome.dk\\\/de\\\/vare\\\/herren-biathlon-sports-hoodie-gruen\\\/\",\"name\":\"Herren Biathlon Sports Hoodie Gr\u00fcn - dogsome.dk\",\"isPartOf\":{\"@id\":\"https:\\\/\\\/dogsome.dk\\\/#website\"},\"primaryImageOfPage\":{\"@id\":\"https:\\\/\\\/dogsome.dk\\\/de\\\/vare\\\/herren-biathlon-sports-hoodie-gruen\\\/#primaryimage\"},\"image\":{\"@id\":\"https:\\\/\\\/dogsome.dk\\\/de\\\/vare\\\/herren-biathlon-sports-hoodie-gruen\\\/#primaryimage\"},\"thumbnailUrl\":\"https:\\\/\\\/dogsome.dk\\\/wp-content\\\/uploads\\\/2023\\\/05\\\/HerreHoodieGroen-scaled.jpg\",\"datePublished\":\"2023-05-23T13:12:51+00:00\",\"dateModified\":\"2026-04-13T18:49:42+00:00\",\"description\":\"Dieser Sport-Hoodie ist nicht nur praktisch und funktionell, sondern sieht auch noch toll aus. Mit seinem trendigen und entspannten Design l\u00e4sst es sich leicht mit Jeans und Leggings f\u00fcr einen entspannten Look oder mit Outdoor-Hosen f\u00fcr einen Spaziergang in der Natur oder im Garten kombinieren.\",\"breadcrumb\":{\"@id\":\"https:\\\/\\\/dogsome.dk\\\/de\\\/vare\\\/herren-biathlon-sports-hoodie-gruen\\\/#breadcrumb\"},\"inLanguage\":\"de\",\"potentialAction\":[{\"@type\":\"ReadAction\",\"target\":[\"https:\\\/\\\/dogsome.dk\\\/de\\\/vare\\\/herren-biathlon-sports-hoodie-gruen\\\/\"]}]},{\"@type\":\"ImageObject\",\"inLanguage\":\"de\",\"@id\":\"https:\\\/\\\/dogsome.dk\\\/de\\\/vare\\\/herren-biathlon-sports-hoodie-gruen\\\/#primaryimage\",\"url\":\"https:\\\/\\\/dogsome.dk\\\/wp-content\\\/uploads\\\/2023\\\/05\\\/HerreHoodieGroen-scaled.jpg\",\"contentUrl\":\"https:\\\/\\\/dogsome.dk\\\/wp-content\\\/uploads\\\/2023\\\/05\\\/HerreHoodieGroen-scaled.jpg\",\"width\":1707,\"height\":2560,\"caption\":\"Man Biathlon Sports Hoodies Front\"},{\"@type\":\"BreadcrumbList\",\"@id\":\"https:\\\/\\\/dogsome.dk\\\/de\\\/vare\\\/herren-biathlon-sports-hoodie-gruen\\\/#breadcrumb\",\"itemListElement\":[{\"@type\":\"ListItem\",\"position\":1,\"name\":\"Hjem\",\"item\":\"https:\\\/\\\/dogsome.dk\\\/de\\\/titelseite\\\/\"},{\"@type\":\"ListItem\",\"position\":2,\"name\":\"Shop\",\"item\":\"https:\\\/\\\/dogsome.dk\\\/shop\\\/\"},{\"@type\":\"ListItem\",\"position\":3,\"name\":\"Herren Biathlon Sports Hoodie Gr\u00fcn\"}]},{\"@type\":\"WebSite\",\"@id\":\"https:\\\/\\\/dogsome.dk\\\/#website\",\"url\":\"https:\\\/\\\/dogsome.dk\\\/\",\"name\":\"dogsome.dk\",\"description\":\"\",\"potentialAction\":[{\"@type\":\"SearchAction\",\"target\":{\"@type\":\"EntryPoint\",\"urlTemplate\":\"https:\\\/\\\/dogsome.dk\\\/?s={search_term_string}\"},\"query-input\":{\"@type\":\"PropertyValueSpecification\",\"valueRequired\":true,\"valueName\":\"search_term_string\"}}],\"inLanguage\":\"de\"}]}<\/script>\n<!-- \/ Yoast SEO plugin. -->","yoast_head_json":{"title":"Herren Biathlon Sports Hoodie Gr\u00fcn - dogsome.dk","description":"Dieser Sport-Hoodie ist nicht nur praktisch und funktionell, sondern sieht auch noch toll aus. Mit seinem trendigen und entspannten Design l\u00e4sst es sich leicht mit Jeans und Leggings f\u00fcr einen entspannten Look oder mit Outdoor-Hosen f\u00fcr einen Spaziergang in der Natur oder im Garten kombinieren.","robots":{"index":"index","follow":"follow","max-snippet":"max-snippet:-1","max-image-preview":"max-image-preview:large","max-video-preview":"max-video-preview:-1"},"canonical":"https:\/\/dogsome.dk\/de\/vare\/herren-biathlon-sports-hoodie-gruen\/","og_locale":"de_DE","og_type":"article","og_title":"Herren Biathlon Sports Hoodie Gr\u00fcn - dogsome.dk","og_description":"Dieser Sport-Hoodie ist nicht nur praktisch und funktionell, sondern sieht auch noch toll aus. Mit seinem trendigen und entspannten Design l\u00e4sst es sich leicht mit Jeans und Leggings f\u00fcr einen entspannten Look oder mit Outdoor-Hosen f\u00fcr einen Spaziergang in der Natur oder im Garten kombinieren.","og_url":"https:\/\/dogsome.dk\/de\/vare\/herren-biathlon-sports-hoodie-gruen\/","og_site_name":"dogsome.dk","article_modified_time":"2026-04-13T18:49:42+00:00","og_image":[{"width":1707,"height":2560,"url":"https:\/\/dogsome.dk\/wp-content\/uploads\/2023\/05\/HerreHoodieGroen-scaled.jpg","type":"image\/jpeg"}],"twitter_card":"summary_large_image","schema":{"@context":"https:\/\/schema.org","@graph":[{"@type":"WebPage","@id":"https:\/\/dogsome.dk\/de\/vare\/herren-biathlon-sports-hoodie-gruen\/","url":"https:\/\/dogsome.dk\/de\/vare\/herren-biathlon-sports-hoodie-gruen\/","name":"Herren Biathlon Sports Hoodie Gr\u00fcn - dogsome.dk","isPartOf":{"@id":"https:\/\/dogsome.dk\/#website"},"primaryImageOfPage":{"@id":"https:\/\/dogsome.dk\/de\/vare\/herren-biathlon-sports-hoodie-gruen\/#primaryimage"},"image":{"@id":"https:\/\/dogsome.dk\/de\/vare\/herren-biathlon-sports-hoodie-gruen\/#primaryimage"},"thumbnailUrl":"https:\/\/dogsome.dk\/wp-content\/uploads\/2023\/05\/HerreHoodieGroen-scaled.jpg","datePublished":"2023-05-23T13:12:51+00:00","dateModified":"2026-04-13T18:49:42+00:00","description":"Dieser Sport-Hoodie ist nicht nur praktisch und funktionell, sondern sieht auch noch toll aus. Mit seinem trendigen und entspannten Design l\u00e4sst es sich leicht mit Jeans und Leggings f\u00fcr einen entspannten Look oder mit Outdoor-Hosen f\u00fcr einen Spaziergang in der Natur oder im Garten kombinieren.","breadcrumb":{"@id":"https:\/\/dogsome.dk\/de\/vare\/herren-biathlon-sports-hoodie-gruen\/#breadcrumb"},"inLanguage":"de","potentialAction":[{"@type":"ReadAction","target":["https:\/\/dogsome.dk\/de\/vare\/herren-biathlon-sports-hoodie-gruen\/"]}]},{"@type":"ImageObject","inLanguage":"de","@id":"https:\/\/dogsome.dk\/de\/vare\/herren-biathlon-sports-hoodie-gruen\/#primaryimage","url":"https:\/\/dogsome.dk\/wp-content\/uploads\/2023\/05\/HerreHoodieGroen-scaled.jpg","contentUrl":"https:\/\/dogsome.dk\/wp-content\/uploads\/2023\/05\/HerreHoodieGroen-scaled.jpg","width":1707,"height":2560,"caption":"Man Biathlon Sports Hoodies Front"},{"@type":"BreadcrumbList","@id":"https:\/\/dogsome.dk\/de\/vare\/herren-biathlon-sports-hoodie-gruen\/#breadcrumb","itemListElement":[{"@type":"ListItem","position":1,"name":"Hjem","item":"https:\/\/dogsome.dk\/de\/titelseite\/"},{"@type":"ListItem","position":2,"name":"Shop","item":"https:\/\/dogsome.dk\/shop\/"},{"@type":"ListItem","position":3,"name":"Herren Biathlon Sports Hoodie Gr\u00fcn"}]},{"@type":"WebSite","@id":"https:\/\/dogsome.dk\/#website","url":"https:\/\/dogsome.dk\/","name":"dogsome.dk","description":"","potentialAction":[{"@type":"SearchAction","target":{"@type":"EntryPoint","urlTemplate":"https:\/\/dogsome.dk\/?s={search_term_string}"},"query-input":{"@type":"PropertyValueSpecification","valueRequired":true,"valueName":"search_term_string"}}],"inLanguage":"de"}]}},"_links":{"self":[{"href":"https:\/\/dogsome.dk\/de\/wp-json\/wp\/v2\/product\/9662","targetHints":{"allow":["GET"]}}],"collection":[{"href":"https:\/\/dogsome.dk\/de\/wp-json\/wp\/v2\/product"}],"about":[{"href":"https:\/\/dogsome.dk\/de\/wp-json\/wp\/v2\/types\/product"}],"wp:featuredmedia":[{"embeddable":true,"href":"https:\/\/dogsome.dk\/de\/wp-json\/wp\/v2\/media\/10362"}],"wp:attachment":[{"href":"https:\/\/dogsome.dk\/de\/wp-json\/wp\/v2\/media?parent=9662"}],"wp:term":[{"taxonomy":"product_brand","embeddable":true,"href":"https:\/\/dogsome.dk\/de\/wp-json\/wp\/v2\/product_brand?post=9662"},{"taxonomy":"product_cat","embeddable":true,"href":"https:\/\/dogsome.dk\/de\/wp-json\/wp\/v2\/product_cat?post=9662"},{"taxonomy":"product_tag","embeddable":true,"href":"https:\/\/dogsome.dk\/de\/wp-json\/wp\/v2\/product_tag?post=9662"}],"curies":[{"name":"wp","href":"https:\/\/api.w.org\/{rel}","templated":true}]}}