{"id":12763,"date":"2024-09-11T23:17:01","date_gmt":"2024-09-11T21:17:01","guid":{"rendered":"https:\/\/dogsome.dk\/?post_type=product&#038;p=12763"},"modified":"2024-11-24T08:49:39","modified_gmt":"2024-11-24T07:49:39","slug":"sports-flexi-cap-kopier","status":"publish","type":"product","link":"https:\/\/dogsome.dk\/en\/vare\/sports-flexi-cap-kopier\/","title":{"rendered":"Sports Flex Cap"},"content":{"rendered":"<p>DOGSOME Unisex Cap.<\/p>\n<p>Nice, strong flexi cap, with a wide, soft elastic band on the inside for a better fit and fit.<\/p>\n<p>In the sizes:<\/p>\n<ul>\n<li>55-57 = <strong>S-M<\/strong> <\/li>\n<li>57-59 = <strong>M-L<\/strong><\/li>\n<li>59-62 = <strong>L-XL<\/strong><\/li>\n<\/ul>\n<p>Washing instructions 40 gr, (Wash preferably in washing bag \/ net).<\/p>\n<p>100% polyester<\/p>\n<p>Contains non-textile parts of animal origin<\/p>\n<p>Does not contain fluoride<\/p>\n","protected":false},"excerpt":{"rendered":"<p>DOGSOME Unisex Flexi Cap.<\/p>\n<p>Sports flex cap, kasketten du ikke kan undv\u00e6rer og som du hurtig bliver meget afh\u00e6ngig af.<\/p>\n<p>Kasketten er i l\u00e6kker kraftig polyester hvilket g\u00f8r den slidst\u00e6rk og holdbar.<\/p>\n<p>Kan vaskes ved 40 gr.<\/p>\n","protected":false},"featured_media":12778,"template":"","meta":{"_et_pb_use_builder":"","_et_pb_old_content":"","_et_gb_content_width":""},"product_brand":[],"product_cat":[307,109],"product_tag":[],"class_list":{"0":"post-12763","1":"product","2":"type-product","3":"status-publish","4":"has-post-thumbnail","6":"product_cat-cap","7":"product_cat-herre","9":"first","10":"instock","11":"shipping-taxable","12":"purchasable","13":"product-type-variable","14":"has-default-attributes","15":"wvs-archive-product-wrapper"},"yoast_head":"<!-- This site is optimized with the Yoast SEO plugin v27.4 - https:\/\/yoast.com\/product\/yoast-seo-wordpress\/ -->\n<title>Sports Flex Cap - dogsome.dk<\/title>\n<meta name=\"description\" content=\"Nice, strong flexi cap, with a wide, soft elastic band on the inside for a better fit and fit. The cap is made of delicious, strong polyester\/cotton, which makes it hard-wearing and durable.\" \/>\n<meta name=\"robots\" content=\"index, follow, max-snippet:-1, max-image-preview:large, max-video-preview:-1\" \/>\n<link rel=\"canonical\" href=\"https:\/\/dogsome.dk\/en\/vare\/sports-flexi-cap-kopier\/\" \/>\n<meta property=\"og:locale\" content=\"en_US\" \/>\n<meta property=\"og:type\" content=\"article\" \/>\n<meta property=\"og:title\" content=\"Sports Flex Cap - dogsome.dk\" \/>\n<meta property=\"og:description\" content=\"Nice, strong flexi cap, with a wide, soft elastic band on the inside for a better fit and fit. The cap is made of delicious, strong polyester\/cotton, which makes it hard-wearing and durable.\" \/>\n<meta property=\"og:url\" content=\"https:\/\/dogsome.dk\/en\/vare\/sports-flexi-cap-kopier\/\" \/>\n<meta property=\"og:site_name\" content=\"dogsome.dk\" \/>\n<meta property=\"article:modified_time\" content=\"2024-11-24T07:49:39+00:00\" \/>\n<meta property=\"og:image\" content=\"https:\/\/dogsome.dk\/wp-content\/uploads\/2024\/09\/FlexCap_1.jpg\" \/>\n\t<meta property=\"og:image:width\" content=\"1080\" \/>\n\t<meta property=\"og:image:height\" content=\"1080\" \/>\n\t<meta property=\"og:image:type\" content=\"image\/jpeg\" \/>\n<meta name=\"twitter:card\" content=\"summary_large_image\" \/>\n<script type=\"application\/ld+json\" class=\"yoast-schema-graph\">{\"@context\":\"https:\\\/\\\/schema.org\",\"@graph\":[{\"@type\":\"WebPage\",\"@id\":\"https:\\\/\\\/dogsome.dk\\\/en\\\/vare\\\/sports-flexi-cap-kopier\\\/\",\"url\":\"https:\\\/\\\/dogsome.dk\\\/en\\\/vare\\\/sports-flexi-cap-kopier\\\/\",\"name\":\"Sports Flex Cap - dogsome.dk\",\"isPartOf\":{\"@id\":\"https:\\\/\\\/dogsome.dk\\\/#website\"},\"primaryImageOfPage\":{\"@id\":\"https:\\\/\\\/dogsome.dk\\\/en\\\/vare\\\/sports-flexi-cap-kopier\\\/#primaryimage\"},\"image\":{\"@id\":\"https:\\\/\\\/dogsome.dk\\\/en\\\/vare\\\/sports-flexi-cap-kopier\\\/#primaryimage\"},\"thumbnailUrl\":\"https:\\\/\\\/dogsome.dk\\\/wp-content\\\/uploads\\\/2024\\\/09\\\/FlexCap_1.jpg\",\"datePublished\":\"2024-09-11T21:17:01+00:00\",\"dateModified\":\"2024-11-24T07:49:39+00:00\",\"description\":\"Nice, strong flexi cap, with a wide, soft elastic band on the inside for a better fit and fit. The cap is made of delicious, strong polyester\\\/cotton, which makes it hard-wearing and durable.\",\"breadcrumb\":{\"@id\":\"https:\\\/\\\/dogsome.dk\\\/en\\\/vare\\\/sports-flexi-cap-kopier\\\/#breadcrumb\"},\"inLanguage\":\"en-US\",\"potentialAction\":[{\"@type\":\"ReadAction\",\"target\":[\"https:\\\/\\\/dogsome.dk\\\/en\\\/vare\\\/sports-flexi-cap-kopier\\\/\"]}]},{\"@type\":\"ImageObject\",\"inLanguage\":\"en-US\",\"@id\":\"https:\\\/\\\/dogsome.dk\\\/en\\\/vare\\\/sports-flexi-cap-kopier\\\/#primaryimage\",\"url\":\"https:\\\/\\\/dogsome.dk\\\/wp-content\\\/uploads\\\/2024\\\/09\\\/FlexCap_1.jpg\",\"contentUrl\":\"https:\\\/\\\/dogsome.dk\\\/wp-content\\\/uploads\\\/2024\\\/09\\\/FlexCap_1.jpg\",\"width\":1080,\"height\":1080,\"caption\":\"Stacked from 3 images. Method=B (R=8,S=4)\"},{\"@type\":\"BreadcrumbList\",\"@id\":\"https:\\\/\\\/dogsome.dk\\\/en\\\/vare\\\/sports-flexi-cap-kopier\\\/#breadcrumb\",\"itemListElement\":[{\"@type\":\"ListItem\",\"position\":1,\"name\":\"Hjem\",\"item\":\"https:\\\/\\\/dogsome.dk\\\/en\\\/frontpage\\\/\"},{\"@type\":\"ListItem\",\"position\":2,\"name\":\"Shop\",\"item\":\"https:\\\/\\\/dogsome.dk\\\/shop\\\/\"},{\"@type\":\"ListItem\",\"position\":3,\"name\":\"Sports Flex Cap\"}]},{\"@type\":\"WebSite\",\"@id\":\"https:\\\/\\\/dogsome.dk\\\/#website\",\"url\":\"https:\\\/\\\/dogsome.dk\\\/\",\"name\":\"dogsome.dk\",\"description\":\"\",\"potentialAction\":[{\"@type\":\"SearchAction\",\"target\":{\"@type\":\"EntryPoint\",\"urlTemplate\":\"https:\\\/\\\/dogsome.dk\\\/?s={search_term_string}\"},\"query-input\":{\"@type\":\"PropertyValueSpecification\",\"valueRequired\":true,\"valueName\":\"search_term_string\"}}],\"inLanguage\":\"en-US\"}]}<\/script>\n<!-- \/ Yoast SEO plugin. -->","yoast_head_json":{"title":"Sports Flex Cap - dogsome.dk","description":"Nice, strong flexi cap, with a wide, soft elastic band on the inside for a better fit and fit. The cap is made of delicious, strong polyester\/cotton, which makes it hard-wearing and durable.","robots":{"index":"index","follow":"follow","max-snippet":"max-snippet:-1","max-image-preview":"max-image-preview:large","max-video-preview":"max-video-preview:-1"},"canonical":"https:\/\/dogsome.dk\/en\/vare\/sports-flexi-cap-kopier\/","og_locale":"en_US","og_type":"article","og_title":"Sports Flex Cap - dogsome.dk","og_description":"Nice, strong flexi cap, with a wide, soft elastic band on the inside for a better fit and fit. The cap is made of delicious, strong polyester\/cotton, which makes it hard-wearing and durable.","og_url":"https:\/\/dogsome.dk\/en\/vare\/sports-flexi-cap-kopier\/","og_site_name":"dogsome.dk","article_modified_time":"2024-11-24T07:49:39+00:00","og_image":[{"width":1080,"height":1080,"url":"https:\/\/dogsome.dk\/wp-content\/uploads\/2024\/09\/FlexCap_1.jpg","type":"image\/jpeg"}],"twitter_card":"summary_large_image","schema":{"@context":"https:\/\/schema.org","@graph":[{"@type":"WebPage","@id":"https:\/\/dogsome.dk\/en\/vare\/sports-flexi-cap-kopier\/","url":"https:\/\/dogsome.dk\/en\/vare\/sports-flexi-cap-kopier\/","name":"Sports Flex Cap - dogsome.dk","isPartOf":{"@id":"https:\/\/dogsome.dk\/#website"},"primaryImageOfPage":{"@id":"https:\/\/dogsome.dk\/en\/vare\/sports-flexi-cap-kopier\/#primaryimage"},"image":{"@id":"https:\/\/dogsome.dk\/en\/vare\/sports-flexi-cap-kopier\/#primaryimage"},"thumbnailUrl":"https:\/\/dogsome.dk\/wp-content\/uploads\/2024\/09\/FlexCap_1.jpg","datePublished":"2024-09-11T21:17:01+00:00","dateModified":"2024-11-24T07:49:39+00:00","description":"Nice, strong flexi cap, with a wide, soft elastic band on the inside for a better fit and fit. The cap is made of delicious, strong polyester\/cotton, which makes it hard-wearing and durable.","breadcrumb":{"@id":"https:\/\/dogsome.dk\/en\/vare\/sports-flexi-cap-kopier\/#breadcrumb"},"inLanguage":"en-US","potentialAction":[{"@type":"ReadAction","target":["https:\/\/dogsome.dk\/en\/vare\/sports-flexi-cap-kopier\/"]}]},{"@type":"ImageObject","inLanguage":"en-US","@id":"https:\/\/dogsome.dk\/en\/vare\/sports-flexi-cap-kopier\/#primaryimage","url":"https:\/\/dogsome.dk\/wp-content\/uploads\/2024\/09\/FlexCap_1.jpg","contentUrl":"https:\/\/dogsome.dk\/wp-content\/uploads\/2024\/09\/FlexCap_1.jpg","width":1080,"height":1080,"caption":"Stacked from 3 images. Method=B (R=8,S=4)"},{"@type":"BreadcrumbList","@id":"https:\/\/dogsome.dk\/en\/vare\/sports-flexi-cap-kopier\/#breadcrumb","itemListElement":[{"@type":"ListItem","position":1,"name":"Hjem","item":"https:\/\/dogsome.dk\/en\/frontpage\/"},{"@type":"ListItem","position":2,"name":"Shop","item":"https:\/\/dogsome.dk\/shop\/"},{"@type":"ListItem","position":3,"name":"Sports Flex Cap"}]},{"@type":"WebSite","@id":"https:\/\/dogsome.dk\/#website","url":"https:\/\/dogsome.dk\/","name":"dogsome.dk","description":"","potentialAction":[{"@type":"SearchAction","target":{"@type":"EntryPoint","urlTemplate":"https:\/\/dogsome.dk\/?s={search_term_string}"},"query-input":{"@type":"PropertyValueSpecification","valueRequired":true,"valueName":"search_term_string"}}],"inLanguage":"en-US"}]}},"_links":{"self":[{"href":"https:\/\/dogsome.dk\/en\/wp-json\/wp\/v2\/product\/12763","targetHints":{"allow":["GET"]}}],"collection":[{"href":"https:\/\/dogsome.dk\/en\/wp-json\/wp\/v2\/product"}],"about":[{"href":"https:\/\/dogsome.dk\/en\/wp-json\/wp\/v2\/types\/product"}],"wp:featuredmedia":[{"embeddable":true,"href":"https:\/\/dogsome.dk\/en\/wp-json\/wp\/v2\/media\/12778"}],"wp:attachment":[{"href":"https:\/\/dogsome.dk\/en\/wp-json\/wp\/v2\/media?parent=12763"}],"wp:term":[{"taxonomy":"product_brand","embeddable":true,"href":"https:\/\/dogsome.dk\/en\/wp-json\/wp\/v2\/product_brand?post=12763"},{"taxonomy":"product_cat","embeddable":true,"href":"https:\/\/dogsome.dk\/en\/wp-json\/wp\/v2\/product_cat?post=12763"},{"taxonomy":"product_tag","embeddable":true,"href":"https:\/\/dogsome.dk\/en\/wp-json\/wp\/v2\/product_tag?post=12763"}],"curies":[{"name":"wp","href":"https:\/\/api.w.org\/{rel}","templated":true}]}}